{"id":9971,"date":"2023-06-20T15:05:50","date_gmt":"2023-06-20T13:05:50","guid":{"rendered":"https:\/\/www.koelnisches-stadtmuseum.de\/?page_id=9971"},"modified":"2024-10-23T18:31:12","modified_gmt":"2024-10-23T16:31:12","slug":"stadtgeschichte-im-podcast","status":"publish","type":"page","link":"https:\/\/www.koelnisches-stadtmuseum.de\/en\/entdecken\/stadtgeschichte-im-podcast\/","title":{"rendered":"Stadtgeschichte im Podcast"},"content":{"rendered":"\n<h1 class=\"wp-block-heading\">K\u00d6LN ERZ\u00c4HLEN:<br>DER PODCAST DES K\u00d6LNISCHEN STADTMUSEUMS <\/h1>\n\n\n\n<p><br>Das K\u00f6lnische Stadtmuseum gibt es jetzt auch zum H\u00f6ren! In unserem neuen Podcast K\u00d6LN ERZ\u00c4HLEN dreht sich alles um spannende Geschichten, unterhaltsame Biografien und kuriose Fakten, die das k\u00f6lsche Herz h\u00f6her schlagen lassen!<\/p>\n\n\n\n<p>Von der Antike bis heute beleuchten wir die unterschiedlichen Kapitel der K\u00f6lner Stadtgeschichte und nehmen euch mit hinter unsere Kulissen.<br><br><strong>Auf Spotify, Podigee und \u00fcberall, wo es Podcasts gibt!<\/strong><br><\/p>\n\n\n\n<hr class=\"wp-block-separator has-alpha-channel-opacity is-style-wide\"\/>\n\n\n\n<h2 class=\"wp-block-heading wp-embed-aspect-21-9 wp-has-aspect-ratio\">FOLGE #10: Im Gespr\u00e4ch mit Musiker Henning Krautmacher<\/h2>\n\n\n\n<p class=\"wp-embed-aspect-21-9 wp-has-aspect-ratio\">Unser Gast ist Henning Krautmacher, 36 Jahre lang Frontmann und Gesicht der k\u00f6lschen Kultband \u201eH\u00f6hner\u201c. Ihre bekannten Karnevalslieder wie \u201eViva Colonia\u201c, \u201eEchte Fr\u00fcnde\u201c oder \u201eDie Karawane zieht weiter\u201c haben auch \u00fcberregional f\u00fcr gute Laune gesorgt. Ende 2022 hat der beliebte Musiker mit gezwirbeltem Schn\u00e4uzer seiner Band \u201eTsch\u00f6\u201c gesagt und ist in ein aktives Privatleben eingetaucht. F\u00fcr ihn ist K\u00f6ln mehr als eine Stadt, es ist ein Gef\u00fchl.<\/p>\n\n\n<p><iframe title=\"Spotify Embed: K\u00f6lle e Jef\u00f6hl? (Musiker Henning Krautmacher)\" style=\"border-radius: 12px\" width=\"100%\" height=\"152\" frameborder=\"0\" allowfullscreen allow=\"autoplay; clipboard-write; encrypted-media; fullscreen; picture-in-picture\" loading=\"lazy\" src=\"https:\/\/open.spotify.com\/embed\/episode\/2STqKjopCBwsjjZUAimsgL?si=a7ffbdb5fd9a456c&#038;utm_source=oembed\"><\/iframe><\/p>\n\n\n\n<hr class=\"wp-block-separator has-alpha-channel-opacity is-style-wide\"\/>\n\n\n\n<h2 class=\"wp-block-heading wp-embed-aspect-21-9 wp-has-aspect-ratio\">FOLGE #9: Der Ball ist bunt: Live-Podcast mit Ex-Fu\u00dfballerin Shary Reeves<\/h2>\n\n\n\n<p class=\"wp-embed-aspect-21-9 wp-has-aspect-ratio\">In unserem ersten Live-Podcast sprechen Ex-Fu\u00dfballerin Shary Reeves und Kurator Leon Huffer \u00fcber den Fu\u00dfball in Deutschland. Mit Moderatorin Birgitt Schippers fragen sie nach: Hat Fu\u00dfball eine integrative Kraft? Welche Rolle spielt Rassismus noch heute? Was muss sich in der Fu\u00dfballwelt ver\u00e4ndern? Wie wichtig sind migrantische Fu\u00dfballvereine? Anlass f\u00fcr den Podcast war die Sonderausstellung &#8220;DER BALL IST BUNT \u2013 Blicke auf den migrantischen Fu\u00dfball in K\u00f6ln\u201c.<\/p>\n\n\n<p><iframe title=\"Spotify Embed: Der Ball ist bunt (Live-Podcast mit Ex-Profispielerin und Moderatorin Shary Reeves)\" style=\"border-radius: 12px\" width=\"100%\" height=\"152\" frameborder=\"0\" allowfullscreen allow=\"autoplay; clipboard-write; encrypted-media; fullscreen; picture-in-picture\" loading=\"lazy\" src=\"https:\/\/open.spotify.com\/embed\/episode\/3Joiwtt6a7BkjbWQJJ7oU3?si=c711a78e198949c6&#038;utm_source=oembed\"><\/iframe><\/p>\n\n\n\n<hr class=\"wp-block-separator has-alpha-channel-opacity is-style-wide\"\/>\n\n\n\n<h2 class=\"wp-block-heading\">FOLGE #8: Im Gespr\u00e4ch mit Ralf Borgatz und Arne Hoffmann vom Scala-Theater<\/h2>\n\n\n\n<p>Die Schauspieler und kreativen K\u00f6pfe des Scala Theaters Ralf Borgartz und Arne Hoffmann erz\u00e4hlen: \u00fcber die k\u00f6lsche Sprache, ihre Liebe zu K\u00f6ln und \u2013 \u00fcber Toleranz und das Leben als schwule M\u00e4nner in K\u00f6ln heute. Und das, wie gewohnt, mit viel Humor!<\/p>\n\n\n\n<figure class=\"wp-block-embed is-type-rich is-provider-spotify wp-block-embed-spotify wp-embed-aspect-21-9 wp-has-aspect-ratio\"><div class=\"wp-block-embed__wrapper\">\n<iframe title=\"Spotify Embed: K\u00f6lle e Jef\u00f6hl? (Ralf Borgartz und Arne Hoffmann vom Scala Theater)\" style=\"border-radius: 12px\" width=\"100%\" height=\"152\" frameborder=\"0\" allowfullscreen allow=\"autoplay; clipboard-write; encrypted-media; fullscreen; picture-in-picture\" loading=\"lazy\" src=\"https:\/\/open.spotify.com\/embed\/episode\/0kcECKOpPIYaLahE6CsB7R?si=2240e64d672e4ec9&#038;utm_source=oembed\"><\/iframe>\n<\/div><\/figure>\n\n\n\n<hr class=\"wp-block-separator has-alpha-channel-opacity is-style-wide\"\/>\n\n\n\n<h2 class=\"wp-block-heading\">FOLGE #7: Im Gespr\u00e4ch mit OB Henriette Reker<\/h2>\n\n\n\n<p>Wie blickt Oberb\u00fcrgermeisterin Henriette Reker auf die Geschichte ihrer Stadt? Welche Antworten gibt sie auf Fragen wie \u201eWas lieben wir?\u201c oder \u201eWas macht uns Angst?\u201c, die im Mittelpunkt unserer Ausstellung stehen? Und: Wenn sie eine Zeitmaschine h\u00e4tte, welche Epoche w\u00fcrde sie gerne besuchen? In unserer neuen Podcast-Folge gibt die Oberb\u00fcrgermeisterin viele pers\u00f6nliche Einblicke!<\/p>\n\n\n\n<figure class=\"wp-block-embed is-type-rich is-provider-spotify wp-block-embed-spotify wp-embed-aspect-21-9 wp-has-aspect-ratio\"><div class=\"wp-block-embed__wrapper\">\n<iframe title=\"Spotify Embed: K\u00f6lle e Jef\u00f6hl? (Oberb\u00fcgermeisterin Henriette Reker)\" style=\"border-radius: 12px\" width=\"100%\" height=\"152\" frameborder=\"0\" allowfullscreen allow=\"autoplay; clipboard-write; encrypted-media; fullscreen; picture-in-picture\" loading=\"lazy\" src=\"https:\/\/open.spotify.com\/embed\/episode\/7aGSlRr7VuRhVxwudugLUi?si=eb4435edd01a46f1&#038;utm_source=oembed\"><\/iframe>\n<\/div><\/figure>\n\n\n\n<hr class=\"wp-block-separator has-alpha-channel-opacity is-style-wide\"\/>\n\n\n\n<h2 class=\"wp-block-heading\">FOLGE #6: Im Gespr\u00e4ch mit dem Direktor<\/h2>\n\n\n\n<p>Seit dem 1. Januar dieses Jahres leitet Dr. Matthias Hamann offiziell das K\u00f6lnische Stadtmuseum. Voller Spannung blickt er mit seinem engagierten Team auf die Er\u00f6ffnung der neuen Dauerausstellung Ende M\u00e4rz, in der es um Gef\u00fchle geht. Seit 2007 arbeitet der geb\u00fcrtige Franke in K\u00f6ln und hat viel \u00fcber die k\u00f6lschen Eigenheiten gelernt. Im Podcast mit Birgitt Schippers spricht er \u00fcber sein Verh\u00e4ltnis zu K\u00f6ln und seine Pl\u00e4ne, das K\u00f6lnische Stadtmuseum zu einem Erlebnisort zu machen.<\/p>\n\n\n\n<figure class=\"wp-block-embed is-type-rich is-provider-spotify wp-block-embed-spotify wp-embed-aspect-21-9 wp-has-aspect-ratio\"><div class=\"wp-block-embed__wrapper\">\n<iframe title=\"Spotify Embed: K\u00f6lle e Jef\u00f6hl? (Museumsdirektor Dr. Matthias Hamann)\" style=\"border-radius: 12px\" width=\"100%\" height=\"152\" frameborder=\"0\" allowfullscreen allow=\"autoplay; clipboard-write; encrypted-media; fullscreen; picture-in-picture\" loading=\"lazy\" src=\"https:\/\/open.spotify.com\/embed\/episode\/0viYvQdW12o0T2sA7aGOGY?si=0dfb2e98ab9a4158&#038;utm_source=oembed\"><\/iframe>\n<\/div><\/figure>\n\n\n\n<hr class=\"wp-block-separator has-alpha-channel-opacity is-style-wide\"\/>\n\n\n\n<h2 class=\"wp-block-heading\">FOLGE #5: Unsere Weihnachtsfolge<\/h2>\n\n\n\n<p>In der Adventszeit bezaubert der traditionelle Krippenweg mit \u00fcber 100 Krippen die K\u00f6lner Innenstadt. Brauchtumsexpertin Johanna Cremer vom K\u00f6lnischen Stadtmuseum spricht mit Birgitt Schippers \u00fcber eine ganz besondere Krippe \u2013 eine sch\u00f6ne Einstimmung auf die Feiertage!<\/p>\n\n\n\n<figure class=\"wp-block-embed is-type-rich is-provider-spotify wp-block-embed-spotify wp-embed-aspect-21-9 wp-has-aspect-ratio\"><div class=\"wp-block-embed__wrapper\">\n<iframe title=\"Spotify Embed: Unsere Weihnachtsfolge (Brauchtumsexpertin Johanna Cremer)\" style=\"border-radius: 12px\" width=\"100%\" height=\"152\" frameborder=\"0\" allowfullscreen allow=\"autoplay; clipboard-write; encrypted-media; fullscreen; picture-in-picture\" loading=\"lazy\" src=\"https:\/\/open.spotify.com\/embed\/episode\/6t7v1zYvufGrV9v7ukWcAy?si=6cb60f0af43347de&#038;utm_source=oembed\"><\/iframe>\n<\/div><\/figure>\n\n\n\n<hr class=\"wp-block-separator has-alpha-channel-opacity is-style-wide\"\/>\n\n\n\n<h2 class=\"wp-block-heading\">FOLGE #4: K\u00f6lle e Jef\u00f6hl?<\/h2>\n\n\n\n<p>Ist es wahr, dass \u201eK\u00f6lle e Jef\u00f6hl\u201c ist? F\u00fcr den Kabarettisten, Musiker und Autor <strong>Konrad Beikircher<\/strong> ist das keine Frage, aber er hat so seine Anmerkungen. Seit \u00fcber 50 Jahren setzt sich der <strong>\u201eImi\u201c aus S\u00fcdtirol <\/strong>augenzwinkernd, kritisch und liebevoll mit der <strong>k\u00f6lschen Lebensart<\/strong> <strong>und Geschichte<\/strong> auseinander. Welche Gef\u00fchle er mit K\u00f6ln und seiner wechselvollen Geschichte verbindet, erz\u00e4hlt er im Podcast mit Birgitt Schippers.<\/p>\n\n\n\n<figure class=\"wp-block-embed is-type-rich is-provider-spotify wp-block-embed-spotify wp-embed-aspect-21-9 wp-has-aspect-ratio\"><div class=\"wp-block-embed__wrapper\">\n<iframe title=\"Spotify Embed: K\u00f6lle e Jef\u00f6hl? (Kabarettist Konrad Beikircher)\" style=\"border-radius: 12px\" width=\"100%\" height=\"152\" frameborder=\"0\" allowfullscreen allow=\"autoplay; clipboard-write; encrypted-media; fullscreen; picture-in-picture\" loading=\"lazy\" src=\"https:\/\/open.spotify.com\/embed\/episode\/6ZhQ5jQfKHifJNRt1YWBpi?si=1a33ce8c94c34665&#038;utm_source=oembed\"><\/iframe>\n<\/div><\/figure>\n\n\n\n<hr class=\"wp-block-separator has-alpha-channel-opacity is-style-wide\"\/>\n\n\n\n<h2 class=\"wp-block-heading\">FOLGE #3: 200 Jahre K\u00f6lner Karneval<\/h2>\n\n\n\n<div class=\"wp-block-columns is-layout-flex wp-container-core-columns-is-layout-28f84493 wp-block-columns-is-layout-flex\">\n<div class=\"wp-block-column is-layout-flow wp-block-column-is-layout-flow\">\n<p>Und wenn et Tr\u00f6mmelche jeit, dann stonn mer all parat \u2026 Vor 200 Jahren standen zum ersten Mal karnevalsbegeisterte K\u00f6lner*innen in bunten Kost\u00fcmen rund um den Neumarkt und erlebten den ersten Rosenmontagszug in K\u00f6ln \u2013 organisiert vom frisch gegr\u00fcndeten \u201eFestordnenden Comit\u00e9\u201c.<\/p>\n\n\n\n<p>\u00dcber diesen <strong>historischen Neustart und seine Bedeutung<\/strong> f\u00fcr heute erz\u00e4hlen die <strong>Kuratorin Johanna Cremer<\/strong> und der <strong>Pr\u00e4sident des Festkomitee K\u00f6lner Karneval Christoph Kuckelkorn<\/strong> im Podcast mit Birgitt Schippers.<br><br><\/p>\n\n\n\n<p>Mit Musik von De Kallendresser!<\/p>\n<\/div>\n<\/div>\n\n\n\n<figure class=\"wp-block-embed is-type-rich is-provider-spotify wp-block-embed-spotify wp-embed-aspect-21-9 wp-has-aspect-ratio\"><div class=\"wp-block-embed__wrapper\">\n<iframe title=\"Spotify Embed: 200 Jahre K\u00f6lner Karneval (Johanna Cremer und Christoph Kuckelkorn)\" style=\"border-radius: 12px\" width=\"100%\" height=\"152\" frameborder=\"0\" allowfullscreen allow=\"autoplay; clipboard-write; encrypted-media; fullscreen; picture-in-picture\" loading=\"lazy\" src=\"https:\/\/open.spotify.com\/embed\/episode\/49XXinzP9GiwP0aY0g9FYO?si=a91fd27ae80b419e&#038;utm_source=oembed\"><\/iframe>\n<\/div><\/figure>\n\n\n\n<hr class=\"wp-block-separator has-alpha-channel-opacity is-style-wide\"\/>\n\n\n\n<h2 class=\"wp-block-heading\">FOLGE #2: Die Geheimnisse der Stadtschl\u00fcssel<\/h2>\n\n\n\n<div class=\"wp-block-columns is-layout-flex wp-container-core-columns-is-layout-28f84493 wp-block-columns-is-layout-flex\">\n<div class=\"wp-block-column is-layout-flow wp-block-column-is-layout-flow\">\n<p>K\u00f6ln war im Mittelalter eine m\u00e4chtige Stadt. Gesch\u00fctzt wurde sie von einem imposanten Mauerring mit unz\u00e4hligen Stadttoren. Um die Stadtschl\u00fcssel zu diesen Torburgen ranken sich <strong>bedeutende historische Ereignisse und Legenden <\/strong>bis heute.<\/p>\n\n\n\n<p>In unserem aktuellen Podcast-Gespr\u00e4ch mit <strong>Dr. Mario Kramp<\/strong> und Birgitt Schippers tauchen wir ein in turbulente Zeiten.<\/p>\n<\/div>\n<\/div>\n\n\n\n<div class=\"wp-block-columns is-layout-flex wp-container-core-columns-is-layout-28f84493 wp-block-columns-is-layout-flex\">\n<div class=\"wp-block-column is-layout-flow wp-block-column-is-layout-flow\"><\/div>\n<\/div>\n\n\n\n<figure class=\"wp-block-embed is-type-rich is-provider-spotify wp-block-embed-spotify wp-embed-aspect-21-9 wp-has-aspect-ratio\"><div class=\"wp-block-embed__wrapper\">\n<iframe title=\"Spotify Embed: Die K\u00f6lner Stadtschl\u00fcssel und ihre Geheimnisse (Historiker Dr. Mario Kramp)\" style=\"border-radius: 12px\" width=\"100%\" height=\"152\" frameborder=\"0\" allowfullscreen allow=\"autoplay; clipboard-write; encrypted-media; fullscreen; picture-in-picture\" loading=\"lazy\" src=\"https:\/\/open.spotify.com\/embed\/episode\/5nlrc3CXSKBGwUL5X2hDmu?si=35f3d207829b4664&#038;utm_source=oembed\"><\/iframe>\n<\/div><\/figure>\n\n\n\n<hr class=\"wp-block-separator has-alpha-channel-opacity is-style-wide\"\/>\n\n\n\n<h2 class=\"wp-block-heading\">FOLGE #1: 1848! Revolution in K\u00f6ln<\/h2>\n\n\n\n<p>K\u00f6nnen die K\u00f6lschen Revolution? Ja, sie k\u00f6nnen \u2013 auf k\u00f6lsche Art. 1848 gingen sie auf die Barrikaden und k\u00e4mpften um mehr Freiheitsrechte und Demokratie. In unserem Podcast-Gespr\u00e4ch mit <strong>Dr. Mario Kramp<\/strong> und <strong>Birgitt Schippers<\/strong> lassen wir diese Zeit lebendig werden.<\/p>\n\n\n\n<figure class=\"wp-block-embed is-type-rich is-provider-spotify wp-block-embed-spotify wp-embed-aspect-21-9 wp-has-aspect-ratio\"><div class=\"wp-block-embed__wrapper\">\n<iframe title=\"Spotify Embed: Revolution 1848 - K\u00f6ln auf den Barrikaden (Dr. Mario Kramp)\" style=\"border-radius: 12px\" width=\"100%\" height=\"152\" frameborder=\"0\" allowfullscreen allow=\"autoplay; clipboard-write; encrypted-media; fullscreen; picture-in-picture\" loading=\"lazy\" src=\"https:\/\/open.spotify.com\/embed\/episode\/2XkL2cGQEiU8A2RsJCW2Rs?si=f25f1a44044c4c61&#038;utm_source=oembed\"><\/iframe>\n<\/div><\/figure>\n","protected":false},"excerpt":{"rendered":"<p>Das K\u00f6lnische Stadtmuseum gibt es jetzt auch zum H\u00f6ren!<\/p>\n","protected":false},"author":7,"featured_media":9999,"parent":6193,"menu_order":0,"comment_status":"closed","ping_status":"closed","template":"","meta":{"_acf_changed":false,"footnotes":""},"class_list":["post-9971","page","type-page","status-publish","has-post-thumbnail","hentry","wpbf-post"],"acf":[],"_links":{"self":[{"href":"https:\/\/www.koelnisches-stadtmuseum.de\/en\/wp-json\/wp\/v2\/pages\/9971","targetHints":{"allow":["GET"]}}],"collection":[{"href":"https:\/\/www.koelnisches-stadtmuseum.de\/en\/wp-json\/wp\/v2\/pages"}],"about":[{"href":"https:\/\/www.koelnisches-stadtmuseum.de\/en\/wp-json\/wp\/v2\/types\/page"}],"author":[{"embeddable":true,"href":"https:\/\/www.koelnisches-stadtmuseum.de\/en\/wp-json\/wp\/v2\/users\/7"}],"replies":[{"embeddable":true,"href":"https:\/\/www.koelnisches-stadtmuseum.de\/en\/wp-json\/wp\/v2\/comments?post=9971"}],"version-history":[{"count":41,"href":"https:\/\/www.koelnisches-stadtmuseum.de\/en\/wp-json\/wp\/v2\/pages\/9971\/revisions"}],"predecessor-version":[{"id":15288,"href":"https:\/\/www.koelnisches-stadtmuseum.de\/en\/wp-json\/wp\/v2\/pages\/9971\/revisions\/15288"}],"up":[{"embeddable":true,"href":"https:\/\/www.koelnisches-stadtmuseum.de\/en\/wp-json\/wp\/v2\/pages\/6193"}],"wp:featuredmedia":[{"embeddable":true,"href":"https:\/\/www.koelnisches-stadtmuseum.de\/en\/wp-json\/wp\/v2\/media\/9999"}],"wp:attachment":[{"href":"https:\/\/www.koelnisches-stadtmuseum.de\/en\/wp-json\/wp\/v2\/media?parent=9971"}],"curies":[{"name":"wp","href":"https:\/\/api.w.org\/{rel}","templated":true}]}}