{"id":906,"date":"2022-01-04T15:19:28","date_gmt":"2022-01-04T14:19:28","guid":{"rendered":"https:\/\/stadtmuseum.result.de\/?page_id=906"},"modified":"2024-05-17T16:35:31","modified_gmt":"2024-05-17T14:35:31","slug":"newsletter","status":"publish","type":"page","link":"https:\/\/www.koelnisches-stadtmuseum.de\/en\/newsletter\/","title":{"rendered":"Newsletter"},"content":{"rendered":"\n<h2 class=\"wp-block-heading has-text-align-center\">Newsletter des K\u00f6lnischen Stadtmuseums<\/h2>\n\n\n\n<p class=\"has-text-align-center\">Melden Sie sich zu unserem Newsletter an und erhalten Sie regelm\u00e4\u00dfig alle Neuigkeiten, Veranstaltungshinweise<br>und interessante Informationen rund um das K\u00f6lnische Stadtmuseum und seine Ausstellungen.<br><\/p>\n\n\n\n<div class=\"ksm-newsletter\">\n<div class=\"col-xs-16 col-sm-16 col-md-16 col-lg-16    \">\n \n<script>        \n    $(document).ready(function () {\n        $('.fadr').hide();\n\n        $('#checkTyp39, #checkTyp40').click(function () {\n            if ($('#checkTyp39').prop(\"checked\") == true || $('#checkTyp40').prop(\"checked\") == true ) {\n                $('.fadr').show();\n            } else {\n                $('.fadr').hide();\n            }\n        });\n\n    });\n\n    function checkFormNews_bld() {\n        var vReturn = true;\n        var msg = '';\n        if (document.getElementById('ds3').checked == false) {\n            msg += \"- Bitte Datenschutzerkl\u00e4rung lesen und Haken aktivieren\\n\";\n            vReturn = false;\n        }\n \n\n        if (document.getElementById('epost3').value == '') {\n            msg += \"- Bitte eine Email angeben!\\n\";\n            vReturn = false;\n        };\n        if (document.getElementById('epost3').value.indexOf(\"@\") < 1 ||\n            document.getElementById('epost3').value.indexOf(\".\") < 1 ||\n            document.getElementById('epost3').value.trim().indexOf(\" \") > 0) {\n            msg += \"- Die E-Mail-Adresse ist nicht korrekt.\\n\";\n            vReturn = false;\n        }\n        if (vReturn == false) {\n            alert(msg);\n        }\n        return vReturn;\n    }\n<\/script>\n\n\n<div class=\"newsletter\">\n\n    <form name=\"formAktuell\" method=\"post\" target=\"_blank\" action=\"https:\/\/newsletter.museenkoeln.de\/ksm_news\/anmeldung2.aspx\" onsubmit=\"return checkFormNews_bld();\">\n\n        <div class=\"form-group\">\n\n            <div class=\"col-xs-16 col-sm-16 col-md-16 col-lg-16\">\n                \n                        <label><input  type=\"hidden\"   name=\"checkGruppe\"  value=\"37\" \/> Ich m\u00f6chte k\u00fcnftig den Newsletter des K\u00f6lnischen Stadtmuseums per E-Mail erhalten.<\/label><br>\n                    \n                        <!-- <label><input type=\"checkbox\" id=\"checkTyp39\" value=\"39\" name=\"checkGruppe\"> Ich m\u00f6chte k\u00fcnftig per Post zu den Ausstellunger\u00f6ffnungen des K\u00f6lnischen Stadtmuseums eingeladen werden.<\/label><br> \n                    \n                        <label><input type=\"checkbox\" id=\"checkTyp40\" value=\"40\" name=\"checkGruppe\"> Ich m\u00f6chte k\u00fcnftig per Post mit Informationen zu den Angeboten des K\u00f6lnischen Stadtmuseums versorgt werden.<\/label><br> -->\n                    \n                <div style=\"height: 30px;\"><\/div>\n            <\/div>\n\n\n            <div class=\"col-md-16\">\n                <div class=\"input-group\">\n                    <div class=\"input-group-addon\"><i class=\"fa fa-envelope-o\"><\/i><\/div>\n                    <input type=\"text\" class=\"form-control\" name=\"epost\" id=\"epost3\" placeholder=\"Email-Adresse\">\n\n                <\/div>\n            <\/div>\n\n\n            <div class=\"row \">\n                <div class=\"col-xs-16 col-sm-16 col-md-16 col-lg-16\">\n                    <div class=\"form-group fadr\" style=\"display: none;\">\n\n                        <div class=\"col-xs-5 col-sm-5 col-md-5 col-lg-5\">Anrede<\/div>\n                        <div class=\"col-xs-11 col-sm-11 col-md-11 col-lg-11\">\n                            <select name=\"anrede\" id=\"Anrede\" class=\"form-control\">\n                                <option value=\"\"><\/option>\n                                <option value=\"Frau\">Frau<\/option>\n                                <option value=\"Herr\">Herr<\/option>\n                            <\/select>\n                        <\/div>\n\n                    <\/div>\n                    <div class=\"clearfix\"><\/div>\n                    <div style=\"height: 10px;\"><\/div>\n\n                    <div class=\"form-group fadr\" style=\"display: none;\">\n                        <div class=\"col-xs-5 col-sm-5 col-md-5 col-lg-5 \">Vorname<\/div>\n                        <div class=\"col-xs-11 col-sm-11 col-md-11 col-lg-11\">\n                            <input type=\"text\" class=\"form-control\" name=\"vorname\" id=\"Vorname\">\n                        <\/div>\n                    <\/div>\n\n                     <div class=\"clearfix\"><\/div>\n                    <div style=\"height: 10px; display: none;\" class=\" fadr\"><\/div>\n\n                    <div class=\"form-group fadr\" style=\"display: none;\">\n                        <div class=\"col-xs-5 col-sm-5 col-md-5 col-lg-5 \">Nachname<\/div>\n                        <div class=\"col-xs-11 col-sm-11 col-md-11 col-lg-11\">\n                            <input type=\"text\" class=\"form-control\" name=\"nachname\" id=\"Nachname\">\n                        <\/div>\n                    <\/div>\n                     <div class=\"clearfix\"><\/div>\n                    <div style=\"height: 10px; display: none;\" class=\" fadr\"><\/div>\n                    <div class=\"form-group fadr\" style=\"display: none;\">\n                        <div class=\"col-xs-5 col-sm-5 col-md-5 col-lg-5 \">Stra\u00dfe<\/div>\n                        <div class=\"col-xs-11 col-sm-11 col-md-11 col-lg-11\">\n                            <input type=\"text\" class=\"form-control\" name=\"strasse\" id=\"Strasse\">\n                        <\/div>\n                    <\/div>\n                    <div class=\"clearfix\"><\/div>\n                    <div style=\"height: 10px; display: none;\" class=\" fadr\"><\/div>\n\n                    <div class=\"form-group fadr\" style=\"display: none;\">\n                        <div class=\"col-xs-5 col-sm-5 col-md-5 col-lg-5 \">Plz \/ Ort<\/div>\n                        <div class=\"col-xs-3 col-sm-3 col-md-3 col-lg-3\">\n                            <input type=\"text\" class=\"form-control\" name=\"plz\" id=\"Plz\">\n                        <\/div>\n                    \n                        <div class=\"col-xs-8 col-sm-8 col-md-8 col-lg-8\">\n                            <input type=\"text\" class=\"form-control\" name=\"ort\" id=\"Ort\">\n                        <\/div>\n                    <\/div>\n\n                <\/div>\n                      <div class=\"clearfix\"><\/div>\n                  <div style=\"height: 30px;\"><\/div>\n\n            <\/div>\n\n            <div class=\"col-xs-16 col-sm-16 col-md-16 col-lg-16\">\n                <label>\n                    <input type=\"checkbox\" id=\"ds3\"><\/label>\n                Ich habe die <a href=\"https:\/\/www.koelnisches-stadtmuseum.de\/datenschutz\/\" target=\"_blank\" rel=\"noopener\">Datenschutzerkl\u00e4rung<\/a> gelesen und erkl\u00e4re mich mit der Verarbeitung meiner personenbezogenen Daten zum Zweck der Zusendung von Informationen einverstanden. Diese Einwilligung kann ich jederzeit widerrufen.\n                    <div style=\"height: 20px;\"><\/div>\n            <\/div>\n\n\n            <div class=\"col-xs-1 col-sm-1 col-md-1 col-lg-1\"><\/div>\n\n\n            <div class=\"col-xs-6 col-sm-4 col-md-4 col-lg-3\">\n                <label class=\"radio \">\n                    <input type=\"radio\" name=\"rd_subscribe\" checked=\"\" value=\"1\">\n                    Abonnieren \n                <\/label>\n            <\/div>\n\n            <div class=\"col-xs-6 col-sm-4 col-md-4 col-lg-3\">\n                <label class=\"radio  \">\n                    <input type=\"radio\" name=\"rd_subscribe\" value=\"2\">\n                    Abbestellen \n                <\/label>\n            <\/div>\n\n\n            <div class=\"col-xs-6 col-sm-4 col-md-4 col-lg-3\">\n                <input type=\"submit\" class=\"btn btn-default   \" value=\"Abschicken \">\n            <\/div>\n\n        <\/div>\n\n        <div class=\"clear\"><\/div>\n\n        <div class=\"text-right\">\n        <\/div>\n        <span id=\"ikik\"><\/span>\n\n    <\/form>\n    <div style=\"display: none; width: 0px; height: 0px; overflow: hidden;\">\n        <iframe name=\"anmeldungAktuell\"><\/iframe>\n    <\/div>\n<\/div>\n<\/div>\n<\/div>\n","protected":false},"excerpt":{"rendered":"<p>Melden Sie sich zu unserem Newsletter an und erhalten Sie regelm\u00e4\u00dfig alle Neuigkeiten, Veranstaltungshinweise und interessante Informationen rund um das K\u00f6lnische Stadtmuseum und seine Ausstellungen.<\/p>\n","protected":false},"author":7,"featured_media":0,"parent":0,"menu_order":740,"comment_status":"closed","ping_status":"closed","template":"","meta":{"_acf_changed":false,"footnotes":""},"class_list":["post-906","page","type-page","status-publish","hentry","wpbf-post"],"acf":[],"_links":{"self":[{"href":"https:\/\/www.koelnisches-stadtmuseum.de\/en\/wp-json\/wp\/v2\/pages\/906","targetHints":{"allow":["GET"]}}],"collection":[{"href":"https:\/\/www.koelnisches-stadtmuseum.de\/en\/wp-json\/wp\/v2\/pages"}],"about":[{"href":"https:\/\/www.koelnisches-stadtmuseum.de\/en\/wp-json\/wp\/v2\/types\/page"}],"author":[{"embeddable":true,"href":"https:\/\/www.koelnisches-stadtmuseum.de\/en\/wp-json\/wp\/v2\/users\/7"}],"replies":[{"embeddable":true,"href":"https:\/\/www.koelnisches-stadtmuseum.de\/en\/wp-json\/wp\/v2\/comments?post=906"}],"version-history":[{"count":23,"href":"https:\/\/www.koelnisches-stadtmuseum.de\/en\/wp-json\/wp\/v2\/pages\/906\/revisions"}],"predecessor-version":[{"id":14214,"href":"https:\/\/www.koelnisches-stadtmuseum.de\/en\/wp-json\/wp\/v2\/pages\/906\/revisions\/14214"}],"wp:attachment":[{"href":"https:\/\/www.koelnisches-stadtmuseum.de\/en\/wp-json\/wp\/v2\/media?parent=906"}],"curies":[{"name":"wp","href":"https:\/\/api.w.org\/{rel}","templated":true}]}}