{"id":8296,"date":"2023-02-24T11:40:48","date_gmt":"2023-02-24T10:40:48","guid":{"rendered":"https:\/\/www.koelnisches-stadtmuseum.de\/?page_id=8296"},"modified":"2024-03-12T23:58:24","modified_gmt":"2024-03-12T22:58:24","slug":"neues-stadtmuseum-virtuell","status":"publish","type":"page","link":"https:\/\/www.koelnisches-stadtmuseum.de\/en\/ausstellung\/neues-stadtmuseum-virtuell\/","title":{"rendered":"Neues Stadtmuseum virtuell"},"content":{"rendered":"\n<div class=\"wp-block-columns is-layout-flex wp-container-core-columns-is-layout-28f84493 wp-block-columns-is-layout-flex\">\n<div class=\"wp-block-column is-layout-flow wp-block-column-is-layout-flow\">\n<h2 class=\"wp-block-heading\"><br>VR-Tour durch das neue Museum <br><\/h2>\n<\/div>\n\n\n\n<div class=\"wp-block-column is-layout-flow wp-block-column-is-layout-flow\"><\/div>\n<\/div>\n\n\n\n<div class=\"wp-block-columns is-layout-flex wp-container-core-columns-is-layout-28f84493 wp-block-columns-is-layout-flex\">\n<div class=\"wp-block-column is-layout-flow wp-block-column-is-layout-flow\">\n<p><strong>17. M\u00e4rz bis 29. April 2023<\/strong><br><strong>Do. bis Sa., 17 bis 18 Uhr<\/strong><\/p>\n\n\n\n<p><br>Unser neuer Museumsstandort wird zwar erst im Herbst diesen Jahres er\u00f6ffnet, <strong>virtuell <\/strong>k\u00f6nnen Sie sich aber jetzt schon in den R\u00e4umen der zuk\u00fcnftigen Dauerausstellung umschauen! <\/p>\n\n\n\n<p>VR-Brillen der neuen Generation <strong>mit extrem hoher Bildaufl\u00f6sung<\/strong> und <strong>kabelloser Full-VR-Technik<\/strong> katapultieren Sie mitten hinein in die  zuk\u00fcnftigen Ausstellungsr\u00e4ume. <br><br>Sie k\u00f6nnen an Vitrinen und Inszenierungen entlanggehen, gemeinsam mit zuk\u00fcnftigen Besucher*innen Exponate betrachten und sogar einige der vielen digitalen Vermittlungsangebote ausprobieren. <br><br>Kommen Sie vorbei! Die VR-Brillen k\u00f6nnen Sie <strong>ab dem 17. M\u00e4rz immer donnerstags bis samstags, von 17 bis 18 Uhr<\/strong>, in unserer Pop-up-Bar <a rel=\"noreferrer noopener\" href=\"https:\/\/www.koelnisches-stadtmuseum.de\/en\/besuchen\/pop-up-bar-rikade\/\" target=\"_blank\">BAR\/RIKADE<\/a> auf der R\u00fcckseite des neuen Museumsstandorts ausleihen. <br>Die Anmeldung erfolgt am Tag selber direkt vor Ort bei unserem Infoteam.<br><\/p>\n\n\n\n<div class=\"wp-block-buttons is-layout-flex wp-block-buttons-is-layout-flex\">\n<div class=\"wp-block-button is-style-ksm-button\"><a class=\"wp-block-button__link wp-element-button\" href=\"https:\/\/www.koelnisches-stadtmuseum.de\/ausstellung\/dauerausstellung\/\" target=\"_blank\" rel=\"noreferrer noopener\">Alle Infos zur neuen Dauerausstellung<\/a><\/div>\n<\/div>\n<\/div>\n\n\n\n<div class=\"wp-block-column is-layout-flow wp-block-column-is-layout-flow\">\n<figure class=\"wp-block-image size-large\"><img decoding=\"async\" width=\"1024\" height=\"1024\" src=\"https:\/\/www.koelnisches-stadtmuseum.de\/wp-content\/uploads\/2023\/03\/KSM_VR_Insta_1080x1080_02-1024x1024.jpg\" alt=\"Grafik: Entdecke heute das neue Stadtmuseum von morgen. Unsere VR-Tour w\u00e4hrend der Pop-Up-Bar.\" class=\"wp-image-8623\" srcset=\"https:\/\/www.koelnisches-stadtmuseum.de\/wp-content\/uploads\/2023\/03\/KSM_VR_Insta_1080x1080_02-1024x1024.jpg 1024w, https:\/\/www.koelnisches-stadtmuseum.de\/wp-content\/uploads\/2023\/03\/KSM_VR_Insta_1080x1080_02-300x300.jpg 300w, https:\/\/www.koelnisches-stadtmuseum.de\/wp-content\/uploads\/2023\/03\/KSM_VR_Insta_1080x1080_02-150x150.jpg 150w, https:\/\/www.koelnisches-stadtmuseum.de\/wp-content\/uploads\/2023\/03\/KSM_VR_Insta_1080x1080_02-768x768.jpg 768w, https:\/\/www.koelnisches-stadtmuseum.de\/wp-content\/uploads\/2023\/03\/KSM_VR_Insta_1080x1080_02-325x325.jpg 325w, https:\/\/www.koelnisches-stadtmuseum.de\/wp-content\/uploads\/2023\/03\/KSM_VR_Insta_1080x1080_02-620x620.jpg 620w, https:\/\/www.koelnisches-stadtmuseum.de\/wp-content\/uploads\/2023\/03\/KSM_VR_Insta_1080x1080_02-600x600.jpg 600w, https:\/\/www.koelnisches-stadtmuseum.de\/wp-content\/uploads\/2023\/03\/KSM_VR_Insta_1080x1080_02-120x120.jpg 120w, https:\/\/www.koelnisches-stadtmuseum.de\/wp-content\/uploads\/2023\/03\/KSM_VR_Insta_1080x1080_02.jpg 1080w\" sizes=\"(max-width: 1024px) 100vw, 1024px\" \/><\/figure>\n<\/div>\n<\/div>\n\n\n\n<hr class=\"wp-block-separator has-alpha-channel-opacity is-style-wide\"\/>\n\n\n\n<p class=\"has-text-align-left\">Am 17. M\u00e4rz und am 21. April ist Kurator Stefan Lewejohann vor Ort. Er begleitet Sie bei Ihrem virtuellen Rundgang mit vielen spannenden Hintergrundinformationen!<\/p>\n\n\n\n<p class=\"has-text-align-left\">Umgesetzt wurde die VR-Technik von der K\u00f6lner Firma HHVision, finanziert wurde das Projekt vom F\u00f6rderverein \u201eFreunde des K\u00f6lnischen Stadtmuseums e.V.\u201c<\/p>\n\n\n\n<hr class=\"wp-block-separator has-alpha-channel-opacity is-style-wide\"\/>\n\n\n\n<p class=\"has-text-align-center\"><strong>Dies erwartet Sie &#8211; aber in Full-VR!<\/strong><\/p>\n\n\n\n<figure class=\"wp-block-gallery has-nested-images columns-default is-cropped wp-block-gallery-1 is-layout-flex wp-block-gallery-is-layout-flex\">\n<figure class=\"wp-block-image size-large\"><img decoding=\"async\" width=\"1024\" height=\"749\" data-id=\"8433\" src=\"https:\/\/www.koelnisches-stadtmuseum.de\/wp-content\/uploads\/2023\/02\/2_virtueller-Rundgang-1024x749.jpg\" alt=\"Virtueller Einblick in zuk\u00fcnftige Ausstellung des neugestalteten Stadtmuseums.\" class=\"wp-image-8433\" srcset=\"https:\/\/www.koelnisches-stadtmuseum.de\/wp-content\/uploads\/2023\/02\/2_virtueller-Rundgang-1024x749.jpg 1024w, https:\/\/www.koelnisches-stadtmuseum.de\/wp-content\/uploads\/2023\/02\/2_virtueller-Rundgang-300x220.jpg 300w, https:\/\/www.koelnisches-stadtmuseum.de\/wp-content\/uploads\/2023\/02\/2_virtueller-Rundgang-768x562.jpg 768w, https:\/\/www.koelnisches-stadtmuseum.de\/wp-content\/uploads\/2023\/02\/2_virtueller-Rundgang-444x325.jpg 444w, https:\/\/www.koelnisches-stadtmuseum.de\/wp-content\/uploads\/2023\/02\/2_virtueller-Rundgang-620x454.jpg 620w, https:\/\/www.koelnisches-stadtmuseum.de\/wp-content\/uploads\/2023\/02\/2_virtueller-Rundgang-600x439.jpg 600w, https:\/\/www.koelnisches-stadtmuseum.de\/wp-content\/uploads\/2023\/02\/2_virtueller-Rundgang.jpg 1200w\" sizes=\"(max-width: 1024px) 100vw, 1024px\" \/><\/figure>\n\n\n\n<figure class=\"wp-block-image size-large\"><img decoding=\"async\" width=\"1024\" height=\"749\" data-id=\"8436\" src=\"https:\/\/www.koelnisches-stadtmuseum.de\/wp-content\/uploads\/2023\/02\/3_virtueller-Rundgang-1024x749.jpg\" alt=\"Virtueller Einblick in zuk\u00fcnftige Ausstellung des neugestalteten Stadtmuseums.\" class=\"wp-image-8436\" srcset=\"https:\/\/www.koelnisches-stadtmuseum.de\/wp-content\/uploads\/2023\/02\/3_virtueller-Rundgang-1024x749.jpg 1024w, https:\/\/www.koelnisches-stadtmuseum.de\/wp-content\/uploads\/2023\/02\/3_virtueller-Rundgang-300x220.jpg 300w, https:\/\/www.koelnisches-stadtmuseum.de\/wp-content\/uploads\/2023\/02\/3_virtueller-Rundgang-768x562.jpg 768w, https:\/\/www.koelnisches-stadtmuseum.de\/wp-content\/uploads\/2023\/02\/3_virtueller-Rundgang-444x325.jpg 444w, https:\/\/www.koelnisches-stadtmuseum.de\/wp-content\/uploads\/2023\/02\/3_virtueller-Rundgang-620x454.jpg 620w, https:\/\/www.koelnisches-stadtmuseum.de\/wp-content\/uploads\/2023\/02\/3_virtueller-Rundgang-600x439.jpg 600w, https:\/\/www.koelnisches-stadtmuseum.de\/wp-content\/uploads\/2023\/02\/3_virtueller-Rundgang.jpg 1200w\" sizes=\"(max-width: 1024px) 100vw, 1024px\" \/><\/figure>\n\n\n\n<figure class=\"wp-block-image size-large\"><img decoding=\"async\" width=\"1024\" height=\"749\" data-id=\"8520\" src=\"https:\/\/www.koelnisches-stadtmuseum.de\/wp-content\/uploads\/2023\/03\/4_virtueller-Rundgang-1024x749.png\" alt=\"\" class=\"wp-image-8520\" srcset=\"https:\/\/www.koelnisches-stadtmuseum.de\/wp-content\/uploads\/2023\/03\/4_virtueller-Rundgang-1024x749.png 1024w, https:\/\/www.koelnisches-stadtmuseum.de\/wp-content\/uploads\/2023\/03\/4_virtueller-Rundgang-300x219.png 300w, https:\/\/www.koelnisches-stadtmuseum.de\/wp-content\/uploads\/2023\/03\/4_virtueller-Rundgang-768x562.png 768w, https:\/\/www.koelnisches-stadtmuseum.de\/wp-content\/uploads\/2023\/03\/4_virtueller-Rundgang-1536x1124.png 1536w, https:\/\/www.koelnisches-stadtmuseum.de\/wp-content\/uploads\/2023\/03\/4_virtueller-Rundgang-2048x1498.png 2048w, https:\/\/www.koelnisches-stadtmuseum.de\/wp-content\/uploads\/2023\/03\/4_virtueller-Rundgang-444x325.png 444w, https:\/\/www.koelnisches-stadtmuseum.de\/wp-content\/uploads\/2023\/03\/4_virtueller-Rundgang-620x454.png 620w, https:\/\/www.koelnisches-stadtmuseum.de\/wp-content\/uploads\/2023\/03\/4_virtueller-Rundgang-600x439.png 600w\" sizes=\"(max-width: 1024px) 100vw, 1024px\" \/><\/figure>\n\n\n\n<figure class=\"wp-block-image size-large\"><img decoding=\"async\" width=\"1024\" height=\"749\" data-id=\"8442\" src=\"https:\/\/www.koelnisches-stadtmuseum.de\/wp-content\/uploads\/2023\/02\/5_virtueller-Rundgang-1024x749.jpg\" alt=\"Zwei Personen stehen virtuell im neugestalteten Stadtmuseum. Eine Person hat eine Malerrolle in der Hand.\" class=\"wp-image-8442\" srcset=\"https:\/\/www.koelnisches-stadtmuseum.de\/wp-content\/uploads\/2023\/02\/5_virtueller-Rundgang-1024x749.jpg 1024w, https:\/\/www.koelnisches-stadtmuseum.de\/wp-content\/uploads\/2023\/02\/5_virtueller-Rundgang-300x220.jpg 300w, https:\/\/www.koelnisches-stadtmuseum.de\/wp-content\/uploads\/2023\/02\/5_virtueller-Rundgang-768x562.jpg 768w, https:\/\/www.koelnisches-stadtmuseum.de\/wp-content\/uploads\/2023\/02\/5_virtueller-Rundgang-444x325.jpg 444w, https:\/\/www.koelnisches-stadtmuseum.de\/wp-content\/uploads\/2023\/02\/5_virtueller-Rundgang-620x454.jpg 620w, https:\/\/www.koelnisches-stadtmuseum.de\/wp-content\/uploads\/2023\/02\/5_virtueller-Rundgang-600x439.jpg 600w, https:\/\/www.koelnisches-stadtmuseum.de\/wp-content\/uploads\/2023\/02\/5_virtueller-Rundgang.jpg 1200w\" sizes=\"(max-width: 1024px) 100vw, 1024px\" \/><\/figure>\n\n\n\n<figure class=\"wp-block-image size-large\"><img decoding=\"async\" width=\"1024\" height=\"484\" data-id=\"8445\" src=\"https:\/\/www.koelnisches-stadtmuseum.de\/wp-content\/uploads\/2023\/02\/6_virtueller-Rundgang-1024x484.jpg\" alt=\"Mehrere Personen stehen virtuell im neugestalteten Stadtmuseum.\" class=\"wp-image-8445\" srcset=\"https:\/\/www.koelnisches-stadtmuseum.de\/wp-content\/uploads\/2023\/02\/6_virtueller-Rundgang-1024x484.jpg 1024w, https:\/\/www.koelnisches-stadtmuseum.de\/wp-content\/uploads\/2023\/02\/6_virtueller-Rundgang-300x142.jpg 300w, https:\/\/www.koelnisches-stadtmuseum.de\/wp-content\/uploads\/2023\/02\/6_virtueller-Rundgang-768x363.jpg 768w, https:\/\/www.koelnisches-stadtmuseum.de\/wp-content\/uploads\/2023\/02\/6_virtueller-Rundgang-620x293.jpg 620w, https:\/\/www.koelnisches-stadtmuseum.de\/wp-content\/uploads\/2023\/02\/6_virtueller-Rundgang-600x284.jpg 600w, https:\/\/www.koelnisches-stadtmuseum.de\/wp-content\/uploads\/2023\/02\/6_virtueller-Rundgang.jpg 1200w\" sizes=\"(max-width: 1024px) 100vw, 1024px\" \/><\/figure>\n<\/figure>\n\n\n\n<figure class=\"wp-block-video\"><video height=\"1080\" style=\"aspect-ratio: 1920 \/ 1080;\" width=\"1920\" controls poster=\"https:\/\/www.koelnisches-stadtmuseum.de\/wp-content\/uploads\/2023\/02\/stadtmuseum-virtuell-trailer1.jpg\" src=\"https:\/\/www.koelnisches-stadtmuseum.de\/wp-content\/uploads\/2023\/02\/stadtmuseum-virtuell-trailer.mp4\"><\/video><figcaption class=\"wp-element-caption\">Kurzer Videoeinblick in den Rundgangn (HHVision)<\/figcaption><\/figure>\n\n\n\n<hr class=\"wp-block-separator has-alpha-channel-opacity is-style-wide\"\/>\n","protected":false},"excerpt":{"rendered":"<p>Werfen Sie mit unseren VR-Brillen einen ersten Blick in die neue Dauerausstellung! Ab 17. M\u00e4rz immer donnerstags bis samstags, 17 bis 18 Uhr<\/p>\n","protected":false},"author":7,"featured_media":8572,"parent":12485,"menu_order":0,"comment_status":"closed","ping_status":"closed","template":"","meta":{"_acf_changed":false,"footnotes":""},"class_list":["post-8296","page","type-page","status-publish","has-post-thumbnail","hentry","wpbf-post"],"acf":[],"_links":{"self":[{"href":"https:\/\/www.koelnisches-stadtmuseum.de\/en\/wp-json\/wp\/v2\/pages\/8296","targetHints":{"allow":["GET"]}}],"collection":[{"href":"https:\/\/www.koelnisches-stadtmuseum.de\/en\/wp-json\/wp\/v2\/pages"}],"about":[{"href":"https:\/\/www.koelnisches-stadtmuseum.de\/en\/wp-json\/wp\/v2\/types\/page"}],"author":[{"embeddable":true,"href":"https:\/\/www.koelnisches-stadtmuseum.de\/en\/wp-json\/wp\/v2\/users\/7"}],"replies":[{"embeddable":true,"href":"https:\/\/www.koelnisches-stadtmuseum.de\/en\/wp-json\/wp\/v2\/comments?post=8296"}],"version-history":[{"count":38,"href":"https:\/\/www.koelnisches-stadtmuseum.de\/en\/wp-json\/wp\/v2\/pages\/8296\/revisions"}],"predecessor-version":[{"id":12488,"href":"https:\/\/www.koelnisches-stadtmuseum.de\/en\/wp-json\/wp\/v2\/pages\/8296\/revisions\/12488"}],"up":[{"embeddable":true,"href":"https:\/\/www.koelnisches-stadtmuseum.de\/en\/wp-json\/wp\/v2\/pages\/12485"}],"wp:featuredmedia":[{"embeddable":true,"href":"https:\/\/www.koelnisches-stadtmuseum.de\/en\/wp-json\/wp\/v2\/media\/8572"}],"wp:attachment":[{"href":"https:\/\/www.koelnisches-stadtmuseum.de\/en\/wp-json\/wp\/v2\/media?parent=8296"}],"curies":[{"name":"wp","href":"https:\/\/api.w.org\/{rel}","templated":true}]}}