{"id":4117,"date":"2021-10-13T16:43:11","date_gmt":"2021-10-13T14:43:11","guid":{"rendered":"https:\/\/stadtmuseum.result.de\/foerderverein\/"},"modified":"2025-11-09T14:29:16","modified_gmt":"2025-11-09T13:29:16","slug":"foerderverein","status":"publish","type":"page","link":"https:\/\/www.koelnisches-stadtmuseum.de\/en\/foerderverein\/","title":{"rendered":"F\u00f6rderverein"},"content":{"rendered":"\n<div style=\"height:40px\" aria-hidden=\"true\" class=\"wp-block-spacer\"><\/div>\n\n\n\n<div class=\"wp-block-columns is-layout-flex wp-container-core-columns-is-layout-28f84493 wp-block-columns-is-layout-flex\">\n<div class=\"wp-block-column is-vertically-aligned-center is-layout-flow wp-block-column-is-layout-flow\">\n<h1 class=\"wp-block-heading\" id=\"unser-forderverein\" style=\"font-size:3.5rem\">Unser F\u00f6rderverein<\/h1>\n\n\n\n<p style=\"font-size:30px\"><strong>Die Freunde des<\/strong><br><strong>K\u00f6lnischen Stadtmuseums e. V.<\/strong><\/p>\n\n\n\n<p>Die \u201eFreunde des K\u00f6lnischen Stadtmuseums e. V.\u201c unterst\u00fctzen das K\u00f6lnische Stadtmuseum in allen Arbeitsbereichen. Dazu geh\u00f6ren die wissenschaftlichen Publikationen des Museums genauso wie der Erwerb von Kunstwerken und wichtigen historischen Objekten. Auch die Sonderausstellungen des Hauses und die \u00d6ffentlichkeitsarbeit werden vom F\u00f6rderverein unterst\u00fctzt, um die K\u00f6lner Stadtgeschichte zu bewahren und erlebbar zu machen.&nbsp;<\/p>\n\n\n\n\n\n\n\n<div class=\"wp-block-buttons is-layout-flex wp-block-buttons-is-layout-flex\">\n<div class=\"wp-block-button is-style-ksm-button\"><a class=\"wp-block-button__link wp-element-button\" href=\"https:\/\/www.freunde-ksm.de\/\" target=\"_blank\" rel=\"noreferrer noopener\">Zur Website des Vereins<\/a><\/div>\n<\/div>\n<\/div>\n\n\n\n<div class=\"wp-block-column is-vertically-aligned-center is-layout-flow wp-block-column-is-layout-flow\">\n<figure class=\"wp-block-image aligncenter size-large is-resized\"><img decoding=\"async\" width=\"1024\" height=\"852\" src=\"https:\/\/www.koelnisches-stadtmuseum.de\/wp-content\/uploads\/2025\/11\/2025-10-21-ConstantinEhrchen-Freunde-3-1-1024x852.jpg\" alt=\"\" class=\"wp-image-17012\" style=\"width:503px;height:auto\" srcset=\"https:\/\/www.koelnisches-stadtmuseum.de\/wp-content\/uploads\/2025\/11\/2025-10-21-ConstantinEhrchen-Freunde-3-1-1024x852.jpg 1024w, https:\/\/www.koelnisches-stadtmuseum.de\/wp-content\/uploads\/2025\/11\/2025-10-21-ConstantinEhrchen-Freunde-3-1-300x249.jpg 300w, https:\/\/www.koelnisches-stadtmuseum.de\/wp-content\/uploads\/2025\/11\/2025-10-21-ConstantinEhrchen-Freunde-3-1-768x639.jpg 768w, https:\/\/www.koelnisches-stadtmuseum.de\/wp-content\/uploads\/2025\/11\/2025-10-21-ConstantinEhrchen-Freunde-3-1-391x325.jpg 391w, https:\/\/www.koelnisches-stadtmuseum.de\/wp-content\/uploads\/2025\/11\/2025-10-21-ConstantinEhrchen-Freunde-3-1-620x516.jpg 620w, https:\/\/www.koelnisches-stadtmuseum.de\/wp-content\/uploads\/2025\/11\/2025-10-21-ConstantinEhrchen-Freunde-3-1-600x499.jpg 600w, https:\/\/www.koelnisches-stadtmuseum.de\/wp-content\/uploads\/2025\/11\/2025-10-21-ConstantinEhrchen-Freunde-3-1.jpg 1164w\" sizes=\"(max-width: 1024px) 100vw, 1024px\" \/><figcaption class=\"wp-element-caption\">Wir machen uns f\u00fcr die Stadtgeschichte stark. Macht mit! <br>Konrad Adenauer (1. Vorsitzender, v.r.) und Turadj Zarinfar (Vorstandsmitglied), \u00a9 C. Ehrchen)<\/figcaption><\/figure>\n<\/div>\n<\/div>\n\n\n\n<hr class=\"wp-block-separator has-css-opacity is-style-wide\"\/>\n\n\n\n<figure class=\"wp-block-image aligncenter size-full is-resized\"><img decoding=\"async\" width=\"1053\" height=\"435\" src=\"https:\/\/www.koelnisches-stadtmuseum.de\/wp-content\/uploads\/2024\/05\/KSM_Freunde_black.jpg\" alt=\"\" class=\"wp-image-14340\" style=\"width:673px;height:auto\" srcset=\"https:\/\/www.koelnisches-stadtmuseum.de\/wp-content\/uploads\/2024\/05\/KSM_Freunde_black.jpg 1053w, https:\/\/www.koelnisches-stadtmuseum.de\/wp-content\/uploads\/2024\/05\/KSM_Freunde_black-300x124.jpg 300w, https:\/\/www.koelnisches-stadtmuseum.de\/wp-content\/uploads\/2024\/05\/KSM_Freunde_black-1024x423.jpg 1024w, https:\/\/www.koelnisches-stadtmuseum.de\/wp-content\/uploads\/2024\/05\/KSM_Freunde_black-768x317.jpg 768w, https:\/\/www.koelnisches-stadtmuseum.de\/wp-content\/uploads\/2024\/05\/KSM_Freunde_black-620x256.jpg 620w, https:\/\/www.koelnisches-stadtmuseum.de\/wp-content\/uploads\/2024\/05\/KSM_Freunde_black-600x248.jpg 600w\" sizes=\"(max-width: 1053px) 100vw, 1053px\" \/><\/figure>\n\n\n\n<p class=\"has-text-align-center\" style=\"font-size:30px\"><strong>Freunde des K\u00f6lnischen Stadtmuseums e. V.<\/strong><\/p>\n\n\n\n<p class=\"has-text-align-center\">Kolumbahof 3<br>50667 K\u00f6ln<br>Tel.:0221\/221-28985<br>Fax:0221\/221-26069<br>E-Mail: <br><a href=\"mailto:info@freunde-ksm.de\" target=\"_blank\" rel=\"noreferrer noopener\">info@freunde-ksm.de<\/a><\/p>\n\n\n\n<p class=\"has-text-align-center\">Vorsitzender: Dr. Konrad Adenauer<\/p>\n\n\n\n<div class=\"wp-block-buttons is-horizontal is-content-justification-center is-layout-flex wp-container-core-buttons-is-layout-03627597 wp-block-buttons-is-layout-flex\"><\/div>\n\n\n\n<hr class=\"wp-block-separator has-css-opacity is-style-wide\"\/>\n\n\n\n<div style=\"height:20px\" aria-hidden=\"true\" class=\"wp-block-spacer\"><\/div>\n\n\n\n<div class=\"wp-block-columns is-layout-flex wp-container-core-columns-is-layout-28f84493 wp-block-columns-is-layout-flex\">\n<div class=\"wp-block-column is-layout-flow wp-block-column-is-layout-flow\">\n<h2 class=\"wp-block-heading\" id=\"mitglied-werden\" style=\"font-size:3rem\">Mitglied werden!<\/h2>\n\n\n\n<p style=\"font-size:30px\"><strong>Die \u201eFreunde des K\u00f6lnischen <\/strong><br><strong>Stadtmuseums e.V.\u201c bieten verschiedene M\u00f6glichkeiten der Mitgliedschaft:<\/strong><\/p>\n<\/div>\n\n\n\n<div class=\"wp-block-column is-layout-flow wp-block-column-is-layout-flow\">\n<p class=\"no-margin-bottom\" style=\"font-size:24px\"><strong>Freund*in:<\/strong><\/p>\n\n\n\n<p>60,00 EUR \u2013 Sie haben mit einer Begleitperson freien Eintritt in das K\u00f6lnische Stadtmuseum und zu Sonderveranstaltungen des Museums. Dar\u00fcber hinaus erhalten Sie Informationen und Einladungen zu Sonderveranstaltungen per Post sowie unsere Jahresgabe in Form einer Publikation des K\u00f6lnischen Stadtmuseums.<\/p>\n\n\n\n<p class=\"no-margin-bottom\" style=\"font-size:24px\"><strong>F\u00f6rderer*in:<\/strong><\/p>\n\n\n\n<p>180,00 EUR \u2013 Als F\u00f6rderer\/F\u00f6rderin haben Sie alle Benefits der \u201eFreund*in\u201c. Dar\u00fcber hinaus haben Sie mit drei Begleitpersonen freien Eintritt in das K\u00f6lnische Stadtmuseum und zu Sonderveranstaltungen des Museums. Einmal im Jahr sind Sie beim allj\u00e4hrlichen K\u00f6lschumtrunk im K\u00f6lnischen Stadtmuseum zu Gast und erhalten einen Gutschein f\u00fcr eine individuelle F\u00fchrung durch die Museumsleitung.<\/p>\n\n\n\n<p class=\"no-margin-bottom\" style=\"font-size:24px\"><strong>Kurator*in:<\/strong><\/p>\n\n\n\n<p>720,00 EUR \u2013 Als Mitglied des Kuratoriums helfen Sie dem K\u00f6lnischen Stadtmuseum in au\u00dferordentlicher Weise: Neben allen Vorz\u00fcgen, die Sie als \u201eFreund*in\u201c und \u201eF\u00f6rder*in\u201c genie\u00dfen, laden wir Sie einmal im Jahr zum traditionellen \u201eHerrenessen\u201c als herausragendem gesellschaftlichem Ereignis in das K\u00f6lnische Stadtmuseum ein.<\/p>\n\n\n\n<p class=\"no-margin-bottom\" style=\"font-size:24px\"><strong>Erweiterte Mitgliedschaft f\u00fcr Unternehmen:<\/strong><\/p>\n\n\n\n<p>ab 1.500,00 EUR \u2013 Nutzen Sie eine erweiterte Unternehmensmitgliedschaft f\u00fcr Ihre Mitarbeiter*innen und Kund*innen. Bitte rufen Sie uns an: Die Museumsleitung (0221\/221-25789) informiert Sie \u00fcber die M\u00f6glichkeiten und Vorz\u00fcge Ihres b\u00fcrgerschaftlichen Engagements f\u00fcr das K\u00f6lnische Stadtmuseum und f\u00fcr Ihr Unternehmen.<\/p>\n\n\n\n\n\n\n\n\n\n\n\n<div class=\"wp-block-buttons is-layout-flex wp-block-buttons-is-layout-flex\">\n<div class=\"wp-block-button is-style-ksm-button\"><a class=\"wp-block-button__link wp-element-button\" href=\"https:\/\/www.freunde-ksm.de\/mitgliedschaft\" target=\"_blank\" rel=\"noreferrer noopener\">F\u00fcnf gute Gr\u00fcnde f\u00fcr eine Mitgliedschaft<\/a><\/div>\n<\/div>\n<\/div>\n<\/div>\n\n\n\n<hr class=\"wp-block-separator has-css-opacity is-style-wide\"\/>\n\n\n\n<div style=\"height:20px\" aria-hidden=\"true\" class=\"wp-block-spacer\"><\/div>\n\n\n\n<div class=\"wp-block-columns is-layout-flex wp-container-core-columns-is-layout-28f84493 wp-block-columns-is-layout-flex\">\n<div class=\"wp-block-column is-layout-flow wp-block-column-is-layout-flow\">\n<h2 class=\"wp-block-heading\" id=\"der-vorstand\" style=\"font-size:3rem\">Der Vorstand<\/h2>\n<\/div>\n\n\n\n<div class=\"wp-block-column is-layout-flow wp-block-column-is-layout-flow\">\n<p class=\"no-margin-bottom\" style=\"font-size:24px\"><strong>Dr. Konrad Adenauer<\/strong><\/p>\n\n\n\n<p>(1. Vorsitzender)<\/p>\n\n\n\n<p class=\"no-margin-bottom\" style=\"font-size:24px\"><strong>J\u00fcrgen Roters<\/strong><\/p>\n\n\n\n<p>(2. Vorsitzender)<\/p>\n\n\n\n<p style=\"font-size:24px\"><strong>Turadj Zarinfar<\/strong><\/p>\n\n\n\n<p>(Vorstandsmitglied)<\/p>\n\n\n\n<p class=\"no-margin-bottom\" style=\"font-size:24px\"><strong>Alexander Krah\u00e9<\/strong><\/p>\n\n\n\n<p>(Schatzmeister)<\/p>\n\n\n\n<p class=\"no-margin-bottom\" style=\"font-size:24px\"><strong>Christoph Gallh\u00f6fer<\/strong><\/p>\n\n\n\n<p>(Schriftf\u00fchrer)<\/p>\n\n\n\n<p class=\"no-margin-bottom\" style=\"font-size:24px\"><strong>Rita Wagner<\/strong><\/p>\n\n\n\n<p>(Mitgliederwerbung)<\/p>\n\n\n\n<p class=\"no-margin-bottom\" style=\"font-size:24px\"><strong>Dr. Matthias Hamann<\/strong><\/p>\n\n\n\n<p>(Direktion K\u00f6lnisches Stadtmuseum)<\/p>\n<\/div>\n<\/div>\n\n\n\n<hr class=\"wp-block-separator has-alpha-channel-opacity is-style-wide\"\/>\n\n\n\n<h2 class=\"wp-block-heading\">Mitarbeitende<\/h2>\n\n\n\n<p class=\"has-text-align-center\"><strong>Vanessa Schmitz<\/strong>: Gesch\u00e4ftsstelle\/Verwaltung | <strong>Chris Hinte<\/strong>: Redaktion Website\/Social-Media-Kommunikation<\/p>\n\n\n\n<p class=\"has-text-align-center\"><strong>Stephanie K\u00e4thow<\/strong>: Mitgliederbetreuung<\/p>\n","protected":false},"excerpt":{"rendered":"<p>Unser F\u00f6rderverein Die Freunde desK\u00f6lnischen Stadtmuseums e. V. Die \u201eFreunde des K\u00f6lnischen Stadtmuseums e. V.\u201c unterst\u00fctzen das K\u00f6lnische Stadtmuseum in allen Arbeitsbereichen. Dazu geh\u00f6ren die wissenschaftlichen Publikationen des Museums genauso wie der Erwerb von Kunstwerken&#8230;<\/p>\n","protected":false},"author":7,"featured_media":3623,"parent":0,"menu_order":330,"comment_status":"closed","ping_status":"closed","template":"","meta":{"_acf_changed":false,"footnotes":""},"class_list":["post-4117","page","type-page","status-publish","has-post-thumbnail","hentry","wpbf-post"],"acf":[],"_links":{"self":[{"href":"https:\/\/www.koelnisches-stadtmuseum.de\/en\/wp-json\/wp\/v2\/pages\/4117","targetHints":{"allow":["GET"]}}],"collection":[{"href":"https:\/\/www.koelnisches-stadtmuseum.de\/en\/wp-json\/wp\/v2\/pages"}],"about":[{"href":"https:\/\/www.koelnisches-stadtmuseum.de\/en\/wp-json\/wp\/v2\/types\/page"}],"author":[{"embeddable":true,"href":"https:\/\/www.koelnisches-stadtmuseum.de\/en\/wp-json\/wp\/v2\/users\/7"}],"replies":[{"embeddable":true,"href":"https:\/\/www.koelnisches-stadtmuseum.de\/en\/wp-json\/wp\/v2\/comments?post=4117"}],"version-history":[{"count":39,"href":"https:\/\/www.koelnisches-stadtmuseum.de\/en\/wp-json\/wp\/v2\/pages\/4117\/revisions"}],"predecessor-version":[{"id":17014,"href":"https:\/\/www.koelnisches-stadtmuseum.de\/en\/wp-json\/wp\/v2\/pages\/4117\/revisions\/17014"}],"wp:featuredmedia":[{"embeddable":true,"href":"https:\/\/www.koelnisches-stadtmuseum.de\/en\/wp-json\/wp\/v2\/media\/3623"}],"wp:attachment":[{"href":"https:\/\/www.koelnisches-stadtmuseum.de\/en\/wp-json\/wp\/v2\/media?parent=4117"}],"curies":[{"name":"wp","href":"https:\/\/api.w.org\/{rel}","templated":true}]}}