{"id":4116,"date":"2022-01-19T12:27:58","date_gmt":"2022-01-19T11:27:58","guid":{"rendered":"https:\/\/stadtmuseum.result.de\/bibliothek\/"},"modified":"2025-10-22T09:36:23","modified_gmt":"2025-10-22T07:36:23","slug":"bibliothek","status":"publish","type":"page","link":"https:\/\/www.koelnisches-stadtmuseum.de\/en\/discover\/bibliothek\/","title":{"rendered":"Bibliothek"},"content":{"rendered":"\n<figure class=\"wp-block-image size-ksm-featured-image-page\"><img decoding=\"async\" width=\"1260\" height=\"280\" src=\"https:\/\/www.koelnisches-stadtmuseum.de\/wp-content\/uploads\/2022\/01\/KSM-Titelbanner-Bibliothek--1260x280.jpg\" alt=\"Man sieht die Buchr\u00fccken mehrer alter B\u00fccher die nebeneinander stehen.\" class=\"wp-image-1964\"\/><\/figure>\n\n\n\n<div style=\"height:40px\" aria-hidden=\"true\" class=\"wp-block-spacer\"><\/div>\n\n\n\n<div class=\"wp-block-columns is-layout-flex wp-container-core-columns-is-layout-28f84493 wp-block-columns-is-layout-flex\">\n<div class=\"wp-block-column is-vertically-aligned-center is-layout-flow wp-block-column-is-layout-flow\">\n<h1 class=\"wp-block-heading\" id=\"unsere-bibliothek\" style=\"font-size:4rem\">Unsere Bibliothek<\/h1>\n\n\n\n<p class=\"has-larger-font-size\"><strong>Rund 50.000 Medien: Schatzkammer zur K\u00f6lner Geschichte<\/strong><\/p>\n\n\n\n<p>Die Bibliothek des K\u00f6lnischen Stadtmuseums ist eine \u00f6ffentlich zug\u00e4ngliche Pr\u00e4senzbibliothek und bietet mit einer Sammlung von rund 50.000 Medieneinheiten die M\u00f6glichkeit, sich umfassend \u00fcber die K\u00f6lner Stadtgeschichte und die Geschichte des Rheinlands zu informieren.<\/p>\n<\/div>\n\n\n\n<div class=\"wp-block-column is-vertically-aligned-center besuch-oeffnungszeiten is-layout-flow wp-block-column-is-layout-flow\">\n<p class=\"has-text-align-center\"><br>Bitte wendet euch mit allen Anliegen gerne direkt an unsere Bibliothekarin Vanessa Schmitz: <br><a href=\"mailto:vanessa.schmitz@stadt-koeln.de\" target=\"_blank\" rel=\"noreferrer noopener\">vanessa.schmitz@stadt-koeln.de<\/a><\/p>\n<\/div>\n<\/div>\n\n\n\n<hr class=\"wp-block-separator has-css-opacity is-style-wide\"\/>\n\n\n\n<p class=\"has-text-align-center\" style=\"font-size:24px\"><strong>\u00d6ffnungszeiten<\/strong><\/p>\n\n\n\n<p class=\"has-text-align-center\">Die Bibliothek des K\u00f6lnischen Stadtmuseums ist \u00f6ffentlich zug\u00e4nglich. Die Best\u00e4nde k\u00f6nnen jedoch nur im Lesesaal benutzt werden.<\/p>\n\n\n\n<p class=\"has-text-align-center\">Bibliotheksbesuche sollten telefonisch unter +49 (0)221 221-23729 oder per Mail unter <a href=\"mailto:vanessa.schmitz@stadt-koeln.de\" target=\"_blank\" rel=\"noreferrer noopener\">vanessa.schmitz@stadt-koeln.de<\/a> vereinbart werden. Literatur- und Recherchew\u00fcnsche k\u00f6nnen ebenfalls vor dem Besuch telefonisch oder per Mail angemeldet werden.<\/p>\n\n\n\n<hr class=\"wp-block-separator has-css-opacity is-style-wide\"\/>\n\n\n\n<div class=\"wp-block-columns is-layout-flex wp-container-core-columns-is-layout-28f84493 wp-block-columns-is-layout-flex\">\n<div class=\"wp-block-column is-layout-flow wp-block-column-is-layout-flow\">\n<figure class=\"wp-block-image aligncenter size-large is-style-default\"><img decoding=\"async\" width=\"1024\" height=\"768\" src=\"https:\/\/www.koelnisches-stadtmuseum.de\/wp-content\/uploads\/2022\/02\/KSM-Bibliothek-Bestand-web-1024x768.jpg\" alt=\"Dieses Bild zeigt einen Blick in einen B\u00fcchergang der Bibliothek des K\u00f6lnischen Stadtmuseums. Links und rechts sind verschiedene B\u00fccher im Regal.\" class=\"wp-image-2341\" srcset=\"https:\/\/www.koelnisches-stadtmuseum.de\/wp-content\/uploads\/2022\/02\/KSM-Bibliothek-Bestand-web-1024x768.jpg 1024w, https:\/\/www.koelnisches-stadtmuseum.de\/wp-content\/uploads\/2022\/02\/KSM-Bibliothek-Bestand-web-300x225.jpg 300w, https:\/\/www.koelnisches-stadtmuseum.de\/wp-content\/uploads\/2022\/02\/KSM-Bibliothek-Bestand-web-768x576.jpg 768w, https:\/\/www.koelnisches-stadtmuseum.de\/wp-content\/uploads\/2022\/02\/KSM-Bibliothek-Bestand-web.jpg 1100w\" sizes=\"(max-width: 1024px) 100vw, 1024px\" \/><figcaption class=\"wp-element-caption\">Einblick in unseren Bestand an B\u00fcchern zur K\u00f6lner Stadtgeschichte <br>(\u00a9 KSM)<\/figcaption><\/figure>\n<\/div>\n\n\n\n<div class=\"wp-block-column is-layout-flow wp-block-column-is-layout-flow\">\n<h2 class=\"wp-block-heading\" id=\"bestand\">Bestand<\/h2>\n\n\n\n<p>Neben B\u00fcchern zur K\u00f6lner Stadtgeschichte und zur Geschichte des Rheinlands umfasst die Sammlung umfangreiche Best\u00e4nde an wissenschaftlichen Zeitschriften und Ausstellungskatalogen sowie allgemeine Werke zur Kultur-, Wirtschafts- und Sozialgeschichte.<\/p>\n\n\n\n<p>Einen besonderen Schwerpunkt bildet die Sammlung alter Drucke (rund 1300 Werke). Diese beginnt mit Werken aus der Fr\u00fchphase gedruckter Schriften im 15. Jahrhundert und bietet bis in das 19. Jahrhundert hinein eindrucksvolle historische Quellen zu Themen wie Medizin, Theologie, Musik und Geschichte. <\/p>\n\n\n\n<p>Au\u00dfergew\u00f6hnlich ist zudem die Sammlung illustrierter Rheinreisebeschreibungen, insbesondere des 18. und 19. Jahrhunderts.<\/p>\n\n\n\n<div class=\"wp-block-buttons is-layout-flex wp-block-buttons-is-layout-flex\"><\/div>\n<\/div>\n<\/div>\n\n\n\n<hr class=\"wp-block-separator has-css-opacity is-style-wide\"\/>\n\n\n\n<div class=\"wp-block-columns is-layout-flex wp-container-core-columns-is-layout-28f84493 wp-block-columns-is-layout-flex\">\n<div class=\"wp-block-column is-layout-flow wp-block-column-is-layout-flow\">\n<h2 class=\"wp-block-heading\" id=\"katalog\">Katalog<\/h2>\n<\/div>\n\n\n\n<div class=\"wp-block-column is-layout-flow wp-block-column-is-layout-flow\">\n<p>Alle Best\u00e4nde unserer Bibliothek sind online verzeichnet. Unser Bibliothekskatalog wird momentan erneuert. <br><br>Unsere Best\u00e4nde k\u00f6nnt ihr weiterhin \u00fcber die Portale <a href=\"https:\/\/www.kubi-koeln.de\/portal\/home.html?l=de\">KuBi K\u00f6ln<\/a> und <a href=\"https:\/\/www.koelnbib.de\/start\/\">K\u00f6lnBib<\/a> recherchieren.<\/p>\n<\/div>\n<\/div>\n","protected":false},"excerpt":{"rendered":"<p>Unsere Bibliothek Rund 50.000 Medien: Schatzkammer zur K\u00f6lner Geschichte Die Bibliothek des K\u00f6lnischen Stadtmuseums ist eine \u00f6ffentlich zug\u00e4ngliche Pr\u00e4senzbibliothek und bietet mit einer Sammlung von rund 50.000 Medieneinheiten die M\u00f6glichkeit, sich umfassend \u00fcber die K\u00f6lner&#8230;<\/p>\n","protected":false},"author":7,"featured_media":3791,"parent":6195,"menu_order":320,"comment_status":"closed","ping_status":"closed","template":"","meta":{"_acf_changed":false,"footnotes":""},"class_list":["post-4116","page","type-page","status-publish","has-post-thumbnail","hentry","wpbf-post"],"acf":[],"_links":{"self":[{"href":"https:\/\/www.koelnisches-stadtmuseum.de\/en\/wp-json\/wp\/v2\/pages\/4116","targetHints":{"allow":["GET"]}}],"collection":[{"href":"https:\/\/www.koelnisches-stadtmuseum.de\/en\/wp-json\/wp\/v2\/pages"}],"about":[{"href":"https:\/\/www.koelnisches-stadtmuseum.de\/en\/wp-json\/wp\/v2\/types\/page"}],"author":[{"embeddable":true,"href":"https:\/\/www.koelnisches-stadtmuseum.de\/en\/wp-json\/wp\/v2\/users\/7"}],"replies":[{"embeddable":true,"href":"https:\/\/www.koelnisches-stadtmuseum.de\/en\/wp-json\/wp\/v2\/comments?post=4116"}],"version-history":[{"count":10,"href":"https:\/\/www.koelnisches-stadtmuseum.de\/en\/wp-json\/wp\/v2\/pages\/4116\/revisions"}],"predecessor-version":[{"id":16905,"href":"https:\/\/www.koelnisches-stadtmuseum.de\/en\/wp-json\/wp\/v2\/pages\/4116\/revisions\/16905"}],"up":[{"embeddable":true,"href":"https:\/\/www.koelnisches-stadtmuseum.de\/en\/wp-json\/wp\/v2\/pages\/6195"}],"wp:featuredmedia":[{"embeddable":true,"href":"https:\/\/www.koelnisches-stadtmuseum.de\/en\/wp-json\/wp\/v2\/media\/3791"}],"wp:attachment":[{"href":"https:\/\/www.koelnisches-stadtmuseum.de\/en\/wp-json\/wp\/v2\/media?parent=4116"}],"curies":[{"name":"wp","href":"https:\/\/api.w.org\/{rel}","templated":true}]}}