{"id":4112,"date":"2021-11-11T17:06:50","date_gmt":"2021-11-11T16:06:50","guid":{"rendered":"https:\/\/stadtmuseum.result.de\/sammlung\/"},"modified":"2024-05-21T08:00:44","modified_gmt":"2024-05-21T06:00:44","slug":"collection","status":"publish","type":"page","link":"https:\/\/www.koelnisches-stadtmuseum.de\/en\/collection\/","title":{"rendered":"Collection"},"content":{"rendered":"\n<figure class=\"wp-block-image aligncenter size-ksm-featured-image-page is-style-default\"><img decoding=\"async\" width=\"1260\" height=\"280\" src=\"https:\/\/www.koelnisches-stadtmuseum.de\/wp-content\/uploads\/2022\/02\/Sammlung_Headerbild-1260x280.jpg\" alt=\"\" class=\"wp-image-2148\" srcset=\"https:\/\/www.koelnisches-stadtmuseum.de\/wp-content\/uploads\/2022\/02\/Sammlung_Headerbild-1260x280.jpg 1260w, https:\/\/www.koelnisches-stadtmuseum.de\/wp-content\/uploads\/2022\/02\/Sammlung_Headerbild-300x67.jpg 300w, https:\/\/www.koelnisches-stadtmuseum.de\/wp-content\/uploads\/2022\/02\/Sammlung_Headerbild-1024x228.jpg 1024w, https:\/\/www.koelnisches-stadtmuseum.de\/wp-content\/uploads\/2022\/02\/Sammlung_Headerbild-768x171.jpg 768w, https:\/\/www.koelnisches-stadtmuseum.de\/wp-content\/uploads\/2022\/02\/Sammlung_Headerbild-1536x341.jpg 1536w, https:\/\/www.koelnisches-stadtmuseum.de\/wp-content\/uploads\/2022\/02\/Sammlung_Headerbild-2048x455.jpg 2048w\" sizes=\"(max-width: 1260px) 100vw, 1260px\" \/><\/figure>\n\n\n\n<div style=\"height:40px\" aria-hidden=\"true\" class=\"wp-block-spacer\"><\/div>\n\n\n\n<div class=\"wp-block-columns is-layout-flex wp-container-core-columns-is-layout-28f84493 wp-block-columns-is-layout-flex\">\n<div class=\"wp-block-column is-vertically-aligned-center is-layout-flow wp-block-column-is-layout-flow\" style=\"flex-basis:33.33%\">\n<h1 class=\"wp-block-heading\" id=\"die-sammlung-des-kolnischen-stadtmuseums\">Our collection<\/h1>\n<\/div>\n\n\n\n<div class=\"wp-block-column is-layout-flow wp-block-column-is-layout-flow\" style=\"flex-basis:66.66%\">\n<p>The museum&#8217;s collection contains over 350,000 objects relating to the history of the city of Cologne and has grown continuously through donations and purchases since it was founded in 1888.<\/p>\n\n\n\n<p>The first objects were material goods transferred from the Historical Archive, such as the type of the great city seal of 1268\/1269, several city banners and the personal effects of Hermann van Goch, who was executed in 1398.<\/p>\n\n\n\n<p>Today, the collection of the Cologne City Museum covers a wide range of periods, materials and themes: artistic and kitsch, unique and everyday objects from over 1000 years of the city&#8217;s history. The fascinating objects reflect the political development of the city, but also the changes in living conditions and the emergence of customs and traditions. The museum&#8217;s depots are veritable treasure troves of the past. <br><br>The collection details are only given in German.<\/p>\n<\/div>\n<\/div>\n\n\n\n<hr class=\"wp-block-separator has-css-opacity is-style-wide\"\/>\n\n\n\n<div style=\"height:20px\" aria-hidden=\"true\" class=\"wp-block-spacer\"><\/div>\n\n\n\n<div class=\"wp-block-columns is-layout-flex wp-container-core-columns-is-layout-28f84493 wp-block-columns-is-layout-flex\">\n<div class=\"wp-block-column is-layout-flow wp-block-column-is-layout-flow\">\n<figure class=\"wp-block-image size-full\"><img decoding=\"async\" width=\"450\" height=\"300\" src=\"https:\/\/www.koelnisches-stadtmuseum.de\/wp-content\/uploads\/2021\/11\/s_2277_p1web.jpg\" alt=\"Man sieht eine alte M\u00fcnze. Auf ihr ist ein Heiliger zu sehen und eine lateinische Inschrift.\" class=\"wp-image-755\" srcset=\"https:\/\/www.koelnisches-stadtmuseum.de\/wp-content\/uploads\/2021\/11\/s_2277_p1web.jpg 450w, https:\/\/www.koelnisches-stadtmuseum.de\/wp-content\/uploads\/2021\/11\/s_2277_p1web-300x200.jpg 300w\" sizes=\"(max-width: 450px) 100vw, 450px\" \/><\/figure>\n\n\n\n<h3 class=\"wp-block-heading\" id=\"wegmarken-der-stadtgeschichte\"><a href=\"https:\/\/www.koelnisches-stadtmuseum.de\/en\/sammlung\/wegmarken-der-stadtgeschichte\/\" data-type=\"sammlung\" data-id=\"137\">Wegmarken der<\/a><br><a href=\"https:\/\/www.koelnisches-stadtmuseum.de\/en\/sammlung\/wegmarken-der-stadtgeschichte\/\" data-type=\"sammlung\" data-id=\"137\">Stadtgeschichte<\/a><\/h3>\n<\/div>\n\n\n\n<div class=\"wp-block-column is-layout-flow wp-block-column-is-layout-flow\">\n<figure class=\"wp-block-image size-full\"><img decoding=\"async\" width=\"450\" height=\"300\" src=\"https:\/\/www.koelnisches-stadtmuseum.de\/wp-content\/uploads\/2021\/11\/s_970_p1web.jpg\" alt=\"Man sieht eine schwaarz-wei\u00df-Aufnahme der K\u00f6lner Innenstadt mit Blick auf den Dom.\" class=\"wp-image-756\" srcset=\"https:\/\/www.koelnisches-stadtmuseum.de\/wp-content\/uploads\/2021\/11\/s_970_p1web.jpg 450w, https:\/\/www.koelnisches-stadtmuseum.de\/wp-content\/uploads\/2021\/11\/s_970_p1web-300x200.jpg 300w\" sizes=\"(max-width: 450px) 100vw, 450px\" \/><\/figure>\n\n\n\n<h3 class=\"wp-block-heading\" id=\"grafik-fotografie\"><a href=\"https:\/\/www.koelnisches-stadtmuseum.de\/en\/sammlung\/grafik-fotografie\/\" data-type=\"sammlung\" data-id=\"139\">Grafik \/ Fotografie<\/a><\/h3>\n<\/div>\n\n\n\n<div class=\"wp-block-column is-layout-flow wp-block-column-is-layout-flow\">\n<figure class=\"wp-block-image size-full\"><img decoding=\"async\" width=\"450\" height=\"300\" src=\"https:\/\/www.koelnisches-stadtmuseum.de\/wp-content\/uploads\/2021\/11\/s_977_p1web.jpg\" alt=\"Man sieht einen alten Holzbottich.\" class=\"wp-image-757\" srcset=\"https:\/\/www.koelnisches-stadtmuseum.de\/wp-content\/uploads\/2021\/11\/s_977_p1web.jpg 450w, https:\/\/www.koelnisches-stadtmuseum.de\/wp-content\/uploads\/2021\/11\/s_977_p1web-300x200.jpg 300w\" sizes=\"(max-width: 450px) 100vw, 450px\" \/><\/figure>\n\n\n\n<h3 class=\"wp-block-heading\" id=\"alltagsobjekte\"><a href=\"https:\/\/www.koelnisches-stadtmuseum.de\/en\/sammlung\/alltagsobjekte\/\" data-type=\"sammlung\" data-id=\"141\">Alltagsobjekte<\/a><\/h3>\n<\/div>\n<\/div>\n\n\n\n<div class=\"wp-block-columns is-layout-flex wp-container-core-columns-is-layout-28f84493 wp-block-columns-is-layout-flex\">\n<div class=\"wp-block-column is-layout-flow wp-block-column-is-layout-flow\">\n<figure class=\"wp-block-image size-full\"><img decoding=\"async\" width=\"450\" height=\"300\" src=\"https:\/\/www.koelnisches-stadtmuseum.de\/wp-content\/uploads\/2021\/11\/s_1785_p1web.jpg\" alt=\"Man sieht ein Gem\u00e4lde einer romanischen Kirche im Sonnenuntergang. Auf dem Bild sind einige Personen sowie Tiere zu sehen.\" class=\"wp-image-758\" srcset=\"https:\/\/www.koelnisches-stadtmuseum.de\/wp-content\/uploads\/2021\/11\/s_1785_p1web.jpg 450w, https:\/\/www.koelnisches-stadtmuseum.de\/wp-content\/uploads\/2021\/11\/s_1785_p1web-300x200.jpg 300w\" sizes=\"(max-width: 450px) 100vw, 450px\" \/><\/figure>\n\n\n\n<h3 class=\"wp-block-heading\" id=\"gemalde\"><a href=\"https:\/\/www.koelnisches-stadtmuseum.de\/en\/sammlung\/gemaelde\/\" data-type=\"sammlung\" data-id=\"143\">Gem\u00e4lde<\/a><\/h3>\n<\/div>\n\n\n\n<div class=\"wp-block-column is-layout-flow wp-block-column-is-layout-flow\">\n<figure class=\"wp-block-image size-full\"><img decoding=\"async\" width=\"450\" height=\"300\" src=\"https:\/\/www.koelnisches-stadtmuseum.de\/wp-content\/uploads\/2021\/11\/s_974_p1web.jpg\" alt=\"Man sieht einen roten Stoffanzug. Dieser hat R\u00fcschen an den \u00c4rmeln.\" class=\"wp-image-759\" srcset=\"https:\/\/www.koelnisches-stadtmuseum.de\/wp-content\/uploads\/2021\/11\/s_974_p1web.jpg 450w, https:\/\/www.koelnisches-stadtmuseum.de\/wp-content\/uploads\/2021\/11\/s_974_p1web-300x200.jpg 300w\" sizes=\"(max-width: 450px) 100vw, 450px\" \/><\/figure>\n\n\n\n<h3 class=\"wp-block-heading\" id=\"mode-und-textiles\"><a href=\"https:\/\/www.koelnisches-stadtmuseum.de\/en\/sammlung\/mode-textiles\/\" data-type=\"sammlung\" data-id=\"145\">Mode und Textiles<\/a><\/h3>\n<\/div>\n\n\n\n<div class=\"wp-block-column is-layout-flow wp-block-column-is-layout-flow\">\n<figure class=\"wp-block-image size-full\"><img decoding=\"async\" width=\"450\" height=\"300\" src=\"https:\/\/www.koelnisches-stadtmuseum.de\/wp-content\/uploads\/2021\/11\/s_972_p1web.jpg\" alt=\"Man sieht einen alten Siegelwachsstempel mit Wappen und lateinischer Inschrift.\" class=\"wp-image-760\" srcset=\"https:\/\/www.koelnisches-stadtmuseum.de\/wp-content\/uploads\/2021\/11\/s_972_p1web.jpg 450w, https:\/\/www.koelnisches-stadtmuseum.de\/wp-content\/uploads\/2021\/11\/s_972_p1web-300x200.jpg 300w\" sizes=\"(max-width: 450px) 100vw, 450px\" \/><\/figure>\n\n\n\n<h3 class=\"wp-block-heading\" id=\"siegel-numismatik-medallien\"><a href=\"https:\/\/www.koelnisches-stadtmuseum.de\/en\/sammlung\/siegel-numismatik-medaillen\/\" data-type=\"sammlung\" data-id=\"147\">Siegel \/ Numismatik \/ Medallien<\/a><\/h3>\n<\/div>\n<\/div>\n\n\n\n<div class=\"wp-block-columns is-layout-flex wp-container-core-columns-is-layout-28f84493 wp-block-columns-is-layout-flex\">\n<div class=\"wp-block-column is-layout-flow wp-block-column-is-layout-flow\">\n<figure class=\"wp-block-image size-full\"><img decoding=\"async\" width=\"450\" height=\"300\" src=\"https:\/\/www.koelnisches-stadtmuseum.de\/wp-content\/uploads\/2021\/11\/s_971_p1web.jpg\" alt=\"Man sieht eine alte Ritterhaube mit Klappvisier.\" class=\"wp-image-761\" srcset=\"https:\/\/www.koelnisches-stadtmuseum.de\/wp-content\/uploads\/2021\/11\/s_971_p1web.jpg 450w, https:\/\/www.koelnisches-stadtmuseum.de\/wp-content\/uploads\/2021\/11\/s_971_p1web-300x200.jpg 300w\" sizes=\"(max-width: 450px) 100vw, 450px\" \/><\/figure>\n\n\n\n<h3 class=\"wp-block-heading\" id=\"militaria\"><a href=\"https:\/\/www.koelnisches-stadtmuseum.de\/en\/sammlung\/militaria\/\" data-type=\"sammlung\" data-id=\"149\">Militaria<\/a><\/h3>\n<\/div>\n\n\n\n<div class=\"wp-block-column is-layout-flow wp-block-column-is-layout-flow\">\n<figure class=\"wp-block-image size-full\"><img decoding=\"async\" width=\"450\" height=\"300\" src=\"https:\/\/www.koelnisches-stadtmuseum.de\/wp-content\/uploads\/2021\/11\/s_976_p1web.jpg\" alt=\"Man sieht ein altes Speisezimmerm\u00f6belst\u00fcck aus Holz.\" class=\"wp-image-762\" srcset=\"https:\/\/www.koelnisches-stadtmuseum.de\/wp-content\/uploads\/2021\/11\/s_976_p1web.jpg 450w, https:\/\/www.koelnisches-stadtmuseum.de\/wp-content\/uploads\/2021\/11\/s_976_p1web-300x200.jpg 300w\" sizes=\"(max-width: 450px) 100vw, 450px\" \/><\/figure>\n\n\n\n<h3 class=\"wp-block-heading\" id=\"mobel\"><a href=\"https:\/\/www.koelnisches-stadtmuseum.de\/en\/sammlung\/moebel\/\" data-type=\"sammlung\" data-id=\"151\">M\u00f6bel<\/a><\/h3>\n<\/div>\n\n\n\n<div class=\"wp-block-column is-layout-flow wp-block-column-is-layout-flow\">\n<figure class=\"wp-block-image size-full\"><img decoding=\"async\" width=\"450\" height=\"300\" src=\"https:\/\/www.koelnisches-stadtmuseum.de\/wp-content\/uploads\/2021\/11\/s_968_p1web.jpg\" alt=\"Man sieht das Gesicht einer Holzfigur mit einem sehr gro\u00dfen offenen Mund.\" class=\"wp-image-763\" srcset=\"https:\/\/www.koelnisches-stadtmuseum.de\/wp-content\/uploads\/2021\/11\/s_968_p1web.jpg 450w, https:\/\/www.koelnisches-stadtmuseum.de\/wp-content\/uploads\/2021\/11\/s_968_p1web-300x200.jpg 300w\" sizes=\"(max-width: 450px) 100vw, 450px\" \/><\/figure>\n\n\n\n<h3 class=\"wp-block-heading\" id=\"skulptur-objektkunst\"><a href=\"https:\/\/www.koelnisches-stadtmuseum.de\/en\/sammlung\/skulptur-objektkunst\/\" data-type=\"sammlung\" data-id=\"153\">Skulptur \/ Objektkunst<\/a><\/h3>\n<\/div>\n<\/div>\n\n\n\n<div class=\"wp-block-columns is-layout-flex wp-container-core-columns-is-layout-28f84493 wp-block-columns-is-layout-flex\">\n<div class=\"wp-block-column is-layout-flow wp-block-column-is-layout-flow\">\n<figure class=\"wp-block-image size-full\"><img decoding=\"async\" width=\"450\" height=\"300\" src=\"https:\/\/www.koelnisches-stadtmuseum.de\/wp-content\/uploads\/2021\/11\/s_979_p1web.jpg\" alt=\"Man sieht eine Kunstifgur aus Silber. Eine Person h\u00e4lt ein gro\u00dfes Tier an den H\u00f6rnern.\" class=\"wp-image-764\" srcset=\"https:\/\/www.koelnisches-stadtmuseum.de\/wp-content\/uploads\/2021\/11\/s_979_p1web.jpg 450w, https:\/\/www.koelnisches-stadtmuseum.de\/wp-content\/uploads\/2021\/11\/s_979_p1web-300x200.jpg 300w\" sizes=\"(max-width: 450px) 100vw, 450px\" \/><\/figure>\n\n\n\n<h3 class=\"wp-block-heading\" id=\"kolner-silber\"><a href=\"https:\/\/www.koelnisches-stadtmuseum.de\/en\/sammlung\/koelner-silber\/\" data-type=\"sammlung\" data-id=\"155\">K\u00f6lner Silber<\/a><\/h3>\n<\/div>\n\n\n\n<div class=\"wp-block-column is-layout-flow wp-block-column-is-layout-flow\">\n<figure class=\"wp-block-image size-full\"><img decoding=\"async\" width=\"450\" height=\"300\" src=\"https:\/\/www.koelnisches-stadtmuseum.de\/wp-content\/uploads\/2021\/11\/s_980_p1web.jpg\" alt=\"Man sieht einen Gebetsteppich mit einem orientalischen Muster. Die Farbe rot dominiert.\" class=\"wp-image-765\" srcset=\"https:\/\/www.koelnisches-stadtmuseum.de\/wp-content\/uploads\/2021\/11\/s_980_p1web.jpg 450w, https:\/\/www.koelnisches-stadtmuseum.de\/wp-content\/uploads\/2021\/11\/s_980_p1web-300x200.jpg 300w\" sizes=\"(max-width: 450px) 100vw, 450px\" \/><\/figure>\n\n\n\n<h3 class=\"wp-block-heading\" id=\"religioses\"><a href=\"https:\/\/www.koelnisches-stadtmuseum.de\/en\/sammlung\/religioeses\/\" data-type=\"sammlung\" data-id=\"157\">Religi\u00f6ses<\/a><\/h3>\n<\/div>\n\n\n\n<div class=\"wp-block-column is-layout-flow wp-block-column-is-layout-flow\">\n<figure class=\"wp-block-image size-full\"><img decoding=\"async\" width=\"450\" height=\"300\" src=\"https:\/\/www.koelnisches-stadtmuseum.de\/wp-content\/uploads\/2021\/11\/s_983_p1web.jpg\" alt=\"Man sieht den oberen Hals und die \u00d6ffnung einer Glasflasche.\" class=\"wp-image-766\" srcset=\"https:\/\/www.koelnisches-stadtmuseum.de\/wp-content\/uploads\/2021\/11\/s_983_p1web.jpg 450w, https:\/\/www.koelnisches-stadtmuseum.de\/wp-content\/uploads\/2021\/11\/s_983_p1web-300x200.jpg 300w\" sizes=\"(max-width: 450px) 100vw, 450px\" \/><\/figure>\n\n\n\n<h3 class=\"wp-block-heading\" id=\"wirtschaft\"><a href=\"https:\/\/www.koelnisches-stadtmuseum.de\/en\/sammlung\/wirtschaft\/\" data-type=\"sammlung\" data-id=\"159\">Wirtschaft<\/a><\/h3>\n<\/div>\n<\/div>\n\n\n\n<div class=\"wp-block-columns is-layout-flex wp-container-core-columns-is-layout-28f84493 wp-block-columns-is-layout-flex\">\n<div class=\"wp-block-column is-layout-flow wp-block-column-is-layout-flow\">\n<figure class=\"wp-block-image size-full\"><img decoding=\"async\" width=\"450\" height=\"300\" src=\"https:\/\/www.koelnisches-stadtmuseum.de\/wp-content\/uploads\/2021\/11\/s_985_p1web.jpg\" alt=\"Man sieht eine Theater-Puppe aus Holz. Sie ist mittelalterlich gekleidet, tr\u00e4gt ein Schwert und eine rote Feder am Hut.\" class=\"wp-image-767\" srcset=\"https:\/\/www.koelnisches-stadtmuseum.de\/wp-content\/uploads\/2021\/11\/s_985_p1web.jpg 450w, https:\/\/www.koelnisches-stadtmuseum.de\/wp-content\/uploads\/2021\/11\/s_985_p1web-300x200.jpg 300w\" sizes=\"(max-width: 450px) 100vw, 450px\" \/><\/figure>\n\n\n\n<h3 class=\"wp-block-heading\" id=\"karneval-brauchtum\"><a href=\"https:\/\/www.koelnisches-stadtmuseum.de\/en\/sammlung\/karneval-brauchtum\/\" data-type=\"sammlung\" data-id=\"161\">Karneval \/ Brauchtum<\/a><\/h3>\n<\/div>\n\n\n\n<div class=\"wp-block-column is-layout-flow wp-block-column-is-layout-flow\">\n<figure class=\"wp-block-image size-full\"><img decoding=\"async\" width=\"450\" height=\"300\" src=\"https:\/\/www.koelnisches-stadtmuseum.de\/wp-content\/uploads\/2021\/11\/s_1874_p1web.jpg\" alt=\"Man sieht ein aufgeklapptes altes Buch mit lateinischer Inschrift.\" class=\"wp-image-768\" srcset=\"https:\/\/www.koelnisches-stadtmuseum.de\/wp-content\/uploads\/2021\/11\/s_1874_p1web.jpg 450w, https:\/\/www.koelnisches-stadtmuseum.de\/wp-content\/uploads\/2021\/11\/s_1874_p1web-300x200.jpg 300w\" sizes=\"(max-width: 450px) 100vw, 450px\" \/><\/figure>\n\n\n\n<h3 class=\"wp-block-heading\" id=\"wissenschaft-und-bildung\"><a href=\"https:\/\/www.koelnisches-stadtmuseum.de\/en\/sammlung\/wissenschaft-und-bildung\/\" data-type=\"sammlung\" data-id=\"163\">Wissenschaft und Bildung<\/a><\/h3>\n<\/div>\n\n\n\n<div class=\"wp-block-column is-layout-flow wp-block-column-is-layout-flow\"><\/div>\n<\/div>\n","protected":false},"excerpt":{"rendered":"<p>Our collection The museum&#8217;s collection contains over 350,000 objects relating to the history of the city of Cologne and has grown continuously through donations and purchases since it was founded in 1888. The first objects&#8230;<\/p>\n","protected":false},"author":7,"featured_media":15393,"parent":0,"menu_order":250,"comment_status":"closed","ping_status":"closed","template":"","meta":{"_acf_changed":false,"footnotes":""},"class_list":["post-4112","page","type-page","status-publish","has-post-thumbnail","hentry","wpbf-post"],"acf":[],"_links":{"self":[{"href":"https:\/\/www.koelnisches-stadtmuseum.de\/en\/wp-json\/wp\/v2\/pages\/4112","targetHints":{"allow":["GET"]}}],"collection":[{"href":"https:\/\/www.koelnisches-stadtmuseum.de\/en\/wp-json\/wp\/v2\/pages"}],"about":[{"href":"https:\/\/www.koelnisches-stadtmuseum.de\/en\/wp-json\/wp\/v2\/types\/page"}],"author":[{"embeddable":true,"href":"https:\/\/www.koelnisches-stadtmuseum.de\/en\/wp-json\/wp\/v2\/users\/7"}],"replies":[{"embeddable":true,"href":"https:\/\/www.koelnisches-stadtmuseum.de\/en\/wp-json\/wp\/v2\/comments?post=4112"}],"version-history":[{"count":7,"href":"https:\/\/www.koelnisches-stadtmuseum.de\/en\/wp-json\/wp\/v2\/pages\/4112\/revisions"}],"predecessor-version":[{"id":14325,"href":"https:\/\/www.koelnisches-stadtmuseum.de\/en\/wp-json\/wp\/v2\/pages\/4112\/revisions\/14325"}],"wp:featuredmedia":[{"embeddable":true,"href":"https:\/\/www.koelnisches-stadtmuseum.de\/en\/wp-json\/wp\/v2\/media\/15393"}],"wp:attachment":[{"href":"https:\/\/www.koelnisches-stadtmuseum.de\/en\/wp-json\/wp\/v2\/media?parent=4112"}],"curies":[{"name":"wp","href":"https:\/\/api.w.org\/{rel}","templated":true}]}}