{"id":4109,"date":"2021-10-13T16:41:10","date_gmt":"2021-10-13T14:41:10","guid":{"rendered":"https:\/\/stadtmuseum.result.de\/sonderausstellungen\/"},"modified":"2023-05-02T17:55:39","modified_gmt":"2023-05-02T15:55:39","slug":"special-exhibitions","status":"publish","type":"page","link":"https:\/\/www.koelnisches-stadtmuseum.de\/en\/visit\/special-exhibitions\/","title":{"rendered":"Special Exhibitions"},"content":{"rendered":"\n<div style=\"height:40px\" aria-hidden=\"true\" class=\"wp-block-spacer\"><\/div>\n\n\n\n<div class=\"wp-block-columns is-layout-flex wp-container-core-columns-is-layout-28f84493 wp-block-columns-is-layout-flex\">\n<div class=\"wp-block-column is-layout-flow wp-block-column-is-layout-flow\">\n<h1 class=\"wp-block-heading\" id=\"sonderausstellungen\">Special Exhibitions<\/h1>\n<\/div>\n\n\n\n<div class=\"wp-block-column is-layout-flow wp-block-column-is-layout-flow\">\n<p>Our special exhibitions will take you on ever new, exciting trips through time through Cologne\u2019s adventurous past. But they will also look at current topics.<\/p>\n<\/div>\n<\/div>\n\n\n\n<hr class=\"wp-block-separator has-alpha-channel-opacity is-style-wide\"\/>\n\n\n\n<div class=\"wp-block-columns is-layout-flex wp-container-core-columns-is-layout-28f84493 wp-block-columns-is-layout-flex\">\n<div class=\"wp-block-column is-layout-flow wp-block-column-is-layout-flow\" style=\"flex-basis:50%\">\n<figure class=\"wp-block-image size-full\"><img decoding=\"async\" width=\"620\" height=\"465\" src=\"https:\/\/www.koelnisches-stadtmuseum.de\/wp-content\/uploads\/2023\/03\/KSM_Pop_Up_Barrikade_mussenkoeln.jpg\" alt=\"\" class=\"wp-image-8593\" srcset=\"https:\/\/www.koelnisches-stadtmuseum.de\/wp-content\/uploads\/2023\/03\/KSM_Pop_Up_Barrikade_mussenkoeln.jpg 620w, https:\/\/www.koelnisches-stadtmuseum.de\/wp-content\/uploads\/2023\/03\/KSM_Pop_Up_Barrikade_mussenkoeln-300x225.jpg 300w, https:\/\/www.koelnisches-stadtmuseum.de\/wp-content\/uploads\/2023\/03\/KSM_Pop_Up_Barrikade_mussenkoeln-433x325.jpg 433w, https:\/\/www.koelnisches-stadtmuseum.de\/wp-content\/uploads\/2023\/03\/KSM_Pop_Up_Barrikade_mussenkoeln-600x450.jpg 600w\" sizes=\"(max-width: 620px) 100vw, 620px\" \/><\/figure>\n<\/div>\n\n\n\n<div class=\"wp-block-column is-layout-flow wp-block-column-is-layout-flow\" style=\"flex-basis:50%\">\n<h2 class=\"wp-block-heading\">BAR\/RIKADE: 1848 Revolution in Cologne<\/h2>\n\n\n\n<p>K\u00f6lnisches Stadtmuseum\u00a0<br>17 Mar \u2013 29 Apr 2023<\/p>\n\n\n\n<p>175 years ago, all of Europe is in turmoil. The revolutionary spark jumps from Paris to Cologne \u2013 in the middle of Carnival. On March 3, 1848, a crowd storms the city hall. Cologne becomes a center of the revolution.<\/p>\n\n\n\n<p>The K\u00f6lnische Stadtmuseum commemorates this time of barricade fighting with the pop-up bar \u201cBAR\/RIKADE\u201d: look forward to a free event program \u2013 from concerts and DJ parties to revolutionary song recitals and open-stage activities. Right in the middle: the bar exhibition \u201c1848 Revolution in K\u00f6ln\u201d.<\/p>\n\n\n\n\n<\/div>\n<\/div>\n\n\n\n<hr class=\"wp-block-separator has-css-opacity is-style-wide\"\/>\n\n\n\n<div class=\"wp-block-columns is-layout-flex wp-container-core-columns-is-layout-28f84493 wp-block-columns-is-layout-flex\">\n<div class=\"wp-block-column is-layout-flow wp-block-column-is-layout-flow\">\n<figure class=\"wp-block-image size-full is-style-default\"><img decoding=\"async\" width=\"1000\" height=\"734\" src=\"https:\/\/www.koelnisches-stadtmuseum.de\/wp-content\/uploads\/2022\/02\/3_Sonderausstellungen_HOeHNER-c-2021-Kay-Uwe_Fischer.jpg\" alt=\"Auf dem Bild sind die sieben Mitglieder der Band &quot;H\u00f6hner&quot; zu sehen. Sie sitzen auf B\u00fchnenkisten und l\u00e4cheln in die Kamera.\" class=\"wp-image-3801\" srcset=\"https:\/\/www.koelnisches-stadtmuseum.de\/wp-content\/uploads\/2022\/02\/3_Sonderausstellungen_HOeHNER-c-2021-Kay-Uwe_Fischer.jpg 1000w, https:\/\/www.koelnisches-stadtmuseum.de\/wp-content\/uploads\/2022\/02\/3_Sonderausstellungen_HOeHNER-c-2021-Kay-Uwe_Fischer-300x220.jpg 300w, https:\/\/www.koelnisches-stadtmuseum.de\/wp-content\/uploads\/2022\/02\/3_Sonderausstellungen_HOeHNER-c-2021-Kay-Uwe_Fischer-768x564.jpg 768w\" sizes=\"(max-width: 1000px) 100vw, 1000px\" \/><figcaption class=\"wp-element-caption\">2021 (\u00a9 Kay-Uwe Fischer)<\/figcaption><\/figure>\n<\/div>\n\n\n\n<div class=\"wp-block-column is-layout-flow wp-block-column-is-layout-flow\">\n<h2 class=\"wp-block-heading\" id=\"50-jahre-hohner\">50 Years: H\u00f6hner<\/h2>\n\n\n\n<p>Maritim Hotel K\u00f6ln\u00a0<br>31 Aug \u2013 12 Feb 2023<\/p>\n\n\n\n<p>The H\u00f6hner band is as much part of Cologne as is K\u00f6lsch and carnival. In 1972 the cult band \u2013 still known as \u2018Ne H\u00f6hnerhoff, a feathery quartet in chicken outfits \u2013 entertained carnival-goers for the first time. Today it has achieved nationwide fame. Songs such as \u2018Via Colonia\u2019 and \u2018Ich ben ne R\u00e4uber\u2019 are enjoyed by listeners across the generations. With special events such as the classical evenings with the K\u00f6lner Philharmonie and the H\u00f6hner Rockin\u2019 Roncalli Show, this Cologne institution keeps demonstrating anew that it is musically more multifaceted than just being a carnival band.<\/p>\n\n\n\n<p>In honour of the band\u2019s 50<sup>th<\/sup> anniversary, the K\u00f6lnisches Stadtmuseum is dedicating a colourful special exhibition to the diverse history of Cologne\u2019s most feathery band.<\/p>\n\n\n\n<p>The exhibition venue will be the Maritim Hotel, which is one of the top addresses in Cologne during carnival season!<\/p>\n<\/div>\n<\/div>\n\n\n\n<hr class=\"wp-block-separator has-css-opacity is-style-wide\"\/>\n\n\n\n<figure class=\"wp-block-image aligncenter size-full\"><a href=\"https:\/\/www.koelnisches-stadtmuseum.de\/ausstellung\/dauerausstellung\/\"><img decoding=\"async\" width=\"1260\" height=\"200\" src=\"https:\/\/www.koelnisches-stadtmuseum.de\/wp-content\/uploads\/2022\/03\/Banner_quer-mit-Punkten2.png\" alt=\"Werbebanner. Im Hintergrund sieht man den Fu\u00df des K\u00f6lner Doms, darauf den Namen der neuen Dauerausstellung &quot;Stadt. Geschichte. Anders.&quot; in wei\u00dfen Buchstaben.\" class=\"wp-image-3853\" srcset=\"https:\/\/www.koelnisches-stadtmuseum.de\/wp-content\/uploads\/2022\/03\/Banner_quer-mit-Punkten2.png 1260w, https:\/\/www.koelnisches-stadtmuseum.de\/wp-content\/uploads\/2022\/03\/Banner_quer-mit-Punkten2-300x48.png 300w, https:\/\/www.koelnisches-stadtmuseum.de\/wp-content\/uploads\/2022\/03\/Banner_quer-mit-Punkten2-1024x163.png 1024w, https:\/\/www.koelnisches-stadtmuseum.de\/wp-content\/uploads\/2022\/03\/Banner_quer-mit-Punkten2-768x122.png 768w\" sizes=\"(max-width: 1260px) 100vw, 1260px\" \/><\/a><\/figure>\n\n\n\n<hr class=\"wp-block-separator has-css-opacity is-style-wide\"\/>\n\n\n\n<div class=\"wp-block-buttons is-horizontal is-content-justification-center is-layout-flex wp-container-core-buttons-is-layout-03627597 wp-block-buttons-is-layout-flex\"><\/div>\n","protected":false},"excerpt":{"rendered":"<p>Our special exhibitions will take you on ever new, exciting trips through time through Cologne\u2019s adventurous past.<\/p>\n","protected":false},"author":7,"featured_media":7646,"parent":6201,"menu_order":240,"comment_status":"closed","ping_status":"closed","template":"","meta":{"_acf_changed":false,"footnotes":""},"class_list":["post-4109","page","type-page","status-publish","has-post-thumbnail","hentry","wpbf-post"],"acf":[],"_links":{"self":[{"href":"https:\/\/www.koelnisches-stadtmuseum.de\/en\/wp-json\/wp\/v2\/pages\/4109","targetHints":{"allow":["GET"]}}],"collection":[{"href":"https:\/\/www.koelnisches-stadtmuseum.de\/en\/wp-json\/wp\/v2\/pages"}],"about":[{"href":"https:\/\/www.koelnisches-stadtmuseum.de\/en\/wp-json\/wp\/v2\/types\/page"}],"author":[{"embeddable":true,"href":"https:\/\/www.koelnisches-stadtmuseum.de\/en\/wp-json\/wp\/v2\/users\/7"}],"replies":[{"embeddable":true,"href":"https:\/\/www.koelnisches-stadtmuseum.de\/en\/wp-json\/wp\/v2\/comments?post=4109"}],"version-history":[{"count":18,"href":"https:\/\/www.koelnisches-stadtmuseum.de\/en\/wp-json\/wp\/v2\/pages\/4109\/revisions"}],"predecessor-version":[{"id":9175,"href":"https:\/\/www.koelnisches-stadtmuseum.de\/en\/wp-json\/wp\/v2\/pages\/4109\/revisions\/9175"}],"up":[{"embeddable":true,"href":"https:\/\/www.koelnisches-stadtmuseum.de\/en\/wp-json\/wp\/v2\/pages\/6201"}],"wp:featuredmedia":[{"embeddable":true,"href":"https:\/\/www.koelnisches-stadtmuseum.de\/en\/wp-json\/wp\/v2\/media\/7646"}],"wp:attachment":[{"href":"https:\/\/www.koelnisches-stadtmuseum.de\/en\/wp-json\/wp\/v2\/media?parent=4109"}],"curies":[{"name":"wp","href":"https:\/\/api.w.org\/{rel}","templated":true}]}}