{"id":4101,"date":"2021-10-13T16:44:59","date_gmt":"2021-10-13T14:44:59","guid":{"rendered":"https:\/\/stadtmuseum.result.de\/barrierefreiheit\/"},"modified":"2024-03-12T21:50:46","modified_gmt":"2024-03-12T20:50:46","slug":"digitale-barrierefreiheit","status":"publish","type":"page","link":"https:\/\/www.koelnisches-stadtmuseum.de\/en\/digitale-barrierefreiheit\/","title":{"rendered":"Digitale Barrierefreiheit"},"content":{"rendered":"\n<div style=\"height:40px\" aria-hidden=\"true\" class=\"wp-block-spacer\"><\/div>\n\n\n\n<div class=\"wp-block-columns is-layout-flex wp-container-core-columns-is-layout-28f84493 wp-block-columns-is-layout-flex\">\n<div class=\"wp-block-column is-vertically-aligned-center is-layout-flow wp-block-column-is-layout-flow\" style=\"flex-basis:33.33%\">\n<h1 class=\"wp-block-heading\" id=\"wegmarken-der-stadtgeschichte\">Digitale Barrierefreiheit<\/h1>\n<\/div>\n\n\n\n<div class=\"wp-block-column is-vertically-aligned-center is-layout-flow wp-block-column-is-layout-flow\" style=\"flex-basis:66.66%\">\n<p>Das K\u00f6lnische Stadtmuseum ist bem\u00fcht, die Webseite des Hauses im Einklang mit&nbsp;den nationalen Rechtsvorschriften zur Umsetzung der Richtlinie (EU) 2016\/2102 des Europ\u00e4ischen Parlaments und des Rates&nbsp;barrierefrei zug\u00e4nglich zu machen<\/p>\n<\/div>\n<\/div>\n\n\n\n<hr class=\"wp-block-separator has-css-opacity is-style-wide\"\/>\n\n\n\n<div class=\"wp-block-columns is-layout-flex wp-container-core-columns-is-layout-28f84493 wp-block-columns-is-layout-flex\">\n<div class=\"wp-block-column is-layout-flow wp-block-column-is-layout-flow\" style=\"flex-basis:50%\">\n<h2 class=\"wp-block-heading\">Information<\/h2>\n<\/div>\n\n\n\n<div class=\"wp-block-column is-layout-flow wp-block-column-is-layout-flow\" style=\"flex-basis:50%\">\n<p>Auch wenn unserer Seite noch nicht f\u00fcr alle Menschen mit Beeintr\u00e4chtigungen uneingeschr\u00e4nkt zug\u00e4nglich ist, sind folgende Ma\u00dfnahmen auf unserer Webseite konsequent durchgesetzt worden:<\/p>\n\n\n\n<ul class=\"wp-block-list\">\n<li>Alle Inhalte sind f\u00fcr verschiedene Bildschirmaufl\u00f6sungen optimiert.<\/li>\n\n\n\n<li>Ausreichender Kontrast zwischen Vorder- und Hintergrundfarben ist gegeben. Hierbei orientieren wir uns an den WCAG-Kriterien f\u00fcr barrierefreie Web-Inhalte.<\/li>\n\n\n\n<li>Die Navigation und die Kacheln auf der Startseite sind nicht nur via Maus, sondern auch \u00fcber die Tastatur bedienbar.<\/li>\n\n\n\n<li>Die Navigation ist leicht verst\u00e4ndlich, so dass sich alle Besucher*innen intuitiv zurechtfinden k\u00f6nnen.&nbsp;<\/li>\n\n\n\n<li>Die g\u00e4ngige Seitenstruktur ist aussagekr\u00e4ftig und einfach. Durch die Verwendung von Tags wie H1-H6 kann die Seite f\u00fcr blinde Menschen mit einem Screenreader oder der Tastatur besser erlebbar und navigierbar gemacht werden.<\/li>\n\n\n\n<li>Alle Bilder werden von uns mit Metadaten versehen. Alternativtexte&nbsp;machen Inhalt und Funktion der Abbildungen f\u00fcr blinde Menschen zug\u00e4nglich, da diese von assistiven Technologien, zum Beispiel einem Screenreader, vorgelesen werden k\u00f6nnen.<\/li>\n\n\n\n<li>Zeitnah wird unsere Webseite um das Angebot von Texten in leichter Sprache erweitert.<\/li>\n<\/ul>\n<\/div>\n<\/div>\n\n\n\n<hr class=\"wp-block-separator has-css-opacity is-style-wide\"\/>\n\n\n\n<div class=\"wp-block-columns is-layout-flex wp-container-core-columns-is-layout-28f84493 wp-block-columns-is-layout-flex\">\n<div class=\"wp-block-column is-layout-flow wp-block-column-is-layout-flow\" style=\"flex-basis:50%\">\n<h2 class=\"wp-block-heading\">Feedback &amp; Kontakt<\/h2>\n<\/div>\n\n\n\n<div class=\"wp-block-column is-layout-flow wp-block-column-is-layout-flow\" style=\"flex-basis:50%\">\n<p>Wir bem\u00fchen uns, unsere Website barrierefrei zu machen und zu halten. Sollten Sie Hinweise oder Anregungen im Bezug auf die Barrierefreiheit unserer Website haben, freuen wir uns auf Ihre Anmerkungen. Wir \u00fcberpr\u00fcfen diese, korrigieren den Fehler oder \u00fcberpr\u00fcfen, wie wir zuk\u00fcnftig diese Barriere entfernen k\u00f6nnen.<\/p>\n\n\n\n<p>Melden Sie sich gerne bei unserer Online-Redakteurin<br><strong>Dr. Wibke Becker<\/strong> (<a rel=\"noreferrer noopener\" href=\"mailto:wibke.becker@stadt-koeln.de\" target=\"_blank\">wibke.becker@stadt-koeln.de<\/a>)<\/p>\n<\/div>\n<\/div>\n","protected":false},"excerpt":{"rendered":"<p>Digitale Barrierefreiheit Das K\u00f6lnische Stadtmuseum ist bem\u00fcht, die Webseite des Hauses im Einklang mit&nbsp;den nationalen Rechtsvorschriften zur Umsetzung der Richtlinie (EU) 2016\/2102 des Europ\u00e4ischen Parlaments und des Rates&nbsp;barrierefrei zug\u00e4nglich zu machen Information Auch wenn unserer&#8230;<\/p>\n","protected":false},"author":7,"featured_media":0,"parent":0,"menu_order":720,"comment_status":"closed","ping_status":"closed","template":"","meta":{"_acf_changed":false,"footnotes":""},"class_list":["post-4101","page","type-page","status-publish","hentry","wpbf-post"],"acf":[],"_links":{"self":[{"href":"https:\/\/www.koelnisches-stadtmuseum.de\/en\/wp-json\/wp\/v2\/pages\/4101","targetHints":{"allow":["GET"]}}],"collection":[{"href":"https:\/\/www.koelnisches-stadtmuseum.de\/en\/wp-json\/wp\/v2\/pages"}],"about":[{"href":"https:\/\/www.koelnisches-stadtmuseum.de\/en\/wp-json\/wp\/v2\/types\/page"}],"author":[{"embeddable":true,"href":"https:\/\/www.koelnisches-stadtmuseum.de\/en\/wp-json\/wp\/v2\/users\/7"}],"replies":[{"embeddable":true,"href":"https:\/\/www.koelnisches-stadtmuseum.de\/en\/wp-json\/wp\/v2\/comments?post=4101"}],"version-history":[{"count":6,"href":"https:\/\/www.koelnisches-stadtmuseum.de\/en\/wp-json\/wp\/v2\/pages\/4101\/revisions"}],"predecessor-version":[{"id":12359,"href":"https:\/\/www.koelnisches-stadtmuseum.de\/en\/wp-json\/wp\/v2\/pages\/4101\/revisions\/12359"}],"wp:attachment":[{"href":"https:\/\/www.koelnisches-stadtmuseum.de\/en\/wp-json\/wp\/v2\/media?parent=4101"}],"curies":[{"name":"wp","href":"https:\/\/api.w.org\/{rel}","templated":true}]}}