{"id":4093,"date":"2021-10-05T17:26:20","date_gmt":"2021-10-05T15:26:20","guid":{"rendered":"https:\/\/stadtmuseum.result.de\/impressum\/"},"modified":"2024-03-21T16:44:35","modified_gmt":"2024-03-21T15:44:35","slug":"imprint","status":"publish","type":"page","link":"https:\/\/www.koelnisches-stadtmuseum.de\/en\/imprint\/","title":{"rendered":"Imprint"},"content":{"rendered":"\n<p>Anbieterkennzeichnung nach \u00a7 5 TMG<\/p>\n\n<p>Stadt K\u00f6ln<br\/>Die Oberb\u00fcrgermeisterin<br\/>Henriette Reker<br\/>Historisches Rathaus<br\/>50667 K\u00f6ln-Innenstadt<br\/>Telefon: 0221 \/ 221-0<br\/>Telefax: 0221 \/ 221-22211<\/p>\n\n<p><a href=\"mailto:stadtverwaltung@stadt-koeln.de\">stadtverwaltung@stadt-koeln.de<br\/><\/a>Umsatzsteuer-ID: 122790626 <\/p>\n\n<p><strong>Redaktionelle Verantwortung:<\/strong><\/p>\n\n<p>Amt f\u00fcr Presse und \u00d6ffentlichkeitsarbeit<br\/>Hohe Stra\u00dfe 115<br\/>50667 K\u00f6ln<br\/>Online-Redaktion der Stadt K\u00f6ln<br\/>Telefon: 0221 221-33995<br\/>Telefax: 0221 221-33990<br\/><a href=\"mailto:online-redaktion@stadt-koeln.de\">online-redaktion@stadt-koeln.de<\/a><\/p>\n\n<p><strong>Direktor:<\/strong><\/p>\n\n<p>Dr. Mario Kramp<br\/>K\u00f6lnisches Stadtmuseum<br\/>Zeughausstr. 1-3<br\/>50667 K\u00f6ln<br\/><a href=\"mailto:ksm@museenkoeln.de\">ksm@museenkoeln.de<br\/><\/a>Telefon: 0221\/221-22398 (Kasse)<\/p>\n\n<p><strong>Redakteur:<\/strong><\/p>\n\n<p>Dr. Wibke Becker<br\/>K\u00f6lnisches Stadtmuseum<br\/>Zeughausstra\u00dfe 1-3<br\/>50667 K\u00f6ln <br\/>Telefon: 0221\/221-23030<br\/>E-Mail: <a href=\"mailto:wibke.becker@stadt-koeln.de\">wibke.becker@stadt-koeln.de<\/a><\/p>\n\n<p>Inhaltlich verantwortlich f\u00fcr diese Webseite i.S.d. \u00a7 55 II RStV ist der jeweilige Leiter der Einrichtung.<\/p>\n\n<p>Sollten Sie Fragen zu Ihren personenbezogenen Daten haben, k\u00f6nnen Sie sich an den Datenschutzbeauftragten der Stadt K\u00f6ln oder die Datenschutzbeauftragte des Landes NRW (LDI) wenden.<\/p>\n\n<p>Datenschutzbeauftragter der Stadt K\u00f6ln<br\/>Postfach 10 35 64<br\/>50475 K\u00f6ln<br\/>Telefon: 0221 221-22457<br\/>datenschutzbeauftragter@stadt-koeln.de<br\/>Landesbeauftragte f\u00fcr Datenschutz und Informationsfreiheit Nordrhein-Westfalen<br\/>Postfach 20 04 44<br\/>40102 D\u00fcsseldorf<br\/>Telefon: 0211\/38424-0<br\/><a href=\"mailto:poststelle@ldi.nrw.de\">poststelle@ldi.nrw.de<\/a><\/p>\n\n<div style=\"height:40px\" aria-hidden=\"true\" class=\"wp-block-spacer\"><\/div>\n\n<h3 class=\"wp-block-heading\" id=\"rechtlicher-hinweis-haftungsausschluss\">Rechtlicher Hinweis \/ Haftungsausschluss:<\/h3>\n\n<p>Die Stadt K\u00f6ln hat stets die Richtigkeit, Vollst\u00e4ndigkeit und Aktualit\u00e4t der in dieser Internetpr\u00e4senz bereitgestellten Informationen zum Ziel. Dennoch k\u00f6nnen Fehler und Unklarheiten nicht ausgeschlossen werden.<\/p>\n\n<p>Die Stadt K\u00f6ln \u00fcbernimmt daher weder Gew\u00e4hr f\u00fcr die Aktualit\u00e4t, Richtigkeit, Vollst\u00e4ndigkeit, Qualit\u00e4t und jederzeitige Verf\u00fcgbarkeit der bereitgestellten Informationen noch f\u00fcr das Ausbleiben anderweitiger technischer St\u00f6rungen.<\/p>\n\n<p>F\u00fcr Sch\u00e4den, die durch die Nutzung der zur Verf\u00fcgung gestellten Informationen oder Daten oder durch die Nutzung fehlerhafter und\/oder unvollst\u00e4ndiger Informationen oder Daten verursacht werden, haftet die Stadt K\u00f6ln nicht, sofern ihr nicht vors\u00e4tzliches oder grob fahrl\u00e4ssiges Verschulden zur Last f\u00e4llt. Dieser Ausschluss gilt nicht f\u00fcr Sch\u00e4den aus der Verletzung des Lebens, des K\u00f6rpers oder der Gesundheit.<\/p>\n\n<h3 class=\"wp-block-heading\" id=\"hinweise-zu-verweisen-und-links\">Hinweise zu Verweisen und Links:<\/h3>\n\n<p>Diese Webseite enth\u00e4lt als Information auch entsprechend gekennzeichnete Links oder Verweise auf Webseiten Dritter. Die Verantwortlichkeit f\u00fcr diese fremden Inhalte liegt alleine bei dem Anbieter, der die Inhalte bereith\u00e4lt. Die Stadt K\u00f6ln vermittelt lediglich den Zugang zur Nutzung dieser Inhalte.<\/p>\n\n<p>Soweit in der Internetpr\u00e4senz der Stadt K\u00f6ln ein Zugang zu fremden Inhalten, etwa in Form von Links, vermittelt wird, die von anderen Anbietern bereit gestellt werden, wird darauf hingewiesen, dass die Stadt K\u00f6ln auf diese fremden Inhalte keinen Einfluss hat und sich diese Inhalte auch nicht zu eigen macht. Die Stadt K\u00f6ln hat derzeit keine positiven Kenntnisse \u00fcber rechtswidrige oder anst\u00f6\u00dfige Inhalte auf den \u00fcber Link verkn\u00fcpften Seiten fremder Anbieter. Sollten dennoch auf den verkn\u00fcpften Seiten fremder Anbieter rechtswidrige oder anst\u00f6\u00dfige Inhalte enthalten sein, so distanziert sich die Stadt K\u00f6ln von diesen Inhalten ausdr\u00fccklich.<\/p>\n\n<p>F\u00fcr illegale, fehlerhafte oder unvollst\u00e4ndige Inhalte und insbesondere Sch\u00e4den, die aus der Nutzung oder Nichtnutzung von Informationen Dritter entstehen, haftet allein der Anbieter der Seite, auf welche verwiesen wurde, nicht derjenige, der \u00fcber Links auf die jeweilige Ver\u00f6ffentlichung lediglich verweist.<\/p>\n\n<h3 class=\"wp-block-heading\" id=\"recht-am-eigenen-bild-bei-personenabbildungen-haftungsausschluss\">Recht am eigenen Bild bei Personenabbildungen\/Haftungsausschluss<\/h3>\n\n<p>Nach \u00a7 22 Absatz 1 des Kunsturhebergesetzes (KUG) &#8220;d\u00fcrfen Bildnisse nur mit Einwilligung der abgebildeten Person verbreitet oder \u00f6ffentlich zur Schau gestellt werden&#8221;. Die auf den Seiten dieser Website abgebildeten Personen haben ihr Einverst\u00e4ndnis gegeben.<\/p>\n\n<p>Sofern trotz sorgf\u00e4ltiger inhaltlicher Kontrolle ein Bild ver\u00f6ffentlicht wurde, das gegen diesen Grundsatz verst\u00f6\u00dft oder wenn Sie die Entfernung des ver\u00f6ffentlichten Fotos w\u00fcnschen (Widerruf der Einwilligung), k\u00f6nnen Sie uns dies schriftlich mitteilen. Es gen\u00fcgt, wenn Sie uns eine E-Mail oder ein Fax schicken. Bitte beschreiben Sie das Bild genau und geben an, auf welcher Seite es sich befindet.<\/p>\n\n<p>Wenn Sie widerrufen, wird die Stadt K\u00f6ln das Bild oder die Bilder unverz\u00fcglich l\u00f6schen und zuk\u00fcnftig nicht mehr verwenden.<\/p>\n\n<h3 class=\"wp-block-heading\" id=\"hinweise-zum-urheberrecht\">Hinweise zum Urheberrecht<\/h3>\n\n<p>Alle Seiten des Internetauftrittes der Museen, der Kunst- und Museumsbibliothek und des Museumsdienstes der Stadt K\u00f6ln unterliegen dem Urheberrecht (Copyright). Dies gilt insbesondere f\u00fcr alle auf den Webseiten ver\u00f6ffentlichten Inhalte wie Texte, Bilder, Grafiken, Ton-, Video- oder Animationsdateien sowie Layout einschlie\u00dflich der Gesamtanordnung auf den Webseiten.<\/p>\n\n<p>Eine Vervielf\u00e4ltigung oder Verwendung solcher Texte, auch nur Teilen davon, in anderen elektronischen oder gedruckten Publikationen und deren Ver\u00f6ffentlichung &#8211; auch im Internet &#8211; ist nur nach vorheriger schriftlicher Genehmigung der Stadt K\u00f6ln gestattet.<\/p>\n\n<p>Die kommerzielle Nutzung jeglicher Bestandteile dieses Internetauftrittes ist nicht gestattet!<\/p>\n\n<p>Der Nachdruck und die Auswertung von Pressemitteilungen und Reden sind mit Quellenangabe gestattet.<\/p>\n\n<p>Die Genehmigung zur Publikation der Webseiten f\u00fcr eine private, nicht kommerzielle Nutzung kann im Einzelfall die Online-Redaktion erteilen.<\/p>\n\n<p>Die unerlaubte Reproduktion oder Weitergabe einzelner Inhalte oder kompletter Seiten wird straf- und zivilrechtlich verfolgt.<\/p>\n","protected":false},"excerpt":{"rendered":"<p>Anbieterkennzeichnung nach \u00a7 5 TMG Stadt K\u00f6lnDie Oberb\u00fcrgermeisterinHenriette RekerHistorisches Rathaus50667 K\u00f6ln-InnenstadtTelefon: 0221 \/ 221-0Telefax: 0221 \/ 221-22211 stadtverwaltung@stadt-koeln.deUmsatzsteuer-ID: 122790626 Redaktionelle Verantwortung: Amt f\u00fcr Presse und \u00d6ffentlichkeitsarbeitHohe Stra\u00dfe 11550667 K\u00f6lnOnline-Redaktion der Stadt K\u00f6lnTelefon: 0221 221-33995Telefax: 0221&#8230;<\/p>\n","protected":false},"author":7,"featured_media":0,"parent":0,"menu_order":1000,"comment_status":"closed","ping_status":"closed","template":"","meta":{"_acf_changed":false,"footnotes":""},"class_list":["post-4093","page","type-page","status-publish","hentry","wpbf-post"],"acf":[],"_links":{"self":[{"href":"https:\/\/www.koelnisches-stadtmuseum.de\/en\/wp-json\/wp\/v2\/pages\/4093","targetHints":{"allow":["GET"]}}],"collection":[{"href":"https:\/\/www.koelnisches-stadtmuseum.de\/en\/wp-json\/wp\/v2\/pages"}],"about":[{"href":"https:\/\/www.koelnisches-stadtmuseum.de\/en\/wp-json\/wp\/v2\/types\/page"}],"author":[{"embeddable":true,"href":"https:\/\/www.koelnisches-stadtmuseum.de\/en\/wp-json\/wp\/v2\/users\/7"}],"replies":[{"embeddable":true,"href":"https:\/\/www.koelnisches-stadtmuseum.de\/en\/wp-json\/wp\/v2\/comments?post=4093"}],"version-history":[{"count":2,"href":"https:\/\/www.koelnisches-stadtmuseum.de\/en\/wp-json\/wp\/v2\/pages\/4093\/revisions"}],"predecessor-version":[{"id":13462,"href":"https:\/\/www.koelnisches-stadtmuseum.de\/en\/wp-json\/wp\/v2\/pages\/4093\/revisions\/13462"}],"wp:attachment":[{"href":"https:\/\/www.koelnisches-stadtmuseum.de\/en\/wp-json\/wp\/v2\/media?parent=4093"}],"curies":[{"name":"wp","href":"https:\/\/api.w.org\/{rel}","templated":true}]}}