{"id":3951,"date":"2021-07-12T12:30:10","date_gmt":"2021-07-12T10:30:10","guid":{"rendered":"https:\/\/stadtmuseum.result.de\/plan-your-visit\/"},"modified":"2026-01-30T17:22:35","modified_gmt":"2026-01-30T16:22:35","slug":"plan-your-visit","status":"publish","type":"page","link":"https:\/\/www.koelnisches-stadtmuseum.de\/en\/visit\/plan-your-visit\/","title":{"rendered":"Plan Your Visit!"},"content":{"rendered":"\n<div style=\"height:40px\" aria-hidden=\"true\" class=\"wp-block-spacer\"><\/div>\n\n\n\n<div style=\"height:30px\" aria-hidden=\"true\" class=\"wp-block-spacer\"><\/div>\n\n\n\n<h1 class=\"wp-block-heading\" style=\"font-size:70px\">Plan Your Visit!<\/h1>\n\n\n\n<div style=\"height:30px\" aria-hidden=\"true\" class=\"wp-block-spacer\"><\/div>\n\n\n\n<h2 class=\"wp-block-heading\" style=\"text-transform:uppercase\">The new Cologne city museum is looking forward to your visit!<\/h2>\n\n\n\n<p><strong>A museum that tells the city\u2019s history in an utterly different way \u2013 surprising, unconventional, and emotional. You can look forward to an unusual location, an innovative exhibition, and above all: unique exhibits!<\/strong><\/p>\n\n\n\n<div style=\"height:23px\" aria-hidden=\"true\" class=\"wp-block-spacer\"><\/div>\n\n\n\n<hr class=\"wp-block-separator has-alpha-channel-opacity is-style-wide\"\/>\n\n\n\n<div class=\"wp-block-columns is-layout-flex wp-container-core-columns-is-layout-28f84493 wp-block-columns-is-layout-flex\">\n<div class=\"wp-block-column is-vertically-aligned-center is-layout-flow wp-block-column-is-layout-flow\">\n<figure class=\"wp-block-image aligncenter size-full is-resized\"><img decoding=\"async\" width=\"591\" height=\"874\" src=\"https:\/\/www.koelnisches-stadtmuseum.de\/wp-content\/uploads\/2024\/03\/All_of_Cologne.webp\" alt=\"\" class=\"wp-image-13341\" style=\"width:539px\" srcset=\"https:\/\/www.koelnisches-stadtmuseum.de\/wp-content\/uploads\/2024\/03\/All_of_Cologne.webp 591w, https:\/\/www.koelnisches-stadtmuseum.de\/wp-content\/uploads\/2024\/03\/All_of_Cologne-203x300.webp 203w, https:\/\/www.koelnisches-stadtmuseum.de\/wp-content\/uploads\/2024\/03\/All_of_Cologne-220x325.webp 220w, https:\/\/www.koelnisches-stadtmuseum.de\/wp-content\/uploads\/2024\/03\/All_of_Cologne-440x650.webp 440w, https:\/\/www.koelnisches-stadtmuseum.de\/wp-content\/uploads\/2024\/03\/All_of_Cologne-433x640.webp 433w\" sizes=\"(max-width: 591px) 100vw, 591px\" \/><figcaption class=\"wp-element-caption\">(\u00a9 RBA, T. Kreusler)<\/figcaption><\/figure>\n<\/div>\n\n\n\n<div class=\"wp-block-column is-vertically-aligned-center is-layout-flow wp-block-column-is-layout-flow\">\n<h2 class=\"wp-block-heading has-text-align-left\">Our new address in the heart of Cologne<\/h2>\n\n\n\n<p class=\"has-text-align-left\"><br><strong>K\u00f6lnisches Stadtmuseum<\/strong><br>Minoritenstrasse 13<br>50667 Cologne<\/p>\n\n\n\n<p class=\"has-text-align-left\">Postal address and administrative entrance:<br>Kolumbahof 3<br><br><\/p>\n\n\n\n<h2 class=\"wp-block-heading has-text-align-left\">Opening hours <\/h2>\n\n\n\n<p><strong><strong>Tuesday<\/strong> to Sunday:<\/strong><br>10 am to 5 pm<br><br><strong>1st Thursday of the month:<\/strong><br>10 am to 10 pm<br><em>(except on public holidays)<\/em><br><br><strong>Carnival:<\/strong><br>Closed from 12 February to 17 February<br><\/p>\n\n\n\n<div class=\"wp-block-buttons is-content-justification-left is-layout-flex wp-container-core-buttons-is-layout-fc4fd283 wp-block-buttons-is-layout-flex\">\n<div class=\"wp-block-button is-style-ksm-button\"><a class=\"wp-block-button__link wp-element-button\" href=\"https:\/\/www.koelnisches-stadtmuseum.de\/ausstellung\/dauerausstellung\/\">All information about the new exhibition<\/a><\/div>\n<\/div>\n<\/div>\n<\/div>\n\n\n\n<hr class=\"wp-block-separator has-alpha-channel-opacity is-style-wide\"\/>\n\n\n\n<div class=\"wp-block-columns is-layout-flex wp-container-core-columns-is-layout-28f84493 wp-block-columns-is-layout-flex\">\n<div class=\"wp-block-column is-vertically-aligned-top is-layout-flow wp-block-column-is-layout-flow\">\n<h2 class=\"wp-block-heading has-text-align-left\"><br>Prices<\/h2>\n\n\n\n<p><strong>Adults<\/strong><br>5 Euro \/ Reduced*: 3 Euro<br><br><strong>Free admission:<br><\/strong>Children under the age of 7, schoolchildren, children and young people resident in Cologne up to the age of 18, schoolchildren on school visits + 2 teachers per class; Cologne residents on the day of their birthday or on K\u00f6lnTag (1st Thursday of the month); holders of the K\u00f6ln-Pass.<br><br><strong>*Reduced admission applies to:<\/strong><br>Students; trainees; those engaged in military or alternative social service, members of the German Artist Association, holders of volunteer cards.<\/p>\n\n\n\n<div class=\"wp-block-buttons is-content-justification-left is-layout-flex wp-container-core-buttons-is-layout-fc4fd283 wp-block-buttons-is-layout-flex\">\n<div class=\"wp-block-button is-style-ksm-button\"><a class=\"wp-block-button__link wp-element-button\" href=\"https:\/\/www.koelnisches-stadtmuseum.de\/besuchen\/tickets-anfahrt\/ticketmoeglichkeiten-ermaessigungen\/\">Further ticket options &amp; discounts<\/a><\/div>\n<\/div>\n<\/div>\n\n\n\n<div class=\"wp-block-column is-vertically-aligned-center is-layout-flow wp-block-column-is-layout-flow\">\n<figure class=\"wp-block-image aligncenter size-full is-resized\"><img decoding=\"async\" width=\"591\" height=\"874\" src=\"https:\/\/www.koelnisches-stadtmuseum.de\/wp-content\/uploads\/2024\/03\/What_do_we_love.webp\" alt=\"\" class=\"wp-image-13324\" style=\"width:539px\" srcset=\"https:\/\/www.koelnisches-stadtmuseum.de\/wp-content\/uploads\/2024\/03\/What_do_we_love.webp 591w, https:\/\/www.koelnisches-stadtmuseum.de\/wp-content\/uploads\/2024\/03\/What_do_we_love-203x300.webp 203w, https:\/\/www.koelnisches-stadtmuseum.de\/wp-content\/uploads\/2024\/03\/What_do_we_love-220x325.webp 220w, https:\/\/www.koelnisches-stadtmuseum.de\/wp-content\/uploads\/2024\/03\/What_do_we_love-440x650.webp 440w, https:\/\/www.koelnisches-stadtmuseum.de\/wp-content\/uploads\/2024\/03\/What_do_we_love-433x640.webp 433w\" sizes=\"(max-width: 591px) 100vw, 591px\" \/><figcaption class=\"wp-element-caption\">Cologne Cathedral in anticipated perfection, C. G. Hasenpflug, 1834\/36 (KSM\/ \u00a9 RBA)<\/figcaption><\/figure>\n<\/div>\n<\/div>\n\n\n\n<hr class=\"wp-block-separator has-alpha-channel-opacity is-style-wide\"\/>\n\n\n\n<div class=\"wp-block-columns is-layout-flex wp-container-core-columns-is-layout-28f84493 wp-block-columns-is-layout-flex\">\n<div class=\"wp-block-column is-vertically-aligned-center is-layout-flow wp-block-column-is-layout-flow\">\n<figure class=\"wp-block-image aligncenter size-full is-resized\"><img decoding=\"async\" width=\"591\" height=\"874\" src=\"https:\/\/www.koelnisches-stadtmuseum.de\/wp-content\/uploads\/2024\/03\/What_connects_us.webp\" alt=\"\" class=\"wp-image-13345\" style=\"width:539px\" srcset=\"https:\/\/www.koelnisches-stadtmuseum.de\/wp-content\/uploads\/2024\/03\/What_connects_us.webp 591w, https:\/\/www.koelnisches-stadtmuseum.de\/wp-content\/uploads\/2024\/03\/What_connects_us-203x300.webp 203w, https:\/\/www.koelnisches-stadtmuseum.de\/wp-content\/uploads\/2024\/03\/What_connects_us-220x325.webp 220w, https:\/\/www.koelnisches-stadtmuseum.de\/wp-content\/uploads\/2024\/03\/What_connects_us-440x650.webp 440w, https:\/\/www.koelnisches-stadtmuseum.de\/wp-content\/uploads\/2024\/03\/What_connects_us-433x640.webp 433w\" sizes=\"(max-width: 591px) 100vw, 591px\" \/><figcaption class=\"wp-element-caption\">Reliquary bust of a female saint, Cologne 1303\/40 <br>(\u00a9 RBA)<\/figcaption><\/figure>\n<\/div>\n\n\n\n<div class=\"wp-block-column is-layout-flow wp-block-column-is-layout-flow\">\n<h2 class=\"wp-block-heading has-text-align-left\" id=\"haben-sie-fragen\"><br><br><br>Questions?<\/h2>\n\n\n\n<p class=\"has-text-align-left\"><strong>Get in touch!<\/strong><\/p>\n\n\n\n<p class=\"has-text-align-left\">General Information:<strong><br><\/strong><a href=\"mailto:koelnisches.stadtmuseum@stadt-koeln.de\">koelnisches.stadtmuseum@stadt-koeln.de<\/a><br>+49 221 \/ 221-2398<\/p>\n\n\n\n<p class=\"has-text-align-left\">You can find the contact details of individual employees under \u201e<a href=\"https:\/\/www.koelnisches-stadtmuseum.de\/ueber-uns\/team\/\" data-type=\"link\" data-id=\"https:\/\/www.koelnisches-stadtmuseum.de\/ueber-uns\/team\/\">Team<\/a>\u201c.<\/p>\n<\/div>\n<\/div>\n\n\n\n<hr class=\"wp-block-separator has-alpha-channel-opacity is-style-wide\"\/>\n\n\n\n<div class=\"wp-block-columns is-layout-flex wp-container-core-columns-is-layout-28f84493 wp-block-columns-is-layout-flex\">\n<div class=\"wp-block-column is-vertically-aligned-center is-layout-flow wp-block-column-is-layout-flow\">\n<h2 class=\"wp-block-heading\" id=\"anfahrt\">How to reach us<\/h2>\n\n\n\n<h3 class=\"wp-block-heading\" style=\"font-size:30px\">Public transport:<\/h3>\n\n\n\n<p><strong>Underground<\/strong><br>lines 3, 4, 16, 18 to \u201cAppellhofplatz\u201d or \u201cDom\/Hbf\u201d<\/p>\n\n\n\n<p><strong>Bus<\/strong><br>line 171 to \u201cOffenbachplatz\u201d<\/p>\n\n\n\n<div style=\"height:20px\" aria-hidden=\"true\" class=\"wp-block-spacer\"><\/div>\n\n\n\n<h3 class=\"wp-block-heading\" style=\"font-size:30px\">By car (multi-storey car parks):<\/h3>\n\n\n\n<p><strong>J. &amp; R. Kalscheurer car park<\/strong><br>Glockengasse 1, 50667 Cologne<\/p>\n\n\n\n<p><strong>CONTIPARK<\/strong><br>Schwertnergasse 1, 50667 Cologne<\/p>\n\n\n\n<p><strong>Br\u00fcckenstra\u00dfe car park<\/strong><br>Ludwigstra\u00dfe 1-4, 50667 Cologne<\/p>\n<\/div>\n\n\n\n<div class=\"wp-block-column is-vertically-aligned-center is-layout-flow wp-block-column-is-layout-flow\">\n<figure class=\"wp-block-image aligncenter size-full is-resized\"><img decoding=\"async\" src=\"https:\/\/www.koelnisches-stadtmuseum.de\/wp-content\/uploads\/2022\/03\/KSM-Anfahrt.svg\" alt=\"Das Bild zeigt eine illustrierte Stadtkarte der Museumsumgebung.\" class=\"wp-image-4248\" style=\"aspect-ratio:1.0323101777059773;object-fit:cover;width:579px\"\/><\/figure>\n<\/div>\n<\/div>\n\n\n\n<hr class=\"wp-block-separator has-css-opacity is-style-wide\"\/>\n\n\n\n<div style=\"height:40px\" aria-hidden=\"true\" class=\"wp-block-spacer\"><\/div>\n\n\n\n<div class=\"wp-block-columns is-layout-flex wp-container-core-columns-is-layout-28f84493 wp-block-columns-is-layout-flex\">\n<div class=\"wp-block-column is-vertically-aligned-center is-layout-flow wp-block-column-is-layout-flow\">\n<h2 class=\"wp-block-heading\">Guided tours of the K\u00f6lnisches Stadtmuseum<\/h2>\n\n\n\n<p><strong>City.history.afresh: Eight questions. In the past, today and tomorrow: <\/strong>The Cologne Museum Service offers 60-minute public overview tours several times a week in nine different languages<\/p>\n\n\n\n<p><strong>Please note: The guided tours take place every two weeks. You can find the exact dates in the<a href=\"https:\/\/www.koelnisches-stadtmuseum.de\/besuchen\/veranstaltungskalender\/\" target=\"_blank\" rel=\"noreferrer noopener\"> events calendar<\/a>!<\/strong><\/p>\n\n\n\n<p><strong>Tuesdays<\/strong><br>6 pm<br>for adults (in German)<\/p>\n\n\n\n<p><strong>Thursdays<\/strong><br>3.30 pm<br>for adults (in German)<\/p>\n\n\n\n<p><strong>Saturdays<\/strong><br>2 pm<br>for adults (alternating between<strong> English, French, Urkainian and K\u00f6lsch<\/strong>. You can find out when and in which language <a href=\"https:\/\/museenkoeln.de\/portal\/Veranstaltungskalender?zf=&amp;dtvon=&amp;dtbis=&amp;zgr=&amp;art=&amp;Inst=10\" data-type=\"link\" data-id=\"https:\/\/museenkoeln.de\/portal\/Veranstaltungskalender\" target=\"_blank\" rel=\"noreferrer noopener\">here (only in German)<\/a>)<br><br><strong>Sundays<\/strong><br>2 pm<br>Guided tour for families<\/p>\n\n\n\n<p>The number of participants is limited.<\/p>\n\n\n\n<p>(Regular events until April 2025)<br><\/p>\n\n\n\n<div class=\"wp-block-buttons is-layout-flex wp-block-buttons-is-layout-flex\">\n<div class=\"wp-block-button is-style-ksm-button\"><a class=\"wp-block-button__link wp-element-button\" href=\"https:\/\/www.koelnisches-stadtmuseum.de\/en\/visit\/events-and-activities\/\" target=\"_blank\" rel=\"noreferrer noopener\">all public guided tours<\/a><\/div>\n<\/div>\n\n\n\n<p><strong>Individual guided tours<\/strong> <br>You can also book individual guided tours via the Cologne Museum Service (from mid-April onwards).<\/p>\n\n\n\n<div class=\"wp-block-buttons is-layout-flex wp-block-buttons-is-layout-flex\">\n<div class=\"wp-block-button is-style-ksm-button\"><a class=\"wp-block-button__link wp-element-button\" href=\"https:\/\/museenkoeln.de\/portal\/Guided-group-tours-also-for-groups-of-school-children?zgr=&amp;Inst=10\" target=\"_blank\" rel=\"noreferrer noopener\">Book directly<\/a><\/div>\n<\/div>\n\n\n\n<p>For further information, please contact:<br><a href=\"mailto:service.museumsdienst@stadt-koeln.de\">service.museumsdienst@stadt-koeln.de<\/a><br>&nbsp;+49 221 \/ 221 27380<\/p>\n\n\n\n<p><br><br><\/p>\n<\/div>\n\n\n\n<div class=\"wp-block-column is-layout-flow wp-block-column-is-layout-flow\">\n<figure class=\"wp-block-image aligncenter size-full is-resized\"><img decoding=\"async\" src=\"https:\/\/www.koelnisches-stadtmuseum.de\/wp-content\/uploads\/2024\/03\/guided_tours_300x650-1.svg\" alt=\"\" class=\"wp-image-13400\" style=\"width:539px\"\/><\/figure>\n<\/div>\n<\/div>\n\n\n\n<hr class=\"wp-block-separator has-alpha-channel-opacity is-style-wide\"\/>\n\n\n\n<h3 class=\"wp-block-heading has-text-align-center\">The school programmes will start in summer 2024!<\/h3>\n\n\n\n<div class=\"wp-block-buttons is-content-justification-center is-layout-flex wp-container-core-buttons-is-layout-a89b3969 wp-block-buttons-is-layout-flex\">\n<div class=\"wp-block-button is-style-ksm-button\"><a class=\"wp-block-button__link wp-element-button\" href=\"https:\/\/museenkoeln.de\/portal\/Guided-group-tours-also-for-groups-of-school-children\">All information about our school programmes<\/a><\/div>\n<\/div>\n\n\n\n<hr class=\"wp-block-separator has-css-opacity is-style-wide\"\/>\n\n\n\n<div class=\"wp-block-columns is-layout-flex wp-container-core-columns-is-layout-28f84493 wp-block-columns-is-layout-flex\">\n<div class=\"wp-block-column is-layout-flow wp-block-column-is-layout-flow\">\n<h2 class=\"wp-block-heading\" id=\"die-umgebung\">The Surrounding Area<\/h2>\n<\/div>\n\n\n\n<div class=\"wp-block-column is-layout-flow wp-block-column-is-layout-flow\">\n<p class=\"no-margin-bottom\" style=\"font-size:30px\"><strong>Attractions<\/strong><\/p>\n\n\n\n<p>The new museum venue is just a stone\u2019s throw from the two main pedestrian streets Hohe Stra\u00dfe and Schildergasse. It\u2019s also just a short walk to Cologne Cathedral. <\/p>\n\n\n\n<p>The MAKK \u2013 Museum f\u00fcr Angewandte Kunst \u2013 is also very close to our museum. Another nearby attraction is the Kolumba, the art museum of the archdiocese of Cologne which was designed by Swiss architect Peter Zumthor. Integrated into the museum is the impressive St. Kolumba chapel<em> <\/em>\u2018Madonna in den Tr\u00fcmmern\u2019 (\u2018Madonna in the Ruins\u2019), an oasis of calm in the middle of a lively city centre. <\/p>\n\n\n\n<p class=\"no-margin-bottom\" style=\"font-size:30px\"><strong>Restaurant &amp; Caf\u00e9s<\/strong><\/p>\n\n\n\n<p>In the museum\u2019s immediate vicinity there are many caf\u00e9s and restaurants inviting visitors to stop and spend some time. There\u2019s the popular Caf\u00e9 Espresso Perfetto, the well-known Italian restaurant Veltri Gastronomia and the vegan restaurant Sattgr\u00fcn.<\/p>\n<\/div>\n<\/div>\n\n\n\n<hr class=\"wp-block-separator has-css-opacity is-style-wide\"\/>\n\n\n\n<div class=\"wp-block-columns is-layout-flex wp-container-core-columns-is-layout-28f84493 wp-block-columns-is-layout-flex\">\n<div class=\"wp-block-column is-vertically-aligned-center is-layout-flow wp-block-column-is-layout-flow\">\n<h2 class=\"wp-block-heading\" id=\"barrierefreiheit\">Accessibility<\/h2>\n\n\n\n<p>K\u00f6lnisches Stadtmuseum is designed to be inclusive and accessible. There are also numerous opportunities for people with visual impairments to experience the exhibition.<\/p>\n\n\n\n<div class=\"wp-block-buttons is-layout-flex wp-block-buttons-is-layout-flex\">\n<div class=\"wp-block-button is-style-ksm-button\"><a class=\"wp-block-button__link wp-element-button\" href=\"https:\/\/www.koelnisches-stadtmuseum.de\/besuchen\/museum-fur-alle\/\">more information<\/a><\/div>\n<\/div>\n<\/div>\n\n\n\n<div class=\"wp-block-column is-layout-flow wp-block-column-is-layout-flow\">\n<figure class=\"wp-block-image size-large\"><img decoding=\"async\" width=\"1024\" height=\"632\" src=\"https:\/\/www.koelnisches-stadtmuseum.de\/wp-content\/uploads\/2022\/02\/1_Der-Auftaktraum_Visualisierung-neo.studioweb-1024x632.jpg\" alt=\"Die Visualisierung zeigt den neuen Auftaktraum der Ausstellung. Er ist in einem dunklem Grauton gehalten. Es stehen Personen im Raum und schauen sich Ausstellungsgegenst\u00e4nde an.\" class=\"wp-image-3813\" srcset=\"https:\/\/www.koelnisches-stadtmuseum.de\/wp-content\/uploads\/2022\/02\/1_Der-Auftaktraum_Visualisierung-neo.studioweb-1024x632.jpg 1024w, https:\/\/www.koelnisches-stadtmuseum.de\/wp-content\/uploads\/2022\/02\/1_Der-Auftaktraum_Visualisierung-neo.studioweb-300x185.jpg 300w, https:\/\/www.koelnisches-stadtmuseum.de\/wp-content\/uploads\/2022\/02\/1_Der-Auftaktraum_Visualisierung-neo.studioweb-768x474.jpg 768w, https:\/\/www.koelnisches-stadtmuseum.de\/wp-content\/uploads\/2022\/02\/1_Der-Auftaktraum_Visualisierung-neo.studioweb.jpg 1100w\" sizes=\"(max-width: 1024px) 100vw, 1024px\" \/><figcaption class=\"wp-element-caption\">(\u00a9 neo.studio neumann schneider architekten)<\/figcaption><\/figure>\n<\/div>\n<\/div>\n\n\n\n<hr class=\"wp-block-separator has-css-opacity is-style-wide\"\/>\n\n\n\n<div style=\"height:20px\" aria-hidden=\"true\" class=\"wp-block-spacer\"><\/div>\n\n\n\n<div class=\"wp-block-columns is-layout-flex wp-container-core-columns-is-layout-28f84493 wp-block-columns-is-layout-flex\">\n<div class=\"wp-block-column is-layout-flow wp-block-column-is-layout-flow\">\n<figure class=\"wp-block-image size-large\"><img decoding=\"async\" width=\"1024\" height=\"707\" src=\"https:\/\/www.koelnisches-stadtmuseum.de\/wp-content\/uploads\/2022\/01\/KSM-Buecher-1024x707.jpg\" alt=\"Man sieht mehrere Buchr\u00fccken alter B\u00fccher nebeneinander stehen.\" class=\"wp-image-3643\" srcset=\"https:\/\/www.koelnisches-stadtmuseum.de\/wp-content\/uploads\/2022\/01\/KSM-Buecher-1024x707.jpg 1024w, https:\/\/www.koelnisches-stadtmuseum.de\/wp-content\/uploads\/2022\/01\/KSM-Buecher-300x207.jpg 300w, https:\/\/www.koelnisches-stadtmuseum.de\/wp-content\/uploads\/2022\/01\/KSM-Buecher-768x531.jpg 768w, https:\/\/www.koelnisches-stadtmuseum.de\/wp-content\/uploads\/2022\/01\/KSM-Buecher.jpg 1200w\" sizes=\"(max-width: 1024px) 100vw, 1024px\" \/><\/figure>\n<\/div>\n\n\n\n<div class=\"wp-block-column is-vertically-aligned-top is-layout-flow wp-block-column-is-layout-flow\">\n<h2 class=\"wp-block-heading\" id=\"bibliothek\">Library<\/h2>\n\n\n\n<p class=\"has-wpbf-palette-color-4-color has-text-color\"><strong><strong>Please be aware: during our move, use of the library will be extremely restricted. Please get in touch with our librarian Ms. Vanessa Schmitz regarding any questions you might have<\/strong>.<\/strong><\/p>\n\n\n\n<p>The library of the K\u00f6lnisches Stadtmuseum is a publicly accessible reference library that contains around 50,000 items.<br>The majority of these items are works on the history of Cologne as well as illustrated descriptions of trips along the Rhine. The library further possesses an extensive collection of old prints.<\/p>\n\n\n\n<p>You will be able to agree visiting times individually with our librarian Vanessa Schmitz:<\/p>\n\n\n\n<p><strong>Vanessa Schmitz<\/strong><br><strong>E-Mail:<\/strong> vanessa.schmitz@stadt-koeln.de<br><strong>Phone:<\/strong> +49 (0)221\/221-23729<\/p>\n\n\n\n<div class=\"wp-block-buttons is-layout-flex wp-block-buttons-is-layout-flex\">\n<div class=\"wp-block-button is-style-ksm-button\"><a class=\"wp-block-button__link wp-element-button\" href=\"https:\/\/www.koelnisches-stadtmuseum.de\/en\/discover\/bibliothek\/\">About the Library<\/a><\/div>\n<\/div>\n<\/div>\n<\/div>\n\n\n\n<hr class=\"wp-block-separator has-css-opacity is-style-wide\"\/>\n\n\n\n<div class=\"wp-block-columns is-layout-flex wp-container-core-columns-is-layout-28f84493 wp-block-columns-is-layout-flex\">\n<div class=\"wp-block-column is-layout-flow wp-block-column-is-layout-flow\">\n<h2 class=\"wp-block-heading\" id=\"zweigstellen\">Branches<\/h2>\n\n\n\n<figure class=\"wp-block-image size-full\"><img decoding=\"async\" src=\"https:\/\/www.koelnisches-stadtmuseum.de\/wp-content\/uploads\/2022\/02\/52831__9960550_lo.jpg\" alt=\"Auf dem Bild ist ein Teil der Museumswohnung zu sehen. Es steht ein Tisch, mehrere St\u00fchle und zwei Kommoden im Raum.\" class=\"wp-image-3761\"\/><figcaption class=\"wp-element-caption\">The Museum flat (\u00a9 GAG Immobilien AG)<\/figcaption><\/figure>\n<\/div>\n\n\n\n<div class=\"wp-block-column is-layout-flow wp-block-column-is-layout-flow\">\n<p class=\"no-margin-bottom\" style=\"font-size:30px\"><strong><strong>The Museum Flat in Cologne-H\u00f6henberg<\/strong><\/strong><\/p>\n\n\n\n<p>A journey back in time to the 1920s: the K\u00f6lnisches Stadtmuseum has partnered with GAG Immobilien AG to restore a 1920s flat in the Germaniasiedlung in Cologne-H\u00f6henberg to be an accurate replica of its historical self. It brings to life how people lived and what conditions they lived in a hundred years ago.<\/p>\n\n\n\n<p><strong>Address:<\/strong><br>Museumswohnung<br>Weimarer Str. 15<br>51103 K\u00f6ln <\/p>\n\n\n\n<p><strong>Visits are currently only possibly with an advance booking (call 0221\/872110) and a confirmation..<\/strong><\/p>\n\n\n\n<p><strong>Opening Hours:<\/strong><br>Tuesdays and Thursdays, 10am\u2013noon and every first and third Sunday, 2pm\u20134pm<\/p>\n\n\n\n<p>Further opening hours for guided tours, based on prior agreement.<\/p>\n\n\n\n<p><a href=\"https:\/\/www.gag-koeln.de\/wir-fur-koln\/museumswohnung\/\" data-type=\"URL\" data-id=\"https:\/\/www.gag-koeln.de\/wir-fur-koln\/museumswohnung\/\" target=\"_blank\" rel=\"noreferrer noopener\">Find out more<\/a><\/p>\n\n\n\n<p><strong>Contact:<\/strong><br>Elke Focke, Christof Wild<br>Paul-Schwellenbach-Haus <br>Tel.: 0221\/872110<br>E-Mail: <a href=\"mailto:paul-schwellenbach-haus@t-online.de\" data-type=\"mailto\" data-id=\"mailto:paul-schwellenbach-haus@t-online.de\">paul-schwellenbach-haus@t-online.de<\/a><\/p>\n\n\n\n<p>The Germaniasiedlung was built between 1919 and 1928 and today the majority of it is listed.<\/p>\n\n\n\n<div style=\"height:30px\" aria-hidden=\"true\" class=\"wp-block-spacer\"><\/div>\n\n\n\n<p class=\"no-margin-bottom\" style=\"font-size:30px\"><strong><strong>The Watchtower in Z\u00fcndorf<\/strong><\/strong><\/p>\n\n\n\n<p>When exactly the watchtower in Z\u00fcndorf was built is not known, but it is believed to have been in the second half of the 13th century.<\/p>\n\n\n\n<p>The museum in the watchtower opened in June 1980. Since 1994 the Verein Z\u00fcndorfer Wehrturm e. V. has put on many diverse exhibitions there (<a rel=\"noreferrer noopener\" href=\"http:\/\/www.zuendorfer-wehrturm.de\/\" target=\"_blank\">www.zuendorfer-wehrturm.de<\/a>).<\/p>\n\n\n\n<p><strong>Address:<\/strong><br>Z\u00fcndorfer Wehrturm<br>Hauptstra\u00dfe 181<br>51143 K\u00f6ln<\/p>\n<\/div>\n<\/div>\n","protected":false},"excerpt":{"rendered":"<p>Opening hours, ticket prices, address? You can find all the important information here.<\/p>\n","protected":false},"author":2,"featured_media":13406,"parent":6201,"menu_order":100,"comment_status":"closed","ping_status":"closed","template":"","meta":{"_acf_changed":false,"footnotes":""},"class_list":["post-3951","page","type-page","status-publish","has-post-thumbnail","hentry","wpbf-post"],"acf":[],"_links":{"self":[{"href":"https:\/\/www.koelnisches-stadtmuseum.de\/en\/wp-json\/wp\/v2\/pages\/3951","targetHints":{"allow":["GET"]}}],"collection":[{"href":"https:\/\/www.koelnisches-stadtmuseum.de\/en\/wp-json\/wp\/v2\/pages"}],"about":[{"href":"https:\/\/www.koelnisches-stadtmuseum.de\/en\/wp-json\/wp\/v2\/types\/page"}],"author":[{"embeddable":true,"href":"https:\/\/www.koelnisches-stadtmuseum.de\/en\/wp-json\/wp\/v2\/users\/2"}],"replies":[{"embeddable":true,"href":"https:\/\/www.koelnisches-stadtmuseum.de\/en\/wp-json\/wp\/v2\/comments?post=3951"}],"version-history":[{"count":53,"href":"https:\/\/www.koelnisches-stadtmuseum.de\/en\/wp-json\/wp\/v2\/pages\/3951\/revisions"}],"predecessor-version":[{"id":17399,"href":"https:\/\/www.koelnisches-stadtmuseum.de\/en\/wp-json\/wp\/v2\/pages\/3951\/revisions\/17399"}],"up":[{"embeddable":true,"href":"https:\/\/www.koelnisches-stadtmuseum.de\/en\/wp-json\/wp\/v2\/pages\/6201"}],"wp:featuredmedia":[{"embeddable":true,"href":"https:\/\/www.koelnisches-stadtmuseum.de\/en\/wp-json\/wp\/v2\/media\/13406"}],"wp:attachment":[{"href":"https:\/\/www.koelnisches-stadtmuseum.de\/en\/wp-json\/wp\/v2\/media?parent=3951"}],"curies":[{"name":"wp","href":"https:\/\/api.w.org\/{rel}","templated":true}]}}