{"id":17835,"date":"2026-04-24T10:39:03","date_gmt":"2026-04-24T08:39:03","guid":{"rendered":"https:\/\/www.koelnisches-stadtmuseum.de\/?page_id=17835"},"modified":"2026-04-24T12:13:17","modified_gmt":"2026-04-24T10:13:17","slug":"open-space-olga-oppenheimer","status":"publish","type":"page","link":"https:\/\/www.koelnisches-stadtmuseum.de\/en\/ausstellung\/sonderausstellung\/open-space-olga-oppenheimer\/","title":{"rendered":"AB 22. MAI IM OPEN SPACE: \n<br>OLGA OPPENHEIMER\n<br>Zum 140. Geburtstag einer verdr\u00e4ngten K\u00fcnstlerin"},"content":{"rendered":"\n<figure class=\"wp-block-image size-large\"><img decoding=\"async\" width=\"1024\" height=\"244\" src=\"https:\/\/www.koelnisches-stadtmuseum.de\/wp-content\/uploads\/2026\/04\/Website_Header_Open_Space-1024x244.webp\" alt=\"\" class=\"wp-image-17860\" srcset=\"https:\/\/www.koelnisches-stadtmuseum.de\/wp-content\/uploads\/2026\/04\/Website_Header_Open_Space-1024x244.webp 1024w, https:\/\/www.koelnisches-stadtmuseum.de\/wp-content\/uploads\/2026\/04\/Website_Header_Open_Space-300x71.webp 300w, https:\/\/www.koelnisches-stadtmuseum.de\/wp-content\/uploads\/2026\/04\/Website_Header_Open_Space-768x183.webp 768w, https:\/\/www.koelnisches-stadtmuseum.de\/wp-content\/uploads\/2026\/04\/Website_Header_Open_Space-620x148.webp 620w, https:\/\/www.koelnisches-stadtmuseum.de\/wp-content\/uploads\/2026\/04\/Website_Header_Open_Space-600x143.webp 600w, https:\/\/www.koelnisches-stadtmuseum.de\/wp-content\/uploads\/2026\/04\/Website_Header_Open_Space.webp 1260w\" sizes=\"(max-width: 1024px) 100vw, 1024px\" \/><\/figure>\n\n\n\n<div style=\"height:29px\" aria-hidden=\"true\" class=\"wp-block-spacer\"><\/div>\n\n\n<h1 class=\"wp-block-post-title\">AB 22. MAI IM OPEN SPACE: \n<br>OLGA OPPENHEIMER\n<br>Zum 140. Geburtstag einer verdr\u00e4ngten K\u00fcnstlerin<\/h1>\n\n\n<div class=\"wp-block-columns is-layout-flex wp-container-core-columns-is-layout-28f84493 wp-block-columns-is-layout-flex\">\n<div class=\"wp-block-column is-layout-flow wp-block-column-is-layout-flow\">\n<p><strong>22. Mai bis 13. September 2026<\/strong>, <strong>Eintritt frei<\/strong><br><br>Sie war eine Wegbereiterin der modernen Kunst im Rheinland \u2013 und geriet dennoch in Vergessenheit. <br><br>Zu ihrem 140. Geburtstag erinnert das K\u00f6lnische Stadtmuseum an die K\u00f6lner K\u00fcnstlerin Olga Oppenheimer und ihr au\u00dfergew\u00f6hnliches, zugleich tragisches Leben.<br><br>Olga Oppenheimer (1886\u20131941) w\u00e4chst in K\u00f6ln in einem j\u00fcdischen Elternhaus auf, das ihre k\u00fcnstlerische Neugier und Entwicklung fr\u00fch f\u00f6rdert. Als Mitbegr\u00fcnderin des Gereonsklubs wird sie zu einer treibenden Kraft des Expressionismus im Rheinland und schafft in K\u00f6ln eine Plattform f\u00fcr K\u00fcnstler*innen wie Marc, van Gogh und Kandinsky. Ihre eigenen Gem\u00e4lde, Holzschnitte und Zeichnungen werden zwischen 1910 und 1913 auf bedeutenden internationalen Ausstellungen gezeigt.<br><br>Der Erste Weltkrieg, pers\u00f6nliche Verluste und eine schwere psychische Erkrankung f\u00fchren zum abrupten Ende ihrer k\u00fcnstlerischen T\u00e4tigkeit. 1918 wird Olga Oppenheimer in eine psychiatrische Klinik eingewiesen, 1941 im Rahmen der nationalsozialistischen \u201eEuthanasie\u201c-Verbrechen ermordet. Ihr Werk ist nur bruchst\u00fcckhaft erhalten.<br><br>Erst jetzt r\u00fccken ihr Werk und ihr Schaffen wieder st\u00e4rker in den Fokus.<\/p>\n<\/div>\n\n\n\n<div class=\"wp-block-column is-layout-flow wp-block-column-is-layout-flow\">\n<figure class=\"wp-block-image size-large\"><img decoding=\"async\" width=\"819\" height=\"1024\" src=\"https:\/\/www.koelnisches-stadtmuseum.de\/wp-content\/uploads\/2026\/04\/KSM_Banner_1080x1350_01-819x1024.webp\" alt=\"\" class=\"wp-image-17845\" srcset=\"https:\/\/www.koelnisches-stadtmuseum.de\/wp-content\/uploads\/2026\/04\/KSM_Banner_1080x1350_01-819x1024.webp 819w, https:\/\/www.koelnisches-stadtmuseum.de\/wp-content\/uploads\/2026\/04\/KSM_Banner_1080x1350_01-240x300.webp 240w, https:\/\/www.koelnisches-stadtmuseum.de\/wp-content\/uploads\/2026\/04\/KSM_Banner_1080x1350_01-768x960.webp 768w, https:\/\/www.koelnisches-stadtmuseum.de\/wp-content\/uploads\/2026\/04\/KSM_Banner_1080x1350_01-260x325.webp 260w, https:\/\/www.koelnisches-stadtmuseum.de\/wp-content\/uploads\/2026\/04\/KSM_Banner_1080x1350_01-520x650.webp 520w, https:\/\/www.koelnisches-stadtmuseum.de\/wp-content\/uploads\/2026\/04\/KSM_Banner_1080x1350_01-600x750.webp 600w, https:\/\/www.koelnisches-stadtmuseum.de\/wp-content\/uploads\/2026\/04\/KSM_Banner_1080x1350_01-512x640.webp 512w, https:\/\/www.koelnisches-stadtmuseum.de\/wp-content\/uploads\/2026\/04\/KSM_Banner_1080x1350_01.webp 1080w\" sizes=\"(max-width: 819px) 100vw, 819px\" \/><\/figure>\n<\/div>\n<\/div>\n\n\n\n<hr class=\"wp-block-separator has-alpha-channel-opacity is-style-wide\"\/>\n\n\n\n<h2 class=\"wp-block-heading\">Der OPEN SPACE &#8211; Ein Ort f\u00fcr Austausch und neue Perspektiven<\/h2>\n\n\n\n<p>Unser OPEN SPACE im Foyer ist frei zug\u00e4nglich. Hier greifen wir \u2013 oft gemeinsam mit K\u00fcnstler*innen, Vereinen oder Initiativen \u2013 mit Veranstaltungen und kleinen Ausstellungen Themen mit aktuellen Bez\u00fcgen auf und werfen neue Blicke auf die Stadt.<\/p>\n","protected":false},"excerpt":{"rendered":"<p>22. Mai bis 13. September 2026, Eintritt frei Sie war eine Wegbereiterin der modernen Kunst im Rheinland \u2013 und geriet dennoch in Vergessenheit. Zu ihrem 140. Geburtstag erinnert das K\u00f6lnische Stadtmuseum an die K\u00f6lner K\u00fcnstlerin&#8230;<\/p>\n","protected":false},"author":7,"featured_media":0,"parent":16937,"menu_order":0,"comment_status":"closed","ping_status":"closed","template":"","meta":{"_acf_changed":false,"footnotes":""},"class_list":["post-17835","page","type-page","status-publish","hentry","wpbf-post"],"acf":[],"_links":{"self":[{"href":"https:\/\/www.koelnisches-stadtmuseum.de\/en\/wp-json\/wp\/v2\/pages\/17835","targetHints":{"allow":["GET"]}}],"collection":[{"href":"https:\/\/www.koelnisches-stadtmuseum.de\/en\/wp-json\/wp\/v2\/pages"}],"about":[{"href":"https:\/\/www.koelnisches-stadtmuseum.de\/en\/wp-json\/wp\/v2\/types\/page"}],"author":[{"embeddable":true,"href":"https:\/\/www.koelnisches-stadtmuseum.de\/en\/wp-json\/wp\/v2\/users\/7"}],"replies":[{"embeddable":true,"href":"https:\/\/www.koelnisches-stadtmuseum.de\/en\/wp-json\/wp\/v2\/comments?post=17835"}],"version-history":[{"count":23,"href":"https:\/\/www.koelnisches-stadtmuseum.de\/en\/wp-json\/wp\/v2\/pages\/17835\/revisions"}],"predecessor-version":[{"id":17872,"href":"https:\/\/www.koelnisches-stadtmuseum.de\/en\/wp-json\/wp\/v2\/pages\/17835\/revisions\/17872"}],"up":[{"embeddable":true,"href":"https:\/\/www.koelnisches-stadtmuseum.de\/en\/wp-json\/wp\/v2\/pages\/16937"}],"wp:attachment":[{"href":"https:\/\/www.koelnisches-stadtmuseum.de\/en\/wp-json\/wp\/v2\/media?parent=17835"}],"curies":[{"name":"wp","href":"https:\/\/api.w.org\/{rel}","templated":true}]}}