{"id":17422,"date":"2026-02-04T18:17:10","date_gmt":"2026-02-04T17:17:10","guid":{"rendered":"https:\/\/www.koelnisches-stadtmuseum.de\/?page_id=17422"},"modified":"2026-04-16T16:22:34","modified_gmt":"2026-04-16T14:22:34","slug":"zukunft-zeughaus","status":"publish","type":"page","link":"https:\/\/www.koelnisches-stadtmuseum.de\/en\/ausstellung\/sonderausstellung\/zukunft-zeughaus\/","title":{"rendered":"Zukunft Zeughaus"},"content":{"rendered":"\n<h1 class=\"wp-block-heading\">Zukunft Zeughaus<\/h1>\n\n\n\n<h2 class=\"wp-block-heading\">Visionen f\u00fcr ein Kulturareal in der Zeughausstra\u00dfe<\/h2>\n\n\n\n<div class=\"wp-block-buttons is-layout-flex wp-block-buttons-is-layout-flex\">\n<div class=\"wp-block-button is-style-ksm-button\"><a class=\"wp-block-button__link wp-element-button\" href=\"https:\/\/www.koelnisches-stadtmuseum.de\/wp-content\/uploads\/2026\/03\/Booklet-Final-Online-Dokument.pdf\" target=\"_blank\" rel=\"noreferrer noopener\">Booklet zur Ausstellung zum Download!<\/a><\/div>\n<\/div>\n\n\n\n<p><strong>Ein Kooperationsprojekt des K\u00f6lnischen Stadtmuseums mit der TH K\u00f6ln<\/strong><br><strong>26. M\u00e4rz bis 17. Mai 2026 (die genauen \u00d6ffnungstage findet ihr unten)<\/strong><br><strong>Zeughaus, Zeughausstr. 1, 50677 K\u00f6ln<\/strong><\/p>\n\n\n\n<div class=\"wp-block-columns is-layout-flex wp-container-core-columns-is-layout-28f84493 wp-block-columns-is-layout-flex\">\n<div class=\"wp-block-column is-layout-flow wp-block-column-is-layout-flow\">\n<p>Wie k\u00f6nnen das Zeughaus und die angrenzende Alte Wache zu einem attraktiven Kulturareal werden, in dem das K\u00f6lnische Stadtmuseum eine neue (alte) Heimat findet?<\/p>\n\n\n\n<p>Dieser Frage haben sich <strong>Studierende im Fach Architektur der TH K\u00f6ln<\/strong> im Sommersemester 2025 im Rahmen ihrer Bachelorarbeiten gewidmet. <strong>Neun ausgew\u00e4hlte Entw\u00fcrfe<\/strong> werden nun am historischen Ort \u2013 im Erdgeschoss des Zeughauses \u2013 pr\u00e4sentiert. <br>Die ausgestellten Modelle, Pl\u00e4ne, Grundrisse und Schnitte zeigen neue Ideen f\u00fcr die Zukunft des Zeughauses und er\u00f6ffnen neue Perspektiven f\u00fcr die Diskussion \u00fcber ein Quartier, das zurzeit \u00fcber kaum Aufenthaltsqualit\u00e4t verf\u00fcgt.<\/p>\n<\/div>\n\n\n\n<div class=\"wp-block-column is-layout-flow wp-block-column-is-layout-flow\">\n<figure class=\"wp-block-image size-large\"><img decoding=\"async\" width=\"1024\" height=\"577\" src=\"https:\/\/www.koelnisches-stadtmuseum.de\/wp-content\/uploads\/2026\/03\/Katharina-Greshake-1_kleinjpg-1024x577.jpg\" alt=\"Entwurf f\u00fcr ein attraktives neues Innenstadtquartier in der Zeughausstra\u00dfe\" class=\"wp-image-17605\" srcset=\"https:\/\/www.koelnisches-stadtmuseum.de\/wp-content\/uploads\/2026\/03\/Katharina-Greshake-1_kleinjpg-1024x577.jpg 1024w, https:\/\/www.koelnisches-stadtmuseum.de\/wp-content\/uploads\/2026\/03\/Katharina-Greshake-1_kleinjpg-300x169.jpg 300w, https:\/\/www.koelnisches-stadtmuseum.de\/wp-content\/uploads\/2026\/03\/Katharina-Greshake-1_kleinjpg-768x433.jpg 768w, https:\/\/www.koelnisches-stadtmuseum.de\/wp-content\/uploads\/2026\/03\/Katharina-Greshake-1_kleinjpg-1536x866.jpg 1536w, https:\/\/www.koelnisches-stadtmuseum.de\/wp-content\/uploads\/2026\/03\/Katharina-Greshake-1_kleinjpg-2048x1155.jpg 2048w, https:\/\/www.koelnisches-stadtmuseum.de\/wp-content\/uploads\/2026\/03\/Katharina-Greshake-1_kleinjpg-576x325.jpg 576w, https:\/\/www.koelnisches-stadtmuseum.de\/wp-content\/uploads\/2026\/03\/Katharina-Greshake-1_kleinjpg-620x350.jpg 620w, https:\/\/www.koelnisches-stadtmuseum.de\/wp-content\/uploads\/2026\/03\/Katharina-Greshake-1_kleinjpg-600x338.jpg 600w\" sizes=\"(max-width: 1024px) 100vw, 1024px\" \/><figcaption class=\"wp-element-caption\"><strong>\u00a9<\/strong>&nbsp;Katharina Greshake<\/figcaption><\/figure>\n<\/div>\n<\/div>\n\n\n\n<hr class=\"wp-block-separator has-alpha-channel-opacity is-style-wide\"\/>\n\n\n\n<div class=\"wp-block-columns is-layout-flex wp-container-core-columns-is-layout-28f84493 wp-block-columns-is-layout-flex\">\n<div class=\"wp-block-column is-layout-flow wp-block-column-is-layout-flow\">\n<p><strong>Neue Perspektiven f\u00fcr ein historisches Quartier<\/strong><br>Die Studierenden sollten Ideen entwickeln, wie das Zeughaus und die angrenzende Alte Wache wieder zu einer ad\u00e4quaten Heimat f\u00fcr das K\u00f6lnische Stadtmuseum werden k\u00f6nnen. Gleichzeitig sollten sie den Stadtraum zwischen Nord-S\u00fcd-Fahrt und dem westlichen Ende der R\u00f6mermauer in den Blick nehmen, um hier ein Kulturareal zu entwickeln.<\/p>\n\n\n\n<p>Die Studierenden bezogen hierbei sowohl die angrenzenden Parkplatzfl\u00e4chen als auch die umliegenden Stra\u00dfen in ihre \u00dcberlegungen ein und arbeiteten an einer st\u00e4rkeren Anbindung des gesamten Zeughausareals an die Innenstadt. Die Studierenden hatten bewusst <strong>gro\u00dfe gestalterische Freiheit<\/strong>: Abweichungen von den vorgegebenen Raum- und Nutzungsvorgaben waren ausdr\u00fccklich erw\u00fcnscht; Bedenken des Denkmalschutzes, statische Probleme, Kosten oder verkehrspolitische H\u00fcrden durften bewusst au\u00dfen vor gelassen werden.<br><\/p>\n<\/div>\n\n\n\n<div class=\"wp-block-column is-layout-flow wp-block-column-is-layout-flow\">\n<figure class=\"wp-block-image size-large\"><img decoding=\"async\" width=\"1024\" height=\"829\" src=\"https:\/\/www.koelnisches-stadtmuseum.de\/wp-content\/uploads\/2026\/03\/Leo-Kueck-1klein-1024x829.jpg\" alt=\"Entwurf f\u00fcr ein attraktives neues Innenstadtquartier in der Zeughausstra\u00dfe\" class=\"wp-image-17607\" srcset=\"https:\/\/www.koelnisches-stadtmuseum.de\/wp-content\/uploads\/2026\/03\/Leo-Kueck-1klein-1024x829.jpg 1024w, https:\/\/www.koelnisches-stadtmuseum.de\/wp-content\/uploads\/2026\/03\/Leo-Kueck-1klein-300x243.jpg 300w, https:\/\/www.koelnisches-stadtmuseum.de\/wp-content\/uploads\/2026\/03\/Leo-Kueck-1klein-768x622.jpg 768w, https:\/\/www.koelnisches-stadtmuseum.de\/wp-content\/uploads\/2026\/03\/Leo-Kueck-1klein-1536x1244.jpg 1536w, https:\/\/www.koelnisches-stadtmuseum.de\/wp-content\/uploads\/2026\/03\/Leo-Kueck-1klein-2048x1659.jpg 2048w, https:\/\/www.koelnisches-stadtmuseum.de\/wp-content\/uploads\/2026\/03\/Leo-Kueck-1klein-401x325.jpg 401w, https:\/\/www.koelnisches-stadtmuseum.de\/wp-content\/uploads\/2026\/03\/Leo-Kueck-1klein-620x502.jpg 620w, https:\/\/www.koelnisches-stadtmuseum.de\/wp-content\/uploads\/2026\/03\/Leo-Kueck-1klein-600x486.jpg 600w\" sizes=\"(max-width: 1024px) 100vw, 1024px\" \/><figcaption class=\"wp-element-caption\"><strong>\u00a9<\/strong> Leo K\u00fcck <\/figcaption><\/figure>\n<\/div>\n<\/div>\n\n\n\n<hr class=\"wp-block-separator has-alpha-channel-opacity is-style-wide\"\/>\n\n\n\n<div class=\"wp-block-columns is-layout-flex wp-container-core-columns-is-layout-28f84493 wp-block-columns-is-layout-flex\">\n<div class=\"wp-block-column is-layout-flow wp-block-column-is-layout-flow\">\n<p>Die Entw\u00fcrfe \u2013 alles eigenst\u00e4ndige Ideen der Bachelor-Studierenden \u2013 zeigen, <strong>wie unterschiedlich sich ein attraktiver Stadtraum rund um das Zeughaus entwickeln k\u00f6nnte. <\/strong>Sie machen deutlich, dass hier gro\u00dfes Potenzial liegt \u2013 nicht nur f\u00fcr einen Museumsstandort, sondern f\u00fcr ein lebendiges Quartier im Herzen von K\u00f6ln.<br><br><strong>Ausstellung als Forum f\u00fcr Diskussion und Austausch<\/strong><br>Die Pr\u00e4sentation der studentischen Arbeiten f\u00e4llt in eine Zeit, in der viele Menschen in K\u00f6ln \u00fcber die Zukunft des Zeughauses diskutieren.<\/p>\n\n\n\n<p>Die Ausstellung, begleitende F\u00fchrungen und Veranstaltungen bieten deshalb eine ideale Gelegenheit, Ideen kennenzulernen, Perspektiven zu vergleichen und gemeinsam \u00fcber die Zukunft dieses wichtigen historischen Ortes nachzudenken.<\/p>\n<\/div>\n\n\n\n<div class=\"wp-block-column is-layout-flow wp-block-column-is-layout-flow\">\n<figure class=\"wp-block-image size-large\"><img decoding=\"async\" width=\"1024\" height=\"712\" src=\"https:\/\/www.koelnisches-stadtmuseum.de\/wp-content\/uploads\/2026\/03\/Sina-Eschweiler-1-Kopieklein-1024x712.png\" alt=\"Entwurf f\u00fcr ein attraktives neues Innenstadtquartier in der Zeughausstra\u00dfe \" class=\"wp-image-17606\" srcset=\"https:\/\/www.koelnisches-stadtmuseum.de\/wp-content\/uploads\/2026\/03\/Sina-Eschweiler-1-Kopieklein-1024x712.png 1024w, https:\/\/www.koelnisches-stadtmuseum.de\/wp-content\/uploads\/2026\/03\/Sina-Eschweiler-1-Kopieklein-300x209.png 300w, https:\/\/www.koelnisches-stadtmuseum.de\/wp-content\/uploads\/2026\/03\/Sina-Eschweiler-1-Kopieklein-768x534.png 768w, https:\/\/www.koelnisches-stadtmuseum.de\/wp-content\/uploads\/2026\/03\/Sina-Eschweiler-1-Kopieklein-468x325.png 468w, https:\/\/www.koelnisches-stadtmuseum.de\/wp-content\/uploads\/2026\/03\/Sina-Eschweiler-1-Kopieklein-620x431.png 620w, https:\/\/www.koelnisches-stadtmuseum.de\/wp-content\/uploads\/2026\/03\/Sina-Eschweiler-1-Kopieklein-600x417.png 600w, https:\/\/www.koelnisches-stadtmuseum.de\/wp-content\/uploads\/2026\/03\/Sina-Eschweiler-1-Kopieklein.png 1486w\" sizes=\"(max-width: 1024px) 100vw, 1024px\" \/><figcaption class=\"wp-element-caption\"><strong>\u00a9<\/strong>&nbsp;Sina Eschweiler <\/figcaption><\/figure>\n<\/div>\n<\/div>\n\n\n\n<hr class=\"wp-block-separator has-alpha-channel-opacity is-style-wide\"\/>\n\n\n\n<h2 class=\"wp-block-heading\">\u00d6ffnungszeiten<\/h2>\n\n\n\n<p><strong>Er\u00f6ffnung<\/strong><br>26. M\u00e4rz 2026, 17:00\u201321:00 Uhr<\/p>\n\n\n\n<p><strong>An folgenden<\/strong> <strong>Wochenenden, jeweils 12:00\u201316:00 Uhr<\/strong><br>28.\u201329. M\u00e4rz<br>11.\u201312. April<br>18.\u201319. April<br>25.\u201326. April<br>2.\u20133. Mai<br>9.\u201310. Mai<br>16.\u201317. Mai<\/p>\n\n\n\n<p><strong>K\u00f6lnTage, jeweils 17:00\u201321:00 Uhr<\/strong><br>2. April<br>7. Mai, sowie <strong>anl\u00e4sslich von Veranstaltungen<\/strong><\/p>\n\n\n\n<hr class=\"wp-block-separator has-alpha-channel-opacity is-style-wide\"\/>\n\n\n\n<h2 class=\"wp-block-heading\">F\u00fchrungen und Veranstaltungen<\/h2>\n\n\n\n<p>\u00dcber den Museumsdienst K\u00f6ln k\u00f6nnt ihr eure <strong>individuelle F\u00fchrung<\/strong> durch die Ausstellung buchen. Alle Infos und Buchungsm\u00f6glichkeiten findet ihr <a href=\"https:\/\/museenkoeln.de\/portal\/angebotbuchen.aspx?inst=10&amp;angebot=1672\" target=\"_blank\" rel=\"noreferrer noopener\">hier<\/a>.<br><br>Der n\u00e4chste <strong>Workshop f\u00fcr Kinder ab 10 Jahren<\/strong> findet am <strong>So., 3.5., ab 12.30 Uhr<\/strong>, statt. Alle Infos dazu findet ihr <a href=\"http:\/\/Workshops f\u00fcr Kinder ab 10 Jahren (z.B. So., 3.5., 12.30 Uhr)\" target=\"_blank\" rel=\"noreferrer noopener\">hier<\/a>.<br> <br>Alle weiteren Termine und Formate, z.B. <strong>\u00f6ffentliche F\u00fchrungen<\/strong> (Sa. 25.04., 14:30 Uhr, So. 03.05., 15 Uhr, Sa. 09.05.) findet ihr in unserem <a href=\"https:\/\/www.koelnisches-stadtmuseum.de\/besuchen\/veranstaltungskalender\/\" target=\"_blank\" rel=\"noreferrer noopener\">Veranstaltungskalender.<\/a><\/p>\n\n\n\n<hr class=\"wp-block-separator has-alpha-channel-opacity is-style-wide\"\/>\n\n\n\n<h2 class=\"wp-block-heading\">Videogalerie<\/h2>\n\n\n\n<p>Schaut rein und erfahrt mehr zu den einzelnen Entw\u00fcrfen von den Studierenden selber. <\/p>\n\n\n\n<div class=\"wp-block-buttons is-layout-flex wp-block-buttons-is-layout-flex\">\n<div class=\"wp-block-button is-style-ksm-button\"><a class=\"wp-block-button__link wp-element-button\" href=\"#video-1\">Video Tim Schleppegrell<\/a><\/div>\n\n\n\n<div class=\"wp-block-button is-style-ksm-button\"><a class=\"wp-block-button__link wp-element-button\" href=\"#video-2\">Video Leo K\u00fcck<\/a><\/div>\n\n\n\n<div class=\"wp-block-button is-style-ksm-button\"><a class=\"wp-block-button__link wp-element-button\" href=\"#video-3\">Video Sina Eschweiler<\/a><\/div>\n\n\n\n<div class=\"wp-block-button is-style-ksm-button\"><a class=\"wp-block-button__link wp-element-button\" href=\"#video-4\">Video Jonatan Znidar<\/a><\/div>\n\n\n\n<div class=\"wp-block-button is-style-ksm-button\"><a class=\"wp-block-button__link wp-element-button\" href=\"#video-5\">Video Rosa Graffelder<\/a><\/div>\n\n\n\n<div class=\"wp-block-button is-style-ksm-button\"><a class=\"wp-block-button__link wp-element-button\" href=\"#video-6\">Video Laila H\u00f6hn<\/a><\/div>\n\n\n\n<div class=\"wp-block-button is-style-ksm-button\"><a class=\"wp-block-button__link wp-element-button\" href=\"#video-7\">Video Jakob Eisenberg<\/a><\/div>\n\n\n\n<div class=\"wp-block-button is-style-ksm-button\"><a class=\"wp-block-button__link wp-element-button\" href=\"#video-8\">Video Maya Schneider<\/a><\/div>\n\n\n\n<div class=\"wp-block-button is-style-ksm-button\"><a class=\"wp-block-button__link wp-element-button\" href=\"#video-9\">Video Katharina Greshake<\/a><\/div>\n<\/div>\n\n\n\n<div style=\"height:50px\" aria-hidden=\"true\" class=\"wp-block-spacer\"><\/div>\n\n\n\n<hr class=\"wp-block-separator has-alpha-channel-opacity is-style-wide\" style=\"margin-top:0;margin-bottom:0\"\/>\n\n\n\n<div style=\"height:100px\" aria-hidden=\"true\" class=\"wp-block-spacer\"><\/div>\n\n\n\n<h2 class=\"wp-block-heading\" id=\"video-1\">Tim Schleppegrell: Continuing KSM<\/h2>\n\n\n\n<figure class=\"wp-block-video\"><video height=\"1080\" style=\"aspect-ratio: 1920 \/ 1080;\" width=\"1920\" controls src=\"https:\/\/www.koelnisches-stadtmuseum.de\/wp-content\/uploads\/2026\/03\/Zukunft-Zeughaus_Video02_Tim-Schleppegrell_1.mp4\"><\/video><\/figure>\n\n\n\n<div style=\"height:100px\" aria-hidden=\"true\" class=\"wp-block-spacer\"><\/div>\n\n\n\n<hr class=\"wp-block-separator has-alpha-channel-opacity is-style-wide\"\/>\n\n\n\n<div style=\"height:100px\" aria-hidden=\"true\" class=\"wp-block-spacer\"><\/div>\n\n\n\n<h2 class=\"wp-block-heading\" id=\"video-2\">Leo K\u00fcck: Geschichte \u00fcberdacht<\/h2>\n\n\n\n<figure class=\"wp-block-video\"><video height=\"1080\" style=\"aspect-ratio: 1920 \/ 1080;\" width=\"1920\" controls src=\"https:\/\/www.koelnisches-stadtmuseum.de\/wp-content\/uploads\/2026\/03\/Zukunft-Zeughaus_Video01_Leo-Kueck_1.mp4\"><\/video><\/figure>\n\n\n\n<div style=\"height:100px\" aria-hidden=\"true\" class=\"wp-block-spacer\"><\/div>\n\n\n\n<hr class=\"wp-block-separator has-alpha-channel-opacity is-style-wide\"\/>\n\n\n\n<div style=\"height:100px\" aria-hidden=\"true\" class=\"wp-block-spacer\"><\/div>\n\n\n\n<h2 class=\"wp-block-heading\" id=\"video-3\">Sina Eschweiler: Zeitgeschichte in der Stadtgeschichte<\/h2>\n\n\n\n<figure class=\"wp-block-video\"><video height=\"1080\" style=\"aspect-ratio: 1920 \/ 1080;\" width=\"1920\" controls src=\"https:\/\/www.koelnisches-stadtmuseum.de\/wp-content\/uploads\/2026\/03\/Zukunft-Zeughaus_Video03_Sina_Eschweiler_1.mp4\"><\/video><\/figure>\n\n\n\n<div style=\"height:100px\" aria-hidden=\"true\" class=\"wp-block-spacer\"><\/div>\n\n\n\n<hr class=\"wp-block-separator has-alpha-channel-opacity is-style-wide\"\/>\n\n\n\n<div style=\"height:100px\" aria-hidden=\"true\" class=\"wp-block-spacer\"><\/div>\n\n\n\n<h2 class=\"wp-block-heading\" id=\"video-4\">Jonatan Znidar: Museum im Herzen der Stadt<\/h2>\n\n\n\n<figure class=\"wp-block-video\"><video height=\"1080\" style=\"aspect-ratio: 1920 \/ 1080;\" width=\"1920\" controls src=\"https:\/\/www.koelnisches-stadtmuseum.de\/wp-content\/uploads\/2026\/03\/Zukunft-Zeughaus_Video04_Jonatan-Znidar_1.mp4\"><\/video><\/figure>\n\n\n\n<div style=\"height:100px\" aria-hidden=\"true\" class=\"wp-block-spacer\"><\/div>\n\n\n\n<hr class=\"wp-block-separator has-alpha-channel-opacity is-style-wide\"\/>\n\n\n\n<div style=\"height:100px\" aria-hidden=\"true\" class=\"wp-block-spacer\"><\/div>\n\n\n\n<h2 class=\"wp-block-heading\" id=\"video-5\">Rosa Graffelder: Klammer der Geschichte<\/h2>\n\n\n\n<figure class=\"wp-block-video\"><video height=\"1080\" style=\"aspect-ratio: 1920 \/ 1080;\" width=\"1920\" controls src=\"https:\/\/www.koelnisches-stadtmuseum.de\/wp-content\/uploads\/2026\/03\/Zukunft-Zeughaus_Video06_Rosa-Graffelder_1.mp4\"><\/video><\/figure>\n\n\n\n<div style=\"height:100px\" aria-hidden=\"true\" class=\"wp-block-spacer\"><\/div>\n\n\n\n<hr class=\"wp-block-separator has-alpha-channel-opacity is-style-wide\"\/>\n\n\n\n<div style=\"height:100px\" aria-hidden=\"true\" class=\"wp-block-spacer\"><\/div>\n\n\n\n<h2 class=\"wp-block-heading\" id=\"video-6\">Laila H\u00f6hn: Grenzgang<\/h2>\n\n\n\n<figure class=\"wp-block-video\"><video height=\"1080\" style=\"aspect-ratio: 1920 \/ 1080;\" width=\"1920\" controls src=\"https:\/\/www.koelnisches-stadtmuseum.de\/wp-content\/uploads\/2026\/03\/Zukunft-Zeughaus_Video07_Laila-Hoehn_1.mp4\"><\/video><\/figure>\n\n\n\n<div style=\"height:100px\" aria-hidden=\"true\" class=\"wp-block-spacer\"><\/div>\n\n\n\n<hr class=\"wp-block-separator has-alpha-channel-opacity is-style-wide\"\/>\n\n\n\n<div style=\"height:100px\" aria-hidden=\"true\" class=\"wp-block-spacer\"><\/div>\n\n\n\n<h2 class=\"wp-block-heading\" id=\"video-7\">Jacob Eisenberg: Kulturen der Stadt<\/h2>\n\n\n\n<figure class=\"wp-block-video\"><video height=\"1080\" style=\"aspect-ratio: 1920 \/ 1080;\" width=\"1920\" controls src=\"https:\/\/www.koelnisches-stadtmuseum.de\/wp-content\/uploads\/2026\/03\/Zukunft-Zeughaus_Video05_Jakob-Eisenberg_1.mp4\"><\/video><\/figure>\n\n\n\n<div style=\"height:100px\" aria-hidden=\"true\" class=\"wp-block-spacer\"><\/div>\n\n\n\n<hr class=\"wp-block-separator has-alpha-channel-opacity is-style-wide\"\/>\n\n\n\n<div style=\"height:100px\" aria-hidden=\"true\" class=\"wp-block-spacer\"><\/div>\n\n\n\n<h2 class=\"wp-block-heading\" id=\"video-8\">Maya Schneider: Die Kulturkette<\/h2>\n\n\n\n<figure class=\"wp-block-video\"><video height=\"1080\" style=\"aspect-ratio: 1920 \/ 1080;\" width=\"1920\" controls src=\"https:\/\/www.koelnisches-stadtmuseum.de\/wp-content\/uploads\/2026\/03\/Zukunft-Zeughaus_Video08_Maya-Schneider_1.mp4\"><\/video><\/figure>\n\n\n\n<div style=\"height:100px\" aria-hidden=\"true\" class=\"wp-block-spacer\"><\/div>\n\n\n\n<hr class=\"wp-block-separator has-alpha-channel-opacity is-style-wide\"\/>\n\n\n\n<div style=\"height:100px\" aria-hidden=\"true\" class=\"wp-block-spacer\"><\/div>\n\n\n\n<h2 class=\"wp-block-heading\" id=\"video-9\">Katharina Greshake: Nodus. Museum in Bewegung<\/h2>\n\n\n\n<figure class=\"wp-block-video\"><video height=\"1080\" style=\"aspect-ratio: 1920 \/ 1080;\" width=\"1920\" controls src=\"https:\/\/www.koelnisches-stadtmuseum.de\/wp-content\/uploads\/2026\/03\/Zukunft-Zeughaus_Video09_Katharina-Greshake_1.mp4\"><\/video><\/figure>\n","protected":false},"excerpt":{"rendered":"<p>Zukunft Zeughaus Visionen f\u00fcr ein Kulturareal in der Zeughausstra\u00dfe Ein Kooperationsprojekt des K\u00f6lnischen Stadtmuseums mit der TH K\u00f6ln26. M\u00e4rz bis 17. Mai 2026 (die genauen \u00d6ffnungstage findet ihr unten)Zeughaus, Zeughausstr. 1, 50677 K\u00f6ln Wie k\u00f6nnen&#8230;<\/p>\n","protected":false},"author":2,"featured_media":0,"parent":16937,"menu_order":0,"comment_status":"closed","ping_status":"closed","template":"","meta":{"_acf_changed":false,"footnotes":""},"class_list":["post-17422","page","type-page","status-publish","hentry","wpbf-post"],"acf":[],"_links":{"self":[{"href":"https:\/\/www.koelnisches-stadtmuseum.de\/en\/wp-json\/wp\/v2\/pages\/17422","targetHints":{"allow":["GET"]}}],"collection":[{"href":"https:\/\/www.koelnisches-stadtmuseum.de\/en\/wp-json\/wp\/v2\/pages"}],"about":[{"href":"https:\/\/www.koelnisches-stadtmuseum.de\/en\/wp-json\/wp\/v2\/types\/page"}],"author":[{"embeddable":true,"href":"https:\/\/www.koelnisches-stadtmuseum.de\/en\/wp-json\/wp\/v2\/users\/2"}],"replies":[{"embeddable":true,"href":"https:\/\/www.koelnisches-stadtmuseum.de\/en\/wp-json\/wp\/v2\/comments?post=17422"}],"version-history":[{"count":46,"href":"https:\/\/www.koelnisches-stadtmuseum.de\/en\/wp-json\/wp\/v2\/pages\/17422\/revisions"}],"predecessor-version":[{"id":17778,"href":"https:\/\/www.koelnisches-stadtmuseum.de\/en\/wp-json\/wp\/v2\/pages\/17422\/revisions\/17778"}],"up":[{"embeddable":true,"href":"https:\/\/www.koelnisches-stadtmuseum.de\/en\/wp-json\/wp\/v2\/pages\/16937"}],"wp:attachment":[{"href":"https:\/\/www.koelnisches-stadtmuseum.de\/en\/wp-json\/wp\/v2\/media?parent=17422"}],"curies":[{"name":"wp","href":"https:\/\/api.w.org\/{rel}","templated":true}]}}