{"id":17055,"date":"2025-11-03T17:02:08","date_gmt":"2025-11-03T16:02:08","guid":{"rendered":"https:\/\/www.koelnisches-stadtmuseum.de\/special-exhibition\/"},"modified":"2026-02-17T14:00:51","modified_gmt":"2026-02-17T13:00:51","slug":"special-exhibition","status":"publish","type":"page","link":"https:\/\/www.koelnisches-stadtmuseum.de\/en\/special-exhibition\/","title":{"rendered":"Special exhibition"},"content":{"rendered":"\n<div class=\"wp-block-buttons is-content-justification-center is-layout-flex wp-container-core-buttons-is-layout-a89b3969 wp-block-buttons-is-layout-flex\">\n<div class=\"wp-block-button is-style-ksm-button\"><a class=\"wp-block-button__link wp-element-button\" href=\"#veranstaltungen\">Events<\/a><\/div>\n<\/div>\n\n\n\n<h1 class=\"wp-block-heading\">Comfort and Modernity<br>Cologne 1918\u20131926<\/h1>\n\n\n\n<p class=\"has-wpbf-palette-color-1-color has-text-color has-link-color wp-elements-9973e1b641e45cb82370b3b635811b97\"><strong>Exhibition venue:<\/strong><br>LVR-Landeshaus, Cologne-Deutz<br>Kennedy-Ufer 2, 50679 Cologne<br><br><strong>11 December 2025 \u2013 15 March 2026<\/strong> <strong>(extended until 22 March!)<\/strong><br>Open daily, Monday to Sunday, 10 am\u20136 pm<br>Free admission<\/p>\n\n\n\n<div class=\"wp-block-columns is-layout-flex wp-container-core-columns-is-layout-28f84493 wp-block-columns-is-layout-flex\">\n<div class=\"wp-block-column is-layout-flow wp-block-column-is-layout-flow\" style=\"flex-basis:66.66%\">\n<p>A hundred years ago, after Germany\u2019s defeat in the First World War, the Rhineland was occupied by French, Belgian and British troops.<br>In 1925, so-called \u201cThousandth Anniversary Celebrations\u201d marked what was claimed to be the region\u2019s thousand-year bond with the German Reich. The largest of these events \u2013 initiated by Mayor Konrad Adenauer \u2013 drew 1.4 million visitors to the Cologne Trade Fair.<\/p>\n\n\n\n<p>What shaped life in Cologne during these tumultuous years?<\/p>\n\n\n\n<p>The panel exhibition takes a look behind the scenes: from the end of the war and the British occupation to city life, leisure and the arts. Cologne is a city on the move yet still rooted in tradition, oscillating between a cosy local identity and big-city modernity. Much like today.<\/p>\n\n\n\n<p>After the British withdrawal in early 1926, Butzweilerhof Airport develops into the \u201cAir Hub of the West\u201d. When the Cologne\u2013Paris air route opens in May 1926, Adenauer lets himself be photographed in the cockpit \u2013 a striking image of a city embracing the future. Despite its challenges, the Weimar Republic promises progress. The global economic crisis is still years away, the Nazis just a tiny fringe group. Much that once seemed impossible now looks within reach \u2013 also and especially in Cologne. This young democracy\u2019s future collapse is by no means a foregone conclusion.<\/p>\n\n\n\n<hr class=\"wp-block-separator has-alpha-channel-opacity\"\/>\n\n\n\n<p><strong>A panel exhibition in cooperation with <a>the LVR-Institute for Regional Studies and Regional History and the Rhenish-Westphalian Economic Archive Foundation Cologne (RWWA) <\/a>&nbsp; <\/strong><br><a id=\"_msocom_1\"><\/a><\/p>\n<\/div>\n\n\n\n<div class=\"wp-block-column is-layout-flow wp-block-column-is-layout-flow\" style=\"flex-basis:33.33%\">\n<figure class=\"wp-block-image size-full\"><img decoding=\"async\" width=\"625\" height=\"1021\" src=\"https:\/\/www.koelnisches-stadtmuseum.de\/wp-content\/uploads\/2025\/11\/251031-KSM-Onlinebanner-300x490Px-150-dpi-Dezember.png\" alt=\"Die Abbildung zeigt das Ausstellungsplakat\" class=\"wp-image-16987\" srcset=\"https:\/\/www.koelnisches-stadtmuseum.de\/wp-content\/uploads\/2025\/11\/251031-KSM-Onlinebanner-300x490Px-150-dpi-Dezember.png 625w, https:\/\/www.koelnisches-stadtmuseum.de\/wp-content\/uploads\/2025\/11\/251031-KSM-Onlinebanner-300x490Px-150-dpi-Dezember-184x300.png 184w, https:\/\/www.koelnisches-stadtmuseum.de\/wp-content\/uploads\/2025\/11\/251031-KSM-Onlinebanner-300x490Px-150-dpi-Dezember-199x325.png 199w, https:\/\/www.koelnisches-stadtmuseum.de\/wp-content\/uploads\/2025\/11\/251031-KSM-Onlinebanner-300x490Px-150-dpi-Dezember-398x650.png 398w, https:\/\/www.koelnisches-stadtmuseum.de\/wp-content\/uploads\/2025\/11\/251031-KSM-Onlinebanner-300x490Px-150-dpi-Dezember-600x980.png 600w, https:\/\/www.koelnisches-stadtmuseum.de\/wp-content\/uploads\/2025\/11\/251031-KSM-Onlinebanner-300x490Px-150-dpi-Dezember-392x640.png 392w\" sizes=\"(max-width: 625px) 100vw, 625px\" \/><\/figure>\n<\/div>\n<\/div>\n\n\n\n<hr class=\"wp-block-separator has-alpha-channel-opacity is-style-wide\"\/>\n\n\n\n<h2 class=\"wp-block-heading\" id=\"veranstaltungen\">Events (in German only)<\/h2>\n\n\n\n<p>Individuelle F\u00fchrungen unter: museenkoeln.de<br>Bei allen \u00f6ffentlichen F\u00fchrungen: Die Teilnahme und der Eintritt ist frei.<br><br><strong>Kuratorenf\u00fchrung \u2013 Mit Dr. Mario Kramp durch die Ausstellung<\/strong><br>Do., 18. Dezember 2025, 18 Uhr<\/p>\n\n\n\n<p><strong>\u00d6ffentliche F\u00fchrung des Museumsdienstes K\u00f6ln<\/strong><br>So., 21. Dezember 2025, 14 Uhr<\/p>\n\n\n\n<p><strong>Kuratorenf\u00fchrung \u2013 Mit Dr. Mario Kramp durch die Ausstellung<\/strong><br>Fr., 9. Januar 2026, 16.30 Uhr<br><br><strong>Familienf\u00fchrung des Museumsdienstes K\u00f6ln<br><\/strong>Sa., 17. Januar 2026, 14 Uhr<br><br><strong>Kuratorenf\u00fchrung \u2013 Mit Dr. Mario Kramp durch die Ausstellung<\/strong><br>Do., 22. Januar 2026, 18 Uhr<\/p>\n\n\n\n<p><strong>Senior*innenf\u00fchrung des Museumsdienstes K\u00f6ln<br><\/strong>Sa., 24. Januar 2026, 14 Uhr<br><br><strong>Kuratorenf\u00fchrung \u2013 Mit Dr. Mario Kramp durch die Ausstellung<\/strong><br>Fr., 6. Februar 2026, 16.30 Uhr<br><br><strong>Familienf\u00fchrung des Museumsdienstes K\u00f6ln<br><\/strong>So., 15. Februar 2026, 14 Uhr<br><br><strong>\u00d6ffentliche F\u00fchrung des Museumsdienstes K\u00f6ln<\/strong><br>Sa., 21. Februar 2026, 14 Uhr<br><br><strong>Kuratorenf\u00fchrung \u2013 Mit Dr. Mario Kramp durch die Ausstellung<\/strong><br>Do., 26. Februar 2026, 18 Uhr<br><br><strong>Senior*innenf\u00fchrung des Museumsdienstes K\u00f6ln<br><\/strong>Sa., 7. M\u00e4rz 2026, 14 Uhr<br><br><\/p>\n","protected":false},"excerpt":{"rendered":"<p>Comfort and ModernityCologne 1918\u20131926 Exhibition venue:LVR-Landeshaus, Cologne-DeutzKennedy-Ufer 2, 50679 Cologne 11 December 2025 \u2013 15 March 2026 (extended until 22 March!)Open daily, Monday to Sunday, 10 am\u20136 pmFree admission A hundred years ago, after Germany\u2019s&#8230;<\/p>\n","protected":false},"author":7,"featured_media":0,"parent":0,"menu_order":0,"comment_status":"closed","ping_status":"closed","template":"","meta":{"_acf_changed":false,"footnotes":""},"class_list":["post-17055","page","type-page","status-publish","hentry","wpbf-post"],"acf":[],"_links":{"self":[{"href":"https:\/\/www.koelnisches-stadtmuseum.de\/en\/wp-json\/wp\/v2\/pages\/17055","targetHints":{"allow":["GET"]}}],"collection":[{"href":"https:\/\/www.koelnisches-stadtmuseum.de\/en\/wp-json\/wp\/v2\/pages"}],"about":[{"href":"https:\/\/www.koelnisches-stadtmuseum.de\/en\/wp-json\/wp\/v2\/types\/page"}],"author":[{"embeddable":true,"href":"https:\/\/www.koelnisches-stadtmuseum.de\/en\/wp-json\/wp\/v2\/users\/7"}],"replies":[{"embeddable":true,"href":"https:\/\/www.koelnisches-stadtmuseum.de\/en\/wp-json\/wp\/v2\/comments?post=17055"}],"version-history":[{"count":5,"href":"https:\/\/www.koelnisches-stadtmuseum.de\/en\/wp-json\/wp\/v2\/pages\/17055\/revisions"}],"predecessor-version":[{"id":17455,"href":"https:\/\/www.koelnisches-stadtmuseum.de\/en\/wp-json\/wp\/v2\/pages\/17055\/revisions\/17455"}],"wp:attachment":[{"href":"https:\/\/www.koelnisches-stadtmuseum.de\/en\/wp-json\/wp\/v2\/media?parent=17055"}],"curies":[{"name":"wp","href":"https:\/\/api.w.org\/{rel}","templated":true}]}}