{"id":15658,"date":"2025-01-06T14:51:02","date_gmt":"2025-01-06T13:51:02","guid":{"rendered":"https:\/\/www.koelnisches-stadtmuseum.de\/?page_id=15658"},"modified":"2025-01-06T17:45:39","modified_gmt":"2025-01-06T16:45:39","slug":"museumsshop","status":"publish","type":"page","link":"https:\/\/www.koelnisches-stadtmuseum.de\/en\/besuchen\/museumsshop\/","title":{"rendered":"Museumsshop"},"content":{"rendered":"\n<h1 class=\"wp-block-heading has-wpbf-palette-color-1-color has-text-color has-link-color wp-elements-4476f95c0bd90b05b643958554661549\">Willkommen in unserem Museumsshop!<\/h1>\n\n\n\n<p class=\"has-wpbf-palette-color-1-color has-text-color has-link-color wp-elements-566c369148750413eecaa16f26fbb6df\">Egal ob exklusive K\u00f6ln-Poster oder K\u00f6ln-Magnete, Dom-B\u00fcroklammern, unsere k\u00f6lschen Duftkerzen oder unsere \u201eTrink doch ene met\u201c-K\u00f6lschglas-Edition: Bei uns findet ihr K\u00f6ln-Souvenirs, die es nicht an jeder Ecke gibt!<\/p>\n\n\n\n<p>F\u00fcr Hobbyb\u00e4cker*innen gibt\u2019s die Dom-Backform, f\u00fcr Suppenliebhaber*innen den Dom-Kochl\u00f6ffel (samt Rezeptpostkarten) und f\u00fcr Puzzle-Fans unser spektakul\u00e4res 1000-Teile-Puzzle mit Dom-Motiv. <br><br>Erg\u00e4nzt wird das Sortiment durch spannende B\u00fccher zur K\u00f6lner Geschichte.<\/p>\n\n\n\n<p class=\"has-wpbf-palette-color-1-color has-text-color has-link-color wp-elements-9cd21b997d397170a86c5eda2c6a0f24\">Egal, ob ihr Geschenke sucht oder euch selbst eine Freude machen wollt \u2013 bei uns werdet ihr auf jeden Fall f\u00fcndig.<br><br>Kommt vorbei und nehmt ein St\u00fcck K\u00f6ln mit nach Hause. Wir freuen uns auf euch!<\/p>\n\n\n\n<hr class=\"wp-block-separator has-alpha-channel-opacity is-style-wide\"\/>\n\n\n\n<figure class=\"wp-block-gallery has-nested-images columns-default is-cropped wp-block-gallery-1 is-layout-flex wp-block-gallery-is-layout-flex\">\n<figure class=\"wp-block-image size-large\"><img decoding=\"async\" width=\"1024\" height=\"682\" data-id=\"15504\" src=\"https:\/\/www.koelnisches-stadtmuseum.de\/wp-content\/uploads\/2024\/12\/2024-12-02-ConstantinEhrchen-KSM-22-1024x682.jpg\" alt=\"Das Bild gibt einen Einblick in den Museumshop, mit Magneten, Poster, Kochl\u00f6ffeln, B\u00fcchern und Schl\u00fcsselanh\u00e4ngern\" class=\"wp-image-15504\" srcset=\"https:\/\/www.koelnisches-stadtmuseum.de\/wp-content\/uploads\/2024\/12\/2024-12-02-ConstantinEhrchen-KSM-22-1024x682.jpg 1024w, https:\/\/www.koelnisches-stadtmuseum.de\/wp-content\/uploads\/2024\/12\/2024-12-02-ConstantinEhrchen-KSM-22-300x200.jpg 300w, https:\/\/www.koelnisches-stadtmuseum.de\/wp-content\/uploads\/2024\/12\/2024-12-02-ConstantinEhrchen-KSM-22-768x512.jpg 768w, https:\/\/www.koelnisches-stadtmuseum.de\/wp-content\/uploads\/2024\/12\/2024-12-02-ConstantinEhrchen-KSM-22-1536x1024.jpg 1536w, https:\/\/www.koelnisches-stadtmuseum.de\/wp-content\/uploads\/2024\/12\/2024-12-02-ConstantinEhrchen-KSM-22-600x400.jpg 600w, https:\/\/www.koelnisches-stadtmuseum.de\/wp-content\/uploads\/2024\/12\/2024-12-02-ConstantinEhrchen-KSM-22-488x325.jpg 488w, https:\/\/www.koelnisches-stadtmuseum.de\/wp-content\/uploads\/2024\/12\/2024-12-02-ConstantinEhrchen-KSM-22-620x413.jpg 620w, https:\/\/www.koelnisches-stadtmuseum.de\/wp-content\/uploads\/2024\/12\/2024-12-02-ConstantinEhrchen-KSM-22.jpg 2000w\" sizes=\"(max-width: 1024px) 100vw, 1024px\" \/><\/figure>\n\n\n\n<figure class=\"wp-block-image size-large\"><img decoding=\"async\" width=\"1024\" height=\"682\" data-id=\"15498\" src=\"https:\/\/www.koelnisches-stadtmuseum.de\/wp-content\/uploads\/2024\/12\/2024-12-02-ConstantinEhrchen-KSM-19-1024x682.jpg\" alt=\"Einblick in den Museumshop, mit Magneten, Poster, Kochl\u00f6ffeln, B\u00fcchern, Schl\u00fcsselanh\u00e4ngern und vielem mehr.\" class=\"wp-image-15498\" srcset=\"https:\/\/www.koelnisches-stadtmuseum.de\/wp-content\/uploads\/2024\/12\/2024-12-02-ConstantinEhrchen-KSM-19-1024x682.jpg 1024w, https:\/\/www.koelnisches-stadtmuseum.de\/wp-content\/uploads\/2024\/12\/2024-12-02-ConstantinEhrchen-KSM-19-300x200.jpg 300w, https:\/\/www.koelnisches-stadtmuseum.de\/wp-content\/uploads\/2024\/12\/2024-12-02-ConstantinEhrchen-KSM-19-768x512.jpg 768w, https:\/\/www.koelnisches-stadtmuseum.de\/wp-content\/uploads\/2024\/12\/2024-12-02-ConstantinEhrchen-KSM-19-1536x1024.jpg 1536w, https:\/\/www.koelnisches-stadtmuseum.de\/wp-content\/uploads\/2024\/12\/2024-12-02-ConstantinEhrchen-KSM-19-600x400.jpg 600w, https:\/\/www.koelnisches-stadtmuseum.de\/wp-content\/uploads\/2024\/12\/2024-12-02-ConstantinEhrchen-KSM-19-488x325.jpg 488w, https:\/\/www.koelnisches-stadtmuseum.de\/wp-content\/uploads\/2024\/12\/2024-12-02-ConstantinEhrchen-KSM-19-620x413.jpg 620w, https:\/\/www.koelnisches-stadtmuseum.de\/wp-content\/uploads\/2024\/12\/2024-12-02-ConstantinEhrchen-KSM-19.jpg 2000w\" sizes=\"(max-width: 1024px) 100vw, 1024px\" \/><\/figure>\n\n\n\n<figure class=\"wp-block-image size-large\"><img decoding=\"async\" width=\"1024\" height=\"682\" data-id=\"15492\" src=\"https:\/\/www.koelnisches-stadtmuseum.de\/wp-content\/uploads\/2024\/12\/2024-12-02-ConstantinEhrchen-KSM-14-1024x682.jpg\" alt=\"Museumshop, mit Magneten, Poster, Kochl\u00f6ffeln, B\u00fcchern, Schl\u00fcsselanh\u00e4ngern und vielem mehr.\" class=\"wp-image-15492\" srcset=\"https:\/\/www.koelnisches-stadtmuseum.de\/wp-content\/uploads\/2024\/12\/2024-12-02-ConstantinEhrchen-KSM-14-1024x682.jpg 1024w, https:\/\/www.koelnisches-stadtmuseum.de\/wp-content\/uploads\/2024\/12\/2024-12-02-ConstantinEhrchen-KSM-14-300x200.jpg 300w, https:\/\/www.koelnisches-stadtmuseum.de\/wp-content\/uploads\/2024\/12\/2024-12-02-ConstantinEhrchen-KSM-14-768x512.jpg 768w, https:\/\/www.koelnisches-stadtmuseum.de\/wp-content\/uploads\/2024\/12\/2024-12-02-ConstantinEhrchen-KSM-14-1536x1024.jpg 1536w, https:\/\/www.koelnisches-stadtmuseum.de\/wp-content\/uploads\/2024\/12\/2024-12-02-ConstantinEhrchen-KSM-14-600x400.jpg 600w, https:\/\/www.koelnisches-stadtmuseum.de\/wp-content\/uploads\/2024\/12\/2024-12-02-ConstantinEhrchen-KSM-14-488x325.jpg 488w, https:\/\/www.koelnisches-stadtmuseum.de\/wp-content\/uploads\/2024\/12\/2024-12-02-ConstantinEhrchen-KSM-14-620x413.jpg 620w, https:\/\/www.koelnisches-stadtmuseum.de\/wp-content\/uploads\/2024\/12\/2024-12-02-ConstantinEhrchen-KSM-14.jpg 2000w\" sizes=\"(max-width: 1024px) 100vw, 1024px\" \/><\/figure>\n\n\n\n<figure class=\"wp-block-image size-large\"><img decoding=\"async\" width=\"1024\" height=\"682\" data-id=\"15489\" src=\"https:\/\/www.koelnisches-stadtmuseum.de\/wp-content\/uploads\/2024\/12\/2024-12-02-ConstantinEhrchen-KSM-13-1024x682.jpg\" alt=\"Einblick in den Museumshop, mit Magneten, Poster, Kochl\u00f6ffeln, B\u00fcchern, Schl\u00fcsselanh\u00e4ngern und vielem mehr.\" class=\"wp-image-15489\" srcset=\"https:\/\/www.koelnisches-stadtmuseum.de\/wp-content\/uploads\/2024\/12\/2024-12-02-ConstantinEhrchen-KSM-13-1024x682.jpg 1024w, https:\/\/www.koelnisches-stadtmuseum.de\/wp-content\/uploads\/2024\/12\/2024-12-02-ConstantinEhrchen-KSM-13-300x200.jpg 300w, https:\/\/www.koelnisches-stadtmuseum.de\/wp-content\/uploads\/2024\/12\/2024-12-02-ConstantinEhrchen-KSM-13-768x512.jpg 768w, https:\/\/www.koelnisches-stadtmuseum.de\/wp-content\/uploads\/2024\/12\/2024-12-02-ConstantinEhrchen-KSM-13-1536x1024.jpg 1536w, https:\/\/www.koelnisches-stadtmuseum.de\/wp-content\/uploads\/2024\/12\/2024-12-02-ConstantinEhrchen-KSM-13-600x400.jpg 600w, https:\/\/www.koelnisches-stadtmuseum.de\/wp-content\/uploads\/2024\/12\/2024-12-02-ConstantinEhrchen-KSM-13-488x325.jpg 488w, https:\/\/www.koelnisches-stadtmuseum.de\/wp-content\/uploads\/2024\/12\/2024-12-02-ConstantinEhrchen-KSM-13-620x413.jpg 620w, https:\/\/www.koelnisches-stadtmuseum.de\/wp-content\/uploads\/2024\/12\/2024-12-02-ConstantinEhrchen-KSM-13.jpg 2000w\" sizes=\"(max-width: 1024px) 100vw, 1024px\" \/><\/figure>\n\n\n\n<figure class=\"wp-block-image size-large\"><img decoding=\"async\" width=\"1024\" height=\"682\" data-id=\"15486\" src=\"https:\/\/www.koelnisches-stadtmuseum.de\/wp-content\/uploads\/2024\/12\/2024-12-02-ConstantinEhrchen-KSM-11-1-1024x682.jpg\" alt=\"Unser Museumshop, mit Magneten, Poster, Kochl\u00f6ffeln, B\u00fcchern, Schl\u00fcsselanh\u00e4ngern und vielem mehr.\" class=\"wp-image-15486\" srcset=\"https:\/\/www.koelnisches-stadtmuseum.de\/wp-content\/uploads\/2024\/12\/2024-12-02-ConstantinEhrchen-KSM-11-1-1024x682.jpg 1024w, https:\/\/www.koelnisches-stadtmuseum.de\/wp-content\/uploads\/2024\/12\/2024-12-02-ConstantinEhrchen-KSM-11-1-300x200.jpg 300w, https:\/\/www.koelnisches-stadtmuseum.de\/wp-content\/uploads\/2024\/12\/2024-12-02-ConstantinEhrchen-KSM-11-1-768x512.jpg 768w, https:\/\/www.koelnisches-stadtmuseum.de\/wp-content\/uploads\/2024\/12\/2024-12-02-ConstantinEhrchen-KSM-11-1-1536x1024.jpg 1536w, https:\/\/www.koelnisches-stadtmuseum.de\/wp-content\/uploads\/2024\/12\/2024-12-02-ConstantinEhrchen-KSM-11-1-600x400.jpg 600w, https:\/\/www.koelnisches-stadtmuseum.de\/wp-content\/uploads\/2024\/12\/2024-12-02-ConstantinEhrchen-KSM-11-1-488x325.jpg 488w, https:\/\/www.koelnisches-stadtmuseum.de\/wp-content\/uploads\/2024\/12\/2024-12-02-ConstantinEhrchen-KSM-11-1-620x413.jpg 620w, https:\/\/www.koelnisches-stadtmuseum.de\/wp-content\/uploads\/2024\/12\/2024-12-02-ConstantinEhrchen-KSM-11-1.jpg 2000w\" sizes=\"(max-width: 1024px) 100vw, 1024px\" \/><\/figure>\n\n\n\n<figure class=\"wp-block-image size-large\"><img decoding=\"async\" width=\"1024\" height=\"682\" data-id=\"15483\" src=\"https:\/\/www.koelnisches-stadtmuseum.de\/wp-content\/uploads\/2024\/12\/2024-12-02-ConstantinEhrchen-KSM-9-1024x682.jpg\" alt=\"Unser Museumshop, mit Magneten, Poster, Kochl\u00f6ffeln, B\u00fcchern, Schl\u00fcsselanh\u00e4ngern und vielem mehr.\" class=\"wp-image-15483\" srcset=\"https:\/\/www.koelnisches-stadtmuseum.de\/wp-content\/uploads\/2024\/12\/2024-12-02-ConstantinEhrchen-KSM-9-1024x682.jpg 1024w, https:\/\/www.koelnisches-stadtmuseum.de\/wp-content\/uploads\/2024\/12\/2024-12-02-ConstantinEhrchen-KSM-9-300x200.jpg 300w, https:\/\/www.koelnisches-stadtmuseum.de\/wp-content\/uploads\/2024\/12\/2024-12-02-ConstantinEhrchen-KSM-9-768x512.jpg 768w, https:\/\/www.koelnisches-stadtmuseum.de\/wp-content\/uploads\/2024\/12\/2024-12-02-ConstantinEhrchen-KSM-9-1536x1024.jpg 1536w, https:\/\/www.koelnisches-stadtmuseum.de\/wp-content\/uploads\/2024\/12\/2024-12-02-ConstantinEhrchen-KSM-9-600x400.jpg 600w, https:\/\/www.koelnisches-stadtmuseum.de\/wp-content\/uploads\/2024\/12\/2024-12-02-ConstantinEhrchen-KSM-9-488x325.jpg 488w, https:\/\/www.koelnisches-stadtmuseum.de\/wp-content\/uploads\/2024\/12\/2024-12-02-ConstantinEhrchen-KSM-9-620x413.jpg 620w, https:\/\/www.koelnisches-stadtmuseum.de\/wp-content\/uploads\/2024\/12\/2024-12-02-ConstantinEhrchen-KSM-9.jpg 2000w\" sizes=\"(max-width: 1024px) 100vw, 1024px\" \/><\/figure>\n\n\n\n<figure class=\"wp-block-image size-large\"><img decoding=\"async\" width=\"1024\" height=\"682\" data-id=\"15480\" src=\"https:\/\/www.koelnisches-stadtmuseum.de\/wp-content\/uploads\/2024\/12\/2024-12-02-ConstantinEhrchen-KSM-5-1024x682.jpg\" alt=\"Unser Museumshop, mit Magneten, Poster, Kochl\u00f6ffeln, B\u00fcchern, Schl\u00fcsselanh\u00e4ngern und vielem mehr.\" class=\"wp-image-15480\" srcset=\"https:\/\/www.koelnisches-stadtmuseum.de\/wp-content\/uploads\/2024\/12\/2024-12-02-ConstantinEhrchen-KSM-5-1024x682.jpg 1024w, https:\/\/www.koelnisches-stadtmuseum.de\/wp-content\/uploads\/2024\/12\/2024-12-02-ConstantinEhrchen-KSM-5-300x200.jpg 300w, https:\/\/www.koelnisches-stadtmuseum.de\/wp-content\/uploads\/2024\/12\/2024-12-02-ConstantinEhrchen-KSM-5-768x512.jpg 768w, https:\/\/www.koelnisches-stadtmuseum.de\/wp-content\/uploads\/2024\/12\/2024-12-02-ConstantinEhrchen-KSM-5-1536x1024.jpg 1536w, https:\/\/www.koelnisches-stadtmuseum.de\/wp-content\/uploads\/2024\/12\/2024-12-02-ConstantinEhrchen-KSM-5-600x400.jpg 600w, https:\/\/www.koelnisches-stadtmuseum.de\/wp-content\/uploads\/2024\/12\/2024-12-02-ConstantinEhrchen-KSM-5-488x325.jpg 488w, https:\/\/www.koelnisches-stadtmuseum.de\/wp-content\/uploads\/2024\/12\/2024-12-02-ConstantinEhrchen-KSM-5-620x413.jpg 620w, https:\/\/www.koelnisches-stadtmuseum.de\/wp-content\/uploads\/2024\/12\/2024-12-02-ConstantinEhrchen-KSM-5.jpg 2000w\" sizes=\"(max-width: 1024px) 100vw, 1024px\" \/><\/figure>\n\n\n\n<figure class=\"wp-block-image size-large\"><img decoding=\"async\" width=\"1024\" height=\"682\" data-id=\"15477\" src=\"https:\/\/www.koelnisches-stadtmuseum.de\/wp-content\/uploads\/2024\/12\/2024-12-02-ConstantinEhrchen-KSM-3-1024x682.jpg\" alt=\"Unser Museumshop, mit Magneten, Poster, Kochl\u00f6ffeln, B\u00fcchern, Schl\u00fcsselanh\u00e4ngern und vielem mehr.\" class=\"wp-image-15477\" srcset=\"https:\/\/www.koelnisches-stadtmuseum.de\/wp-content\/uploads\/2024\/12\/2024-12-02-ConstantinEhrchen-KSM-3-1024x682.jpg 1024w, https:\/\/www.koelnisches-stadtmuseum.de\/wp-content\/uploads\/2024\/12\/2024-12-02-ConstantinEhrchen-KSM-3-300x200.jpg 300w, https:\/\/www.koelnisches-stadtmuseum.de\/wp-content\/uploads\/2024\/12\/2024-12-02-ConstantinEhrchen-KSM-3-768x512.jpg 768w, https:\/\/www.koelnisches-stadtmuseum.de\/wp-content\/uploads\/2024\/12\/2024-12-02-ConstantinEhrchen-KSM-3-1536x1024.jpg 1536w, https:\/\/www.koelnisches-stadtmuseum.de\/wp-content\/uploads\/2024\/12\/2024-12-02-ConstantinEhrchen-KSM-3-600x400.jpg 600w, https:\/\/www.koelnisches-stadtmuseum.de\/wp-content\/uploads\/2024\/12\/2024-12-02-ConstantinEhrchen-KSM-3-488x325.jpg 488w, https:\/\/www.koelnisches-stadtmuseum.de\/wp-content\/uploads\/2024\/12\/2024-12-02-ConstantinEhrchen-KSM-3-620x413.jpg 620w, https:\/\/www.koelnisches-stadtmuseum.de\/wp-content\/uploads\/2024\/12\/2024-12-02-ConstantinEhrchen-KSM-3.jpg 2000w\" sizes=\"(max-width: 1024px) 100vw, 1024px\" \/><\/figure>\n\n\n\n<figure class=\"wp-block-image size-large\"><img decoding=\"async\" width=\"1024\" height=\"682\" data-id=\"15474\" src=\"https:\/\/www.koelnisches-stadtmuseum.de\/wp-content\/uploads\/2024\/12\/2024-12-02-ConstantinEhrchen-KSM-2-1024x682.jpg\" alt=\"Einblick in den Museumshop, mit Magneten, Poster, Kochl\u00f6ffeln, B\u00fcchern, Schl\u00fcsselanh\u00e4ngern und vielem mehr.\" class=\"wp-image-15474\" srcset=\"https:\/\/www.koelnisches-stadtmuseum.de\/wp-content\/uploads\/2024\/12\/2024-12-02-ConstantinEhrchen-KSM-2-1024x682.jpg 1024w, https:\/\/www.koelnisches-stadtmuseum.de\/wp-content\/uploads\/2024\/12\/2024-12-02-ConstantinEhrchen-KSM-2-300x200.jpg 300w, https:\/\/www.koelnisches-stadtmuseum.de\/wp-content\/uploads\/2024\/12\/2024-12-02-ConstantinEhrchen-KSM-2-768x512.jpg 768w, https:\/\/www.koelnisches-stadtmuseum.de\/wp-content\/uploads\/2024\/12\/2024-12-02-ConstantinEhrchen-KSM-2-1536x1024.jpg 1536w, https:\/\/www.koelnisches-stadtmuseum.de\/wp-content\/uploads\/2024\/12\/2024-12-02-ConstantinEhrchen-KSM-2-600x400.jpg 600w, https:\/\/www.koelnisches-stadtmuseum.de\/wp-content\/uploads\/2024\/12\/2024-12-02-ConstantinEhrchen-KSM-2-488x325.jpg 488w, https:\/\/www.koelnisches-stadtmuseum.de\/wp-content\/uploads\/2024\/12\/2024-12-02-ConstantinEhrchen-KSM-2-620x413.jpg 620w, https:\/\/www.koelnisches-stadtmuseum.de\/wp-content\/uploads\/2024\/12\/2024-12-02-ConstantinEhrchen-KSM-2.jpg 2000w\" sizes=\"(max-width: 1024px) 100vw, 1024px\" \/><\/figure>\n\n\n\n<figure class=\"wp-block-image size-large\"><img decoding=\"async\" width=\"1024\" height=\"623\" data-id=\"15515\" src=\"https:\/\/www.koelnisches-stadtmuseum.de\/wp-content\/uploads\/2024\/12\/2024-12-02-ConstantinEhrchen-KSM-1-besch-1024x623.jpg\" alt=\"\" class=\"wp-image-15515\" srcset=\"https:\/\/www.koelnisches-stadtmuseum.de\/wp-content\/uploads\/2024\/12\/2024-12-02-ConstantinEhrchen-KSM-1-besch-1024x623.jpg 1024w, https:\/\/www.koelnisches-stadtmuseum.de\/wp-content\/uploads\/2024\/12\/2024-12-02-ConstantinEhrchen-KSM-1-besch-300x182.jpg 300w, https:\/\/www.koelnisches-stadtmuseum.de\/wp-content\/uploads\/2024\/12\/2024-12-02-ConstantinEhrchen-KSM-1-besch-768x467.jpg 768w, https:\/\/www.koelnisches-stadtmuseum.de\/wp-content\/uploads\/2024\/12\/2024-12-02-ConstantinEhrchen-KSM-1-besch-1536x934.jpg 1536w, https:\/\/www.koelnisches-stadtmuseum.de\/wp-content\/uploads\/2024\/12\/2024-12-02-ConstantinEhrchen-KSM-1-besch-534x325.jpg 534w, https:\/\/www.koelnisches-stadtmuseum.de\/wp-content\/uploads\/2024\/12\/2024-12-02-ConstantinEhrchen-KSM-1-besch-620x377.jpg 620w, https:\/\/www.koelnisches-stadtmuseum.de\/wp-content\/uploads\/2024\/12\/2024-12-02-ConstantinEhrchen-KSM-1-besch-600x365.jpg 600w, https:\/\/www.koelnisches-stadtmuseum.de\/wp-content\/uploads\/2024\/12\/2024-12-02-ConstantinEhrchen-KSM-1-besch.jpg 1897w\" sizes=\"(max-width: 1024px) 100vw, 1024px\" \/><\/figure>\n<\/figure>\n\n\n\n<p>Alle Fotos: C. Ehrchen<\/p>\n","protected":false},"excerpt":{"rendered":"<p>Willkommen in unserem Museumsshop! Egal ob exklusive K\u00f6ln-Poster oder K\u00f6ln-Magnete, Dom-B\u00fcroklammern, unsere k\u00f6lschen Duftkerzen oder unsere \u201eTrink doch ene met\u201c-K\u00f6lschglas-Edition: Bei uns findet ihr K\u00f6ln-Souvenirs, die es nicht an jeder Ecke gibt! F\u00fcr Hobbyb\u00e4cker*innen gibt\u2019s&#8230;<\/p>\n","protected":false},"author":7,"featured_media":15539,"parent":6197,"menu_order":0,"comment_status":"closed","ping_status":"closed","template":"","meta":{"_acf_changed":false,"footnotes":""},"class_list":["post-15658","page","type-page","status-publish","has-post-thumbnail","hentry","wpbf-post"],"acf":[],"_links":{"self":[{"href":"https:\/\/www.koelnisches-stadtmuseum.de\/en\/wp-json\/wp\/v2\/pages\/15658","targetHints":{"allow":["GET"]}}],"collection":[{"href":"https:\/\/www.koelnisches-stadtmuseum.de\/en\/wp-json\/wp\/v2\/pages"}],"about":[{"href":"https:\/\/www.koelnisches-stadtmuseum.de\/en\/wp-json\/wp\/v2\/types\/page"}],"author":[{"embeddable":true,"href":"https:\/\/www.koelnisches-stadtmuseum.de\/en\/wp-json\/wp\/v2\/users\/7"}],"replies":[{"embeddable":true,"href":"https:\/\/www.koelnisches-stadtmuseum.de\/en\/wp-json\/wp\/v2\/comments?post=15658"}],"version-history":[{"count":1,"href":"https:\/\/www.koelnisches-stadtmuseum.de\/en\/wp-json\/wp\/v2\/pages\/15658\/revisions"}],"predecessor-version":[{"id":15659,"href":"https:\/\/www.koelnisches-stadtmuseum.de\/en\/wp-json\/wp\/v2\/pages\/15658\/revisions\/15659"}],"up":[{"embeddable":true,"href":"https:\/\/www.koelnisches-stadtmuseum.de\/en\/wp-json\/wp\/v2\/pages\/6197"}],"wp:featuredmedia":[{"embeddable":true,"href":"https:\/\/www.koelnisches-stadtmuseum.de\/en\/wp-json\/wp\/v2\/media\/15539"}],"wp:attachment":[{"href":"https:\/\/www.koelnisches-stadtmuseum.de\/en\/wp-json\/wp\/v2\/media?parent=15658"}],"curies":[{"name":"wp","href":"https:\/\/api.w.org\/{rel}","templated":true}]}}