{"id":14273,"date":"2024-05-17T20:06:09","date_gmt":"2024-05-17T18:06:09","guid":{"rendered":"https:\/\/www.koelnisches-stadtmuseum.de\/?page_id=14273"},"modified":"2025-11-11T16:42:21","modified_gmt":"2025-11-11T15:42:21","slug":"newsticker-1","status":"publish","type":"page","link":"https:\/\/www.koelnisches-stadtmuseum.de\/en\/newsticker-1\/","title":{"rendered":"Newsticker"},"content":{"rendered":"\n<div style=\"height:100px\" aria-hidden=\"true\" class=\"wp-block-spacer\"><\/div>\n\n\n\n<h1 class=\"wp-block-heading has-wpbf-palette-color-4-color has-text-color has-link-color wp-elements-6396e717b93ee9bb7d17c53cb9397fc9\">Living Library: Migration Experience, <br>Tuesday, November 25, 2025 | 6:00 p.m.<\/h1>\n\n\n\n<h2 class=\"wp-block-heading\">Veranstaltung in Kooperation mit dem B\u00fcro f\u00fcr Europa und Internationales der Stadt K\u00f6ln und dem AmerikaHaus NRW e. V. <\/h2>\n\n\n\n<div class=\"wp-block-columns is-layout-flex wp-container-core-columns-is-layout-28f84493 wp-block-columns-is-layout-flex\">\n<div class=\"wp-block-column is-layout-flow wp-block-column-is-layout-flow\">\n<p><strong>This event will be held in both English and German, depending on the &#8220;book&#8217;s&#8221; preference<\/strong>! <br><br>Have you ever imagined borrowing a person instead of a book? That\u2019s exactly what the Living Library does! In this interactive format, people share their personal stories in small-group conversations \u2014 inviting others to listen, ask questions, and reflect.<\/p>\n\n\n\n<p>In public discussions, migration is often addressed in an abstract, politicized, or problem-oriented way. This makes it all the more valuable to give voice to people\u2019s personal stories. The Living Library provides an ideal framework for this: instead of talking about \u201cmigrants,\u201d people with migration experience themselves are heard. This creates direct encounters that help break down stereotypes and prejudices, foster empathy, and build understanding for individual life paths.&nbsp;<\/p>\n<\/div>\n\n\n\n<div class=\"wp-block-column is-layout-flow wp-block-column-is-layout-flow\">\n<figure class=\"wp-block-image size-full is-resized\"><img decoding=\"async\" width=\"500\" height=\"503\" src=\"https:\/\/www.koelnisches-stadtmuseum.de\/wp-content\/uploads\/2025\/11\/Library_books.jpg\" alt=\"\" class=\"wp-image-17072\" style=\"width:auto;height:600px\" srcset=\"https:\/\/www.koelnisches-stadtmuseum.de\/wp-content\/uploads\/2025\/11\/Library_books.jpg 500w, https:\/\/www.koelnisches-stadtmuseum.de\/wp-content\/uploads\/2025\/11\/Library_books-298x300.jpg 298w, https:\/\/www.koelnisches-stadtmuseum.de\/wp-content\/uploads\/2025\/11\/Library_books-150x150.jpg 150w, https:\/\/www.koelnisches-stadtmuseum.de\/wp-content\/uploads\/2025\/11\/Library_books-323x325.jpg 323w, https:\/\/www.koelnisches-stadtmuseum.de\/wp-content\/uploads\/2025\/11\/Library_books-120x120.jpg 120w\" sizes=\"(max-width: 500px) 100vw, 500px\" \/><figcaption class=\"wp-element-caption\"><a href=\"https:\/\/en.wikipedia.org\/wiki\/User:Pouya_sh\">Pouya sh<\/a><\/figcaption><\/figure>\n<\/div>\n<\/div>\n\n\n\n<p><strong>Regristration: info@amerikahaus-nrw.de<\/strong><\/p>\n\n\n\n<hr class=\"wp-block-separator has-alpha-channel-opacity is-style-wide\"\/>\n\n\n\n<p><strong>You will get the chance to speak with:<\/strong><\/p>\n\n\n\n<p>An American who left the U.S. in 2002 and again in 2019, seeking community, and spaces for artistic and cultural work in times of social change.<\/p>\n\n\n\n<p>A first-generation American with Jewish-German roots whose family fled Cologne in 1938, now exploring identity and remembrance between Germany and the U.S.<\/p>\n\n\n\n<p>A mother who arrived from Dnipro, Ukraine, with her daughter six months ago and is now building a new life through school, language learning, and connections.<\/p>\n\n\n\n<p>A queer person from the Middle East sharing their journey of discovering and embracing their identity, and what freedom has come to mean along the way.<\/p>\n\n\n\n<p>A former guest worker who came to Cologne in 1966 as part of the first generation of Turkish labor migrants, later working as a social counselor and engineer.<br><br><\/p>\n","protected":false},"excerpt":{"rendered":"<p>An diesem besondern Datum k\u00f6nnt ihr in unserem neuen Museum den ganzen Tag an unterschiedlichen Aktionen rund um das Thema Vielfalt teilnehmen.<\/p>\n","protected":false},"author":7,"featured_media":0,"parent":0,"menu_order":0,"comment_status":"closed","ping_status":"closed","template":"","meta":{"_acf_changed":false,"footnotes":""},"class_list":["post-14273","page","type-page","status-publish","hentry","wpbf-post"],"acf":[],"_links":{"self":[{"href":"https:\/\/www.koelnisches-stadtmuseum.de\/en\/wp-json\/wp\/v2\/pages\/14273","targetHints":{"allow":["GET"]}}],"collection":[{"href":"https:\/\/www.koelnisches-stadtmuseum.de\/en\/wp-json\/wp\/v2\/pages"}],"about":[{"href":"https:\/\/www.koelnisches-stadtmuseum.de\/en\/wp-json\/wp\/v2\/types\/page"}],"author":[{"embeddable":true,"href":"https:\/\/www.koelnisches-stadtmuseum.de\/en\/wp-json\/wp\/v2\/users\/7"}],"replies":[{"embeddable":true,"href":"https:\/\/www.koelnisches-stadtmuseum.de\/en\/wp-json\/wp\/v2\/comments?post=14273"}],"version-history":[{"count":94,"href":"https:\/\/www.koelnisches-stadtmuseum.de\/en\/wp-json\/wp\/v2\/pages\/14273\/revisions"}],"predecessor-version":[{"id":17081,"href":"https:\/\/www.koelnisches-stadtmuseum.de\/en\/wp-json\/wp\/v2\/pages\/14273\/revisions\/17081"}],"wp:attachment":[{"href":"https:\/\/www.koelnisches-stadtmuseum.de\/en\/wp-json\/wp\/v2\/media?parent=14273"}],"curies":[{"name":"wp","href":"https:\/\/api.w.org\/{rel}","templated":true}]}}