{"id":11703,"date":"2024-02-21T00:29:40","date_gmt":"2024-02-20T23:29:40","guid":{"rendered":"https:\/\/www.koelnisches-stadtmuseum.de\/?page_id=11703"},"modified":"2026-04-21T14:57:07","modified_gmt":"2026-04-21T12:57:07","slug":"tag-des-offenen-denkmals-2024-datenschutzinformationen","status":"publish","type":"page","link":"https:\/\/www.koelnisches-stadtmuseum.de\/en\/tag-des-offenen-denkmals-2024-datenschutzinformationen\/","title":{"rendered":"Tag des offenen Denkmals\u00ae 2026: Datenschutzinformationen f\u00fcr Veranstalter*innen und F\u00fchrende\/Mitwirkende"},"content":{"rendered":"\n<p>Mit diesen verfahrensspezifischen Datenschutz-Informationen geben wir Ihnen eine \u00dcbersicht zu der Verwendung Ihrer personenbezogenen Daten nach den Regelungen der<br>EU-Datenschutzgrundverordnung (Art. 13, 14 DSGVO).<\/p>\n\n\n\n<ol class=\"wp-block-list\">\n<li>Datenschutzinformationen f\u00fcr Veranstalter*innen<\/li>\n\n\n\n<li>Datenschutzinformationen f\u00fcr F\u00fchrende\/Mitwirkende<\/li>\n\n\n\n<li>Informationen zur Speicherung, zur verantwortlichen Stelle und zu Ihren Rechten als betroffene Person<\/li>\n<\/ol>\n\n\n\n<p><strong><u>1. Datenschutzinformationen f\u00fcr Veranstalter*innen<\/u><\/strong><\/p>\n\n\n\n<p><strong>Zweck und Rechtsgrundlage der Datenverarbeitung bei Anmeldung einer Veranstaltung<\/strong><strong>:<\/strong><br>Zum Zwecke der Anmeldung und Ihrer Teilnahme am Tag des offenen Denkmals<strong>\u00ae<\/strong> in K\u00f6ln sowie der administrativen Bearbeitung, Organisation und Durchf\u00fchrung des Programms verarbeiten (erheben und speichern) wir personenbezogene Daten von Ihnen. U.a. ben\u00f6tigen wir Ihre personenbezogenen Daten, um mit Ihnen bei R\u00fcckfragen zu der von Ihnen angebotenen Veranstaltung in Kontakt treten zu k\u00f6nnen.<\/p>\n\n\n\n<p>Sofern Sie dem zugestimmt haben, verarbeiten wir dar\u00fcber hinaus Ihre personenbezogenen Daten zu dem Zweck, Sie \u00fcber Folgeveranstaltungen informieren zu k\u00f6nnen.<\/p>\n\n\n\n<p>Die rechtliche Grundlagef\u00fcr die Verarbeitung Ihrer Datenist Ihre Einwilligung (vgl. Art. 6 Abs. 1 S.1 Buchstabe a, Art. 7 DSGVO).<\/p>\n\n\n\n<p>Ihre Einwilligung in die Datenverarbeitung k\u00f6nnen Sie jederzeit zur\u00fccknehmen, allerdings m\u00fcssen wir Sie darauf hinweisen, dass, bezogen auf Ihre Anmeldung einer Veranstaltung zum Tag des offenen Denkmals<strong>\u00ae<\/strong>, in diesem Fall Ihre Teilnahme nicht m\u00f6glich ist.<br><br><strong>Art der personenbezogenen Daten\/Datenkategorien:<br><\/strong>Wir verarbeiten folgende Daten von Ihnen:<\/p>\n\n\n\n<ul class=\"wp-block-list\">\n<li>Titel, Vorname, Name<\/li>\n\n\n\n<li>E-Mail-Adresse<\/li>\n\n\n\n<li>Postadresse<\/li>\n\n\n\n<li>Telefon-Nummer<\/li>\n\n\n\n<li>Ihre Veranstaltungsangebote (Inhalte, Termine und Orte)<\/li>\n<\/ul>\n\n\n\n<p><strong>Weitergabe und Empf\u00e4nger personenbezogener Daten:<\/strong><\/p>\n\n\n\n<p>Ihre personenbezogenen Daten werden nicht an Dritte weitergegeben, es sei denn, Sie wirken selbst an einer Veranstaltung im Rahmen des Tags des offenen Denkmals<strong>\u00ae<\/strong> mit: In diesem Fall wird Ihr vollst\u00e4ndiger Name im Programm (gedruckt und digital) ver\u00f6ffentlicht. Bitte beachten Sie, dass, sofern Ihre Postanschrift mit der Adresse des Denkmals identisch ist, diese Daten ebenfalls im Programm ver\u00f6ffentlicht werden.<\/p>\n\n\n\n<p>Ihre Daten werden nicht gesammelt und ausgewertet, um Pers\u00f6nlichkeits-, Verhaltens-, Bewegungsprofile o. \u00c4. von Ihnen zu erstellen, d. h. es findet <strong>kein<\/strong> <strong>Profiling<\/strong> statt.<\/p>\n\n\n\n<p><strong><u>2. Datenschutzinformationen f\u00fcr F\u00fchrende\/Mitwirkende am Tag des offenen Denkmals<sup>\u00ae<\/sup><\/u><\/strong><\/p>\n\n\n\n<p><strong>Zweck und Rechtsgrundlage der Datenverarbeitung:<br><\/strong>Im Rahmen Ihrer Mitwirkung am Tag des offenen Denkmals\u00ae in K\u00f6ln verarbeiten wir personenbezogene Daten von Ihnen. Diese Datenverarbeitung (Erhebung und Speicherung) ist zum Zwecke der administrativen Bearbeitung, Organisation und Durchf\u00fchrung des Programms erforderlich. U.a. ben\u00f6tigen wir Ihre personenbezogenen Daten, um mit Ihnen bei R\u00fcckfragen zu der von Ihnen geleiteten Veranstaltung in Kontakt treten zu k\u00f6nnen.<\/p>\n\n\n\n<p>Sofern Sie dem zugestimmt haben, verarbeiten wir dar\u00fcber hinaus Ihre personenbezogenen Daten zu dem Zweck, Sie \u00fcber Folgeveranstaltungen informieren zu k\u00f6nnen.<\/p>\n\n\n\n<p>Die rechtliche Grundlagef\u00fcr die Verarbeitung Ihrer Datenist Ihre Einwilligung (vgl. Art. 6 Abs. 1 S.1 Buchstabe a, Art. 7 DSGVO).<\/p>\n\n\n\n<p>Ihre Einwilligung k\u00f6nnen Sie jederzeit zur\u00fccknehmen, allerdings m\u00fcssen wir Sie darauf hinweisen, dass, &#8211; bezogen auf die Datenverarbeitung, die im Zusammenhang mit Ihrem Angebot einer Veranstaltung zum Tag des offenen Denkmals\u00ae erforderlich ist -, in diesem Fall Ihre Mitwirkung nicht m\u00f6glich ist.<br><strong><br>Art der personenbezogenen Daten\/Datenkategorien:<\/strong><\/p>\n\n\n\n<p>Wir verarbeiten folgende Daten (<strong>Datenkategorien<\/strong>) von Ihnen:<\/p>\n\n\n\n<ul class=\"wp-block-list\">\n<li>Titel, Vorname, Name<\/li>\n\n\n\n<li>Kontaktdaten: Postanschrift, E-Mail, Telefonnummer<\/li>\n\n\n\n<li>Ihre Veranstaltungsangebote (Inhalte, Termine und Orte)<\/li>\n<\/ul>\n\n\n\n<p><strong>Weitergabe und Empf\u00e4nger personenbezogener Daten:<\/strong><\/p>\n\n\n\n<p>Ihr vollst\u00e4ndiger Name wird zur Ank\u00fcndigung und Beschreibung Ihres Veranstaltungsangebotes\/Ihrer F\u00fchrung im Programm zum Tag des offenen Denkmals\u00ae (gedruckt und digital) ver\u00f6ffentlicht.<\/p>\n\n\n\n<p>Alle \u00fcbrigen personenbezogenen Daten von Ihnen werden nicht an Dritte weitergegeben.<\/p>\n\n\n\n<p>Ihre Daten werden nicht gesammelt und ausgewertet, um Pers\u00f6nlichkeits-, Verhaltens-, Bewegungsprofile o. \u00c4. von Ihnen zu erstellen, d. h. es findet <strong>kein<\/strong> <strong>Profiling<\/strong> statt.<\/p>\n\n\n\n<p><strong><u>3. Informationen zur Speicherung, zur verantwortlichen Stelle und Ihren Rechten als von der Datenverarbeitung betroffenen Person<\/u><\/strong><\/p>\n\n\n\n<p><strong>Ort und Art der Speicherung:<\/strong><\/p>\n\n\n\n<p>Ihre Daten werden digital in einer Datei auf einem gesch\u00fctzten Speicherort im st\u00e4dtischen Computernetzwerk gespeichert. Zudem f\u00fchren wir derzeit auch noch erg\u00e4nzend einen analogen Verteiler in Papierform, der an einem sicheren und abgeschlossenen Ort im Dienstgeb\u00e4ude aufbewahrt wird. Zugriff auf die digital gespeicherten und analog gesammelten Daten haben nur die f\u00fcr die Organisation des Tags des offenen Denkmals<strong>\u00ae<\/strong> verantwortlichen Besch\u00e4ftigten.<\/p>\n\n\n\n<p><strong>Speicherdauer\/L\u00f6schung:<\/strong><\/p>\n\n\n\n<p>Ihre personenbezogenen Daten werden nach Abschluss der Veranstaltung f\u00fcnf Jahre gespeichert\/aufbewahrt und dann gel\u00f6scht bzw. vernichtet. Wenn Sie Ihre Einwilligung in die Datenverarbeitung zur\u00fccknehmen, erfolgt die L\u00f6schung Ihrer Daten umgehend.<\/p>\n\n\n\n<p><strong>Verantwortlicher f\u00fcr die Datenverarbeitung (verantwortliche Stelle nach Art. 4 Ziff. 7 DSGVO)<\/strong><\/p>\n\n\n\n<p>Stadt K\u00f6ln<br>K\u00f6lnisches Stadtmuseum<br>Kolumbahof 3<br>50667 K\u00f6ln<\/p>\n\n\n\n<p>E-Mail: ksm@stadt-koeln.de<br>Telefon:\u00a00221\/221-25789<\/p>\n\n\n\n<figure class=\"wp-block-table\"><table class=\"has-fixed-layout\"><tbody><tr><td>Wenn Sie Fragen zum Datenschutz haben, erreichen Sie den <strong>beh\u00f6rdlichen Datenschutzbeauftragten der Stadt K\u00f6ln <\/strong>wie folgt:<\/td><\/tr><\/tbody><\/table><\/figure>\n\n\n\n<p>Datenschutzbeauftragter der Stadt K\u00f6ln<br>Stadthaus Deutz \u2013 Westgeb\u00e4ude<br>Willy-Brandt-Platz 2<br>50679 K\u00f6ln<br>E-Mail: <a href=\"mailto:datenschutzbeauftragter@stadt-koeln.de\">datenschutzbeauftragter@stadt-koeln.de<\/a><br>Telefon: 0221\/221-22457 oder 0221\/ 221-24422<\/p>\n\n\n\n<p><strong>Ihre Rechte als von der Datenverarbeitung betroffene Person:<\/strong><\/p>\n\n\n\n<p>Sie haben das <strong>Recht:<\/strong><\/p>\n\n\n\n<ul class=\"wp-block-list\">\n<li><strong>Auskunft<\/strong> \u00fcber die bei uns gespeicherten Daten zu erhalten,<\/li>\n\n\n\n<li>eine Einwilligung (sofern erteilt) zu <strong>widerrufen<\/strong> oder der Verarbeitung Ihrer Daten zu<strong> widersprechen<\/strong>,<\/li>\n\n\n\n<li>dass unrichtige Daten \u00fcber Sie bei uns <strong>berichtigt<\/strong> werden,<\/li>\n\n\n\n<li>dass nicht mehr erforderliche Daten \u00fcber Sie bei uns <strong>gel\u00f6scht<\/strong> werden,<\/li>\n\n\n\n<li>dass unter bestimmten Bedingungen die Verarbeitung Ihrer Daten <strong>eingeschr\u00e4nkt<\/strong> wird und<\/li>\n\n\n\n<li>Ihre Daten in einem maschinenlesbaren Format zu erhalten (<strong>\u00dcbertragbarkeit<\/strong>).<\/li>\n<\/ul>\n\n\n\n<p>M\u00f6chten Sie eines Ihrer <strong>Rechte in Anspruch nehmen<\/strong>, dann wenden Sie sich bitte an den Verantwortlichen bzw. an den Datenschutzbeauftragten (siehe oben).<\/p>\n\n\n\n<p><br><strong>Wenn Sie der Ansicht sind, dass die Verarbeitung Ihrer Daten gegen das Datenschutzrecht verst\u00f6\u00dft oder Ihre datenschutzrechtlichen Anspr\u00fcche sonst in einer Weise verletzt worden sind, k\u00f6nnen Sie sich bei der Aufsichtsbeh\u00f6rde beschweren. In Nordrhein-Westfalen:<\/strong><\/p>\n\n\n\n<p><strong>Landesbeauftragte f\u00fcr Datenschutz und Informationsfreiheit Nordrhein-Westfalen Postfach 20 04 44<br>40102 D\u00fcsseldorf<\/strong><\/p>\n\n\n\n<p><strong>E-Mail: <\/strong><a href=\"mailto:poststelle@ldi.nrw.de\"><strong>poststelle@ldi.nrw.de<\/strong><\/a><strong><br>Telefon: 0211\/38424-0<\/strong><\/p>\n\n\n\n\n","protected":false},"excerpt":{"rendered":"<p>Mit diesen verfahrensspezifischen Datenschutz-Informationen geben wir Ihnen eine \u00dcbersicht zu der Verwendung Ihrer personenbezogenen Daten nach den Regelungen derEU-Datenschutzgrundverordnung (Art. 13, 14 DSGVO). 1. Datenschutzinformationen f\u00fcr Veranstalter*innen Zweck und Rechtsgrundlage der Datenverarbeitung bei Anmeldung einer&#8230;<\/p>\n","protected":false},"author":7,"featured_media":0,"parent":0,"menu_order":0,"comment_status":"closed","ping_status":"closed","template":"","meta":{"_acf_changed":false,"footnotes":""},"class_list":["post-11703","page","type-page","status-publish","hentry","wpbf-post"],"acf":[],"_links":{"self":[{"href":"https:\/\/www.koelnisches-stadtmuseum.de\/en\/wp-json\/wp\/v2\/pages\/11703","targetHints":{"allow":["GET"]}}],"collection":[{"href":"https:\/\/www.koelnisches-stadtmuseum.de\/en\/wp-json\/wp\/v2\/pages"}],"about":[{"href":"https:\/\/www.koelnisches-stadtmuseum.de\/en\/wp-json\/wp\/v2\/types\/page"}],"author":[{"embeddable":true,"href":"https:\/\/www.koelnisches-stadtmuseum.de\/en\/wp-json\/wp\/v2\/users\/7"}],"replies":[{"embeddable":true,"href":"https:\/\/www.koelnisches-stadtmuseum.de\/en\/wp-json\/wp\/v2\/comments?post=11703"}],"version-history":[{"count":6,"href":"https:\/\/www.koelnisches-stadtmuseum.de\/en\/wp-json\/wp\/v2\/pages\/11703\/revisions"}],"predecessor-version":[{"id":17800,"href":"https:\/\/www.koelnisches-stadtmuseum.de\/en\/wp-json\/wp\/v2\/pages\/11703\/revisions\/17800"}],"wp:attachment":[{"href":"https:\/\/www.koelnisches-stadtmuseum.de\/en\/wp-json\/wp\/v2\/media?parent=11703"}],"curies":[{"name":"wp","href":"https:\/\/api.w.org\/{rel}","templated":true}]}}